{"id":9986,"date":"2020-12-10T21:19:56","date_gmt":"2020-12-11T02:19:56","guid":{"rendered":"https:\/\/www.gksweb.com\/product\/o5-secundario-mixta\/"},"modified":"2024-01-03T12:15:50","modified_gmt":"2024-01-03T17:15:50","slug":"g5-montacargas-aparato-elevador","status":"publish","type":"product","link":"https:\/\/www.gksweb.com\/es\/product\/g5-montacargas-aparato-elevador\/","title":{"rendered":"Aparato elevador de montacargas G5"},"content":{"rendered":"<p>Levantar, mover y transportar con seguridad cargas pesadas alrededor de la propiedad de su empresa no es solo una cuesti\u00f3n de negocios cotidianos, tambi\u00e9n es una cuesti\u00f3n de seguridad y eficiencia. El gato de u\u00f1a para montacargas G5 de GKS-PERFEKT es ideal para instalaciones que necesitan administrar de manera experta una capacidad de carga de hasta 5\u00a0toneladas (11,000\u00a0lb) con facilidad.<\/p>\n<p>Dise\u00f1ado con soporte y estabilidad sobresalientes, el gato de u\u00f1a con sistema hidr\u00e1ulico aut\u00f3nomo G5 cuenta con tres posiciones de elevaci\u00f3n de la punta. La base y la placa superior soportan la capacidad de carga total, mientras que la v\u00e1lvula de escape facilita el descenso preciso y gradual.<\/p>\n<p>El G5 fue dise\u00f1ado para operar de manera segura en una variedad de diferentes instalaciones de fabricaci\u00f3n, talleres y otros sitios. Ya sea que el operador est\u00e9 trabajando en interiores o exteriores, la v\u00e1lvula de seguridad protege contra la sobrecarga, mientras que la punta de seguridad reforzada extendida con superficie acanalada evita que las cargas se deslicen durante la carga, el transporte o la descarga.<\/p>\n<p>La capacidad de carga del gato de u\u00f1a G5 se puede duplicar cuando se opera en t\u00e1ndem con un segundo aparato elevador con una bomba manual PV GKS externa. Para los fabricantes que trabajan en salas limpias, el aparato elevador para montacargas G5 tambi\u00e9n est\u00e1 disponible en una versi\u00f3n niquelada.<\/p>\n<p>Todos los productos GKS-PERFEKT cumplen altos niveles de calidad y seguridad. Como todos nuestros gatos de punta, el G5 debe pasar una serie de pruebas rigurosas antes de enviarse. Cada uno llega a los clientes listo para usar con un informe de prueba, una etiqueta que indica la pr\u00f3xima fecha de inspecci\u00f3n del producto y una garant\u00eda de cinco a\u00f1os.<\/p>\n<p>Para obtener m\u00e1s informaci\u00f3n sobre los gatos hidr\u00e1ulicos de u\u00f1a para montacargas de GKS-PERFEKT, solicite un presupuesto o llame al 937-324-8867.<\/p>\n","protected":false},"excerpt":{"rendered":"<p>Para levantar cargas pesadas de forma segura<\/p>\n","protected":false},"featured_media":9123,"comment_status":"closed","ping_status":"closed","template":"","meta":{"_acf_changed":false,"_et_pb_use_builder":"","_et_pb_old_content":"","_et_gb_content_width":""},"product_brand":[],"product_cat":[421,422],"product_tag":[],"class_list":{"0":"post-9986","1":"product","2":"type-product","3":"status-publish","4":"has-post-thumbnail","6":"product_cat-gatos","7":"product_cat-gatos-de-montacargas","9":"first","10":"instock","11":"shipping-taxable","12":"purchasable","13":"product-type-simple"},"acf":[],"yoast_head":"<!-- This site is optimized with the Yoast SEO plugin v25.4 - https:\/\/yoast.com\/wordpress\/plugins\/seo\/ -->\n<title>G5 - Aparatos elevadores para montacargas | GKS Perfekt<\/title>\n<meta name=\"description\" content=\"Obtenga detalles sobre GKS Perfekt G5 - Aparatos elevadores para montacargas. Soluciones de Elevaci\u00f3n y Transporte GKS Perfekt con aparatos elevadores para montacargas. Moviendo cargas pesadas en espacios reducidos desde 1967.\" \/>\n<meta name=\"robots\" content=\"index, follow, max-snippet:-1, max-image-preview:large, max-video-preview:-1\" \/>\n<link rel=\"canonical\" href=\"https:\/\/www.gksweb.com\/es\/product\/g5-montacargas-aparato-elevador\/\" \/>\n<meta property=\"og:locale\" content=\"es_ES\" \/>\n<meta property=\"og:type\" content=\"article\" \/>\n<meta property=\"og:title\" content=\"G5 - Aparatos elevadores para montacargas | GKS Perfekt\" \/>\n<meta property=\"og:description\" content=\"Obtenga detalles sobre GKS Perfekt G5 - Aparatos elevadores para montacargas. Soluciones de Elevaci\u00f3n y Transporte GKS Perfekt con aparatos elevadores para montacargas. Moviendo cargas pesadas en espacios reducidos desde 1967.\" \/>\n<meta property=\"og:url\" content=\"https:\/\/www.gksweb.com\/es\/product\/g5-montacargas-aparato-elevador\/\" \/>\n<meta property=\"og:site_name\" content=\"GKS Lifting and Moving Solutions\" \/>\n<meta property=\"article:modified_time\" content=\"2024-01-03T17:15:50+00:00\" \/>\n<meta property=\"og:image\" content=\"https:\/\/www.gksweb.com\/wp-content\/uploads\/2020\/12\/G5.png\" \/>\n\t<meta property=\"og:image:width\" content=\"800\" \/>\n\t<meta property=\"og:image:height\" content=\"800\" \/>\n\t<meta property=\"og:image:type\" content=\"image\/png\" \/>\n<meta name=\"twitter:card\" content=\"summary_large_image\" \/>\n<meta name=\"twitter:label1\" content=\"Tiempo de lectura\" \/>\n\t<meta name=\"twitter:data1\" content=\"2 minutos\" \/>\n<script type=\"application\/ld+json\" class=\"yoast-schema-graph\">{\"@context\":\"https:\/\/schema.org\",\"@graph\":[{\"@type\":\"WebPage\",\"@id\":\"https:\/\/www.gksweb.com\/es\/product\/g5-montacargas-aparato-elevador\/\",\"url\":\"https:\/\/www.gksweb.com\/es\/product\/g5-montacargas-aparato-elevador\/\",\"name\":\"G5 - Aparatos elevadores para montacargas | GKS Perfekt\",\"isPartOf\":{\"@id\":\"https:\/\/www.gksweb.com\/es\/#website\"},\"primaryImageOfPage\":{\"@id\":\"https:\/\/www.gksweb.com\/es\/product\/g5-montacargas-aparato-elevador\/#primaryimage\"},\"image\":{\"@id\":\"https:\/\/www.gksweb.com\/es\/product\/g5-montacargas-aparato-elevador\/#primaryimage\"},\"thumbnailUrl\":\"https:\/\/www.gksweb.com\/wp-content\/uploads\/2020\/12\/G5.png\",\"datePublished\":\"2020-12-11T02:19:56+00:00\",\"dateModified\":\"2024-01-03T17:15:50+00:00\",\"description\":\"Obtenga detalles sobre GKS Perfekt G5 - Aparatos elevadores para montacargas. Soluciones de Elevaci\u00f3n y Transporte GKS Perfekt con aparatos elevadores para montacargas. Moviendo cargas pesadas en espacios reducidos desde 1967.\",\"breadcrumb\":{\"@id\":\"https:\/\/www.gksweb.com\/es\/product\/g5-montacargas-aparato-elevador\/#breadcrumb\"},\"inLanguage\":\"es\",\"potentialAction\":[{\"@type\":\"ReadAction\",\"target\":[\"https:\/\/www.gksweb.com\/es\/product\/g5-montacargas-aparato-elevador\/\"]}]},{\"@type\":\"ImageObject\",\"inLanguage\":\"es\",\"@id\":\"https:\/\/www.gksweb.com\/es\/product\/g5-montacargas-aparato-elevador\/#primaryimage\",\"url\":\"https:\/\/www.gksweb.com\/wp-content\/uploads\/2020\/12\/G5.png\",\"contentUrl\":\"https:\/\/www.gksweb.com\/wp-content\/uploads\/2020\/12\/G5.png\",\"width\":800,\"height\":800},{\"@type\":\"BreadcrumbList\",\"@id\":\"https:\/\/www.gksweb.com\/es\/product\/g5-montacargas-aparato-elevador\/#breadcrumb\",\"itemListElement\":[{\"@type\":\"ListItem\",\"position\":1,\"name\":\"Home\",\"item\":\"https:\/\/www.gksweb.com\/es\/\"},{\"@type\":\"ListItem\",\"position\":2,\"name\":\"Productos\",\"item\":\"https:\/\/www.gksweb.com\/products\/\"},{\"@type\":\"ListItem\",\"position\":3,\"name\":\"Aparato elevador de montacargas G5\"}]},{\"@type\":\"WebSite\",\"@id\":\"https:\/\/www.gksweb.com\/es\/#website\",\"url\":\"https:\/\/www.gksweb.com\/es\/\",\"name\":\"GKS Lifting and Moving Solutions\",\"description\":\"\",\"potentialAction\":[{\"@type\":\"SearchAction\",\"target\":{\"@type\":\"EntryPoint\",\"urlTemplate\":\"https:\/\/www.gksweb.com\/es\/?s={search_term_string}\"},\"query-input\":{\"@type\":\"PropertyValueSpecification\",\"valueRequired\":true,\"valueName\":\"search_term_string\"}}],\"inLanguage\":\"es\"}]}<\/script>\n<!-- \/ Yoast SEO plugin. -->","yoast_head_json":{"title":"G5 - Aparatos elevadores para montacargas | GKS Perfekt","description":"Obtenga detalles sobre GKS Perfekt G5 - Aparatos elevadores para montacargas. Soluciones de Elevaci\u00f3n y Transporte GKS Perfekt con aparatos elevadores para montacargas. Moviendo cargas pesadas en espacios reducidos desde 1967.","robots":{"index":"index","follow":"follow","max-snippet":"max-snippet:-1","max-image-preview":"max-image-preview:large","max-video-preview":"max-video-preview:-1"},"canonical":"https:\/\/www.gksweb.com\/es\/product\/g5-montacargas-aparato-elevador\/","og_locale":"es_ES","og_type":"article","og_title":"G5 - Aparatos elevadores para montacargas | GKS Perfekt","og_description":"Obtenga detalles sobre GKS Perfekt G5 - Aparatos elevadores para montacargas. Soluciones de Elevaci\u00f3n y Transporte GKS Perfekt con aparatos elevadores para montacargas. Moviendo cargas pesadas en espacios reducidos desde 1967.","og_url":"https:\/\/www.gksweb.com\/es\/product\/g5-montacargas-aparato-elevador\/","og_site_name":"GKS Lifting and Moving Solutions","article_modified_time":"2024-01-03T17:15:50+00:00","og_image":[{"width":800,"height":800,"url":"https:\/\/www.gksweb.com\/wp-content\/uploads\/2020\/12\/G5.png","type":"image\/png"}],"twitter_card":"summary_large_image","twitter_misc":{"Tiempo de lectura":"2 minutos"},"schema":{"@context":"https:\/\/schema.org","@graph":[{"@type":"WebPage","@id":"https:\/\/www.gksweb.com\/es\/product\/g5-montacargas-aparato-elevador\/","url":"https:\/\/www.gksweb.com\/es\/product\/g5-montacargas-aparato-elevador\/","name":"G5 - Aparatos elevadores para montacargas | GKS Perfekt","isPartOf":{"@id":"https:\/\/www.gksweb.com\/es\/#website"},"primaryImageOfPage":{"@id":"https:\/\/www.gksweb.com\/es\/product\/g5-montacargas-aparato-elevador\/#primaryimage"},"image":{"@id":"https:\/\/www.gksweb.com\/es\/product\/g5-montacargas-aparato-elevador\/#primaryimage"},"thumbnailUrl":"https:\/\/www.gksweb.com\/wp-content\/uploads\/2020\/12\/G5.png","datePublished":"2020-12-11T02:19:56+00:00","dateModified":"2024-01-03T17:15:50+00:00","description":"Obtenga detalles sobre GKS Perfekt G5 - Aparatos elevadores para montacargas. Soluciones de Elevaci\u00f3n y Transporte GKS Perfekt con aparatos elevadores para montacargas. Moviendo cargas pesadas en espacios reducidos desde 1967.","breadcrumb":{"@id":"https:\/\/www.gksweb.com\/es\/product\/g5-montacargas-aparato-elevador\/#breadcrumb"},"inLanguage":"es","potentialAction":[{"@type":"ReadAction","target":["https:\/\/www.gksweb.com\/es\/product\/g5-montacargas-aparato-elevador\/"]}]},{"@type":"ImageObject","inLanguage":"es","@id":"https:\/\/www.gksweb.com\/es\/product\/g5-montacargas-aparato-elevador\/#primaryimage","url":"https:\/\/www.gksweb.com\/wp-content\/uploads\/2020\/12\/G5.png","contentUrl":"https:\/\/www.gksweb.com\/wp-content\/uploads\/2020\/12\/G5.png","width":800,"height":800},{"@type":"BreadcrumbList","@id":"https:\/\/www.gksweb.com\/es\/product\/g5-montacargas-aparato-elevador\/#breadcrumb","itemListElement":[{"@type":"ListItem","position":1,"name":"Home","item":"https:\/\/www.gksweb.com\/es\/"},{"@type":"ListItem","position":2,"name":"Productos","item":"https:\/\/www.gksweb.com\/products\/"},{"@type":"ListItem","position":3,"name":"Aparato elevador de montacargas G5"}]},{"@type":"WebSite","@id":"https:\/\/www.gksweb.com\/es\/#website","url":"https:\/\/www.gksweb.com\/es\/","name":"GKS Lifting and Moving Solutions","description":"","potentialAction":[{"@type":"SearchAction","target":{"@type":"EntryPoint","urlTemplate":"https:\/\/www.gksweb.com\/es\/?s={search_term_string}"},"query-input":{"@type":"PropertyValueSpecification","valueRequired":true,"valueName":"search_term_string"}}],"inLanguage":"es"}]}},"_links":{"self":[{"href":"https:\/\/www.gksweb.com\/es\/wp-json\/wp\/v2\/product\/9986","targetHints":{"allow":["GET"]}}],"collection":[{"href":"https:\/\/www.gksweb.com\/es\/wp-json\/wp\/v2\/product"}],"about":[{"href":"https:\/\/www.gksweb.com\/es\/wp-json\/wp\/v2\/types\/product"}],"replies":[{"embeddable":true,"href":"https:\/\/www.gksweb.com\/es\/wp-json\/wp\/v2\/comments?post=9986"}],"wp:featuredmedia":[{"embeddable":true,"href":"https:\/\/www.gksweb.com\/es\/wp-json\/wp\/v2\/media\/9123"}],"wp:attachment":[{"href":"https:\/\/www.gksweb.com\/es\/wp-json\/wp\/v2\/media?parent=9986"}],"wp:term":[{"taxonomy":"product_brand","embeddable":true,"href":"https:\/\/www.gksweb.com\/es\/wp-json\/wp\/v2\/product_brand?post=9986"},{"taxonomy":"product_cat","embeddable":true,"href":"https:\/\/www.gksweb.com\/es\/wp-json\/wp\/v2\/product_cat?post=9986"},{"taxonomy":"product_tag","embeddable":true,"href":"https:\/\/www.gksweb.com\/es\/wp-json\/wp\/v2\/product_tag?post=9986"}],"curies":[{"name":"wp","href":"https:\/\/api.w.org\/{rel}","templated":true}]}}