{"id":10218,"date":"2020-12-14T16:34:52","date_gmt":"2020-12-14T16:34:52","guid":{"rendered":"https:\/\/www.gksweb.com\/product\/plataformas-rodantes-de-transporte-f40-l40\/"},"modified":"2024-06-11T09:10:30","modified_gmt":"2024-06-11T13:10:30","slug":"l40-f40-plataforma-rodante-de-transporte","status":"publish","type":"product","link":"https:\/\/www.gksweb.com\/es\/product\/l40-f40-plataforma-rodante-de-transporte\/","title":{"rendered":"Plataformas rodantes de transporte F40\/L40"},"content":{"rendered":"<div id=\"moreinfo\" class=\"right_box\">\n<p><strong>Plataforma rodante de transporte F40 de GKS Perfekt<\/strong><\/p>\n<p>Plataforma rodante de ancho ajustable para el transporte de cargas de hasta 88,000\u00a0lb. \/40\u00a0t.<\/p>\n<p>Altura de carga 7.1&#8243;\/180\u00a0mm \u00fanicamente.<\/p>\n<p>Uso est\u00e1ndar como sistema de 3 puntos en combinaci\u00f3n con la plataforma rodante dirigible L40 (art\u00edculo 11771) hasta un m\u00e1x. de 176,000\u00a0libras. \/80\u00a0t de capacidad de carga.<\/p>\n<p>Los rodillos no marcan los pisos.<\/p>\n<p>Debido a la misma altura de carga intercambiable con plataformas rodantes GKS-Perfekt L20\/L30\/L60 (art\u00edculo N.\u00ba 11061\/11993\/10227) o adaptable como sistema de 4 puntos en combinaci\u00f3n con plataformas en t\u00e1ndem TL20\/TL40 (art\u00edculo N.\u00ba 11803\/11148).<\/p>\n<p>Rodillo de repuesto: N.\u00b0\u00a0de art\u00edculo 10022.<\/p>\n<\/div>\n<p><strong>Plataforma rodante de transporte L40 de GKS Perfekt<\/strong><\/p>\n<p>Plataforma rodante dirigible para el transporte de cargas de hasta 88,000\u00a0lb. \/40\u00a0t.<\/p>\n<p>Altura de carga 7.1&#8243;\/180\u00a0mm.<\/p>\n<p>Los rodillos se asientan en casetes giratorios para compensar los suelos irregulares.<\/p>\n<p>Uso est\u00e1ndar como sistema de 3 puntos en combinaci\u00f3n con la plataforma rodante F40 de ancho ajustable (art\u00edculo 11770) hasta un m\u00e1x. de 176,000\u00a0libras. \/80\u00a0t de capacidad de carga.<\/p>\n<p>Los rodillos no marcan los pisos.<\/p>\n<p>Debido a la misma altura de carga intercambiable con plataformas rodantes GKS-Perfekt F20\/F30\/F60 (art\u00edculo N.\u00ba\u00a011060\/11992\/10226).<\/p>\n<p>Rodillo de repuesto: N.\u00b0\u00a0de art\u00edculo 10022.<\/p>\n<p>&nbsp;<\/p>\n","protected":false},"excerpt":{"rendered":"<p>Para mover grandes cargas en espacios reducidos.<\/p>\n","protected":false},"featured_media":9045,"comment_status":"closed","ping_status":"closed","template":"","meta":{"_acf_changed":false,"_et_pb_use_builder":"on","_et_pb_old_content":"","_et_gb_content_width":""},"product_brand":[],"product_cat":[428,427],"product_tag":[],"class_list":{"0":"post-10218","1":"product","2":"type-product","3":"status-publish","4":"has-post-thumbnail","6":"product_cat-plataformas-rodantes-de-transporte","7":"product_cat-plataformas-rodantes-industriales","9":"first","10":"instock","11":"shipping-taxable","12":"product-type-grouped"},"acf":[],"yoast_head":"<!-- This site is optimized with the Yoast SEO plugin v25.4 - https:\/\/yoast.com\/wordpress\/plugins\/seo\/ -->\n<title>Plataforma rodante de transporte L40\/F40 | GKS Perfekt<\/title>\n<meta name=\"description\" content=\"Ver la plataforma rodante de transporte de GKS Perfekt F40\/L40. Soluciones de Elevaci\u00f3n y Transporte GKS Perfekt con plataformas rodantes de transporte, moviendo cargas pesadas en espacios reducidos desde 1967.\" \/>\n<meta name=\"robots\" content=\"index, follow, max-snippet:-1, max-image-preview:large, max-video-preview:-1\" \/>\n<link rel=\"canonical\" href=\"https:\/\/www.gksweb.com\/es\/product\/l40-f40-plataforma-rodante-de-transporte\/\" \/>\n<meta property=\"og:locale\" content=\"es_ES\" \/>\n<meta property=\"og:type\" content=\"article\" \/>\n<meta property=\"og:title\" content=\"Plataforma rodante de transporte L40\/F40 | GKS Perfekt\" \/>\n<meta property=\"og:description\" content=\"Ver la plataforma rodante de transporte de GKS Perfekt F40\/L40. Soluciones de Elevaci\u00f3n y Transporte GKS Perfekt con plataformas rodantes de transporte, moviendo cargas pesadas en espacios reducidos desde 1967.\" \/>\n<meta property=\"og:url\" content=\"https:\/\/www.gksweb.com\/es\/product\/l40-f40-plataforma-rodante-de-transporte\/\" \/>\n<meta property=\"og:site_name\" content=\"GKS Lifting and Moving Solutions\" \/>\n<meta property=\"article:modified_time\" content=\"2024-06-11T13:10:30+00:00\" \/>\n<meta property=\"og:image\" content=\"https:\/\/www.gksweb.com\/wp-content\/uploads\/2020\/12\/l40-f40-system.jpg\" \/>\n\t<meta property=\"og:image:width\" content=\"300\" \/>\n\t<meta property=\"og:image:height\" content=\"300\" \/>\n\t<meta property=\"og:image:type\" content=\"image\/jpeg\" \/>\n<meta name=\"twitter:card\" content=\"summary_large_image\" \/>\n<meta name=\"twitter:label1\" content=\"Tiempo de lectura\" \/>\n\t<meta name=\"twitter:data1\" content=\"2 minutos\" \/>\n<script type=\"application\/ld+json\" class=\"yoast-schema-graph\">{\"@context\":\"https:\/\/schema.org\",\"@graph\":[{\"@type\":\"WebPage\",\"@id\":\"https:\/\/www.gksweb.com\/es\/product\/l40-f40-plataforma-rodante-de-transporte\/\",\"url\":\"https:\/\/www.gksweb.com\/es\/product\/l40-f40-plataforma-rodante-de-transporte\/\",\"name\":\"Plataforma rodante de transporte L40\/F40 | GKS Perfekt\",\"isPartOf\":{\"@id\":\"https:\/\/www.gksweb.com\/es\/#website\"},\"primaryImageOfPage\":{\"@id\":\"https:\/\/www.gksweb.com\/es\/product\/l40-f40-plataforma-rodante-de-transporte\/#primaryimage\"},\"image\":{\"@id\":\"https:\/\/www.gksweb.com\/es\/product\/l40-f40-plataforma-rodante-de-transporte\/#primaryimage\"},\"thumbnailUrl\":\"https:\/\/www.gksweb.com\/wp-content\/uploads\/2020\/12\/l40-f40-system.jpg\",\"datePublished\":\"2020-12-14T16:34:52+00:00\",\"dateModified\":\"2024-06-11T13:10:30+00:00\",\"description\":\"Ver la plataforma rodante de transporte de GKS Perfekt F40\/L40. Soluciones de Elevaci\u00f3n y Transporte GKS Perfekt con plataformas rodantes de transporte, moviendo cargas pesadas en espacios reducidos desde 1967.\",\"breadcrumb\":{\"@id\":\"https:\/\/www.gksweb.com\/es\/product\/l40-f40-plataforma-rodante-de-transporte\/#breadcrumb\"},\"inLanguage\":\"es\",\"potentialAction\":[{\"@type\":\"ReadAction\",\"target\":[\"https:\/\/www.gksweb.com\/es\/product\/l40-f40-plataforma-rodante-de-transporte\/\"]}]},{\"@type\":\"ImageObject\",\"inLanguage\":\"es\",\"@id\":\"https:\/\/www.gksweb.com\/es\/product\/l40-f40-plataforma-rodante-de-transporte\/#primaryimage\",\"url\":\"https:\/\/www.gksweb.com\/wp-content\/uploads\/2020\/12\/l40-f40-system.jpg\",\"contentUrl\":\"https:\/\/www.gksweb.com\/wp-content\/uploads\/2020\/12\/l40-f40-system.jpg\",\"width\":300,\"height\":300},{\"@type\":\"BreadcrumbList\",\"@id\":\"https:\/\/www.gksweb.com\/es\/product\/l40-f40-plataforma-rodante-de-transporte\/#breadcrumb\",\"itemListElement\":[{\"@type\":\"ListItem\",\"position\":1,\"name\":\"Home\",\"item\":\"https:\/\/www.gksweb.com\/es\/\"},{\"@type\":\"ListItem\",\"position\":2,\"name\":\"Productos\",\"item\":\"https:\/\/www.gksweb.com\/products\/\"},{\"@type\":\"ListItem\",\"position\":3,\"name\":\"Plataformas rodantes de transporte F40\/L40\"}]},{\"@type\":\"WebSite\",\"@id\":\"https:\/\/www.gksweb.com\/es\/#website\",\"url\":\"https:\/\/www.gksweb.com\/es\/\",\"name\":\"GKS Lifting and Moving Solutions\",\"description\":\"\",\"potentialAction\":[{\"@type\":\"SearchAction\",\"target\":{\"@type\":\"EntryPoint\",\"urlTemplate\":\"https:\/\/www.gksweb.com\/es\/?s={search_term_string}\"},\"query-input\":{\"@type\":\"PropertyValueSpecification\",\"valueRequired\":true,\"valueName\":\"search_term_string\"}}],\"inLanguage\":\"es\"}]}<\/script>\n<!-- \/ Yoast SEO plugin. -->","yoast_head_json":{"title":"Plataforma rodante de transporte L40\/F40 | GKS Perfekt","description":"Ver la plataforma rodante de transporte de GKS Perfekt F40\/L40. Soluciones de Elevaci\u00f3n y Transporte GKS Perfekt con plataformas rodantes de transporte, moviendo cargas pesadas en espacios reducidos desde 1967.","robots":{"index":"index","follow":"follow","max-snippet":"max-snippet:-1","max-image-preview":"max-image-preview:large","max-video-preview":"max-video-preview:-1"},"canonical":"https:\/\/www.gksweb.com\/es\/product\/l40-f40-plataforma-rodante-de-transporte\/","og_locale":"es_ES","og_type":"article","og_title":"Plataforma rodante de transporte L40\/F40 | GKS Perfekt","og_description":"Ver la plataforma rodante de transporte de GKS Perfekt F40\/L40. Soluciones de Elevaci\u00f3n y Transporte GKS Perfekt con plataformas rodantes de transporte, moviendo cargas pesadas en espacios reducidos desde 1967.","og_url":"https:\/\/www.gksweb.com\/es\/product\/l40-f40-plataforma-rodante-de-transporte\/","og_site_name":"GKS Lifting and Moving Solutions","article_modified_time":"2024-06-11T13:10:30+00:00","og_image":[{"width":300,"height":300,"url":"https:\/\/www.gksweb.com\/wp-content\/uploads\/2020\/12\/l40-f40-system.jpg","type":"image\/jpeg"}],"twitter_card":"summary_large_image","twitter_misc":{"Tiempo de lectura":"2 minutos"},"schema":{"@context":"https:\/\/schema.org","@graph":[{"@type":"WebPage","@id":"https:\/\/www.gksweb.com\/es\/product\/l40-f40-plataforma-rodante-de-transporte\/","url":"https:\/\/www.gksweb.com\/es\/product\/l40-f40-plataforma-rodante-de-transporte\/","name":"Plataforma rodante de transporte L40\/F40 | GKS Perfekt","isPartOf":{"@id":"https:\/\/www.gksweb.com\/es\/#website"},"primaryImageOfPage":{"@id":"https:\/\/www.gksweb.com\/es\/product\/l40-f40-plataforma-rodante-de-transporte\/#primaryimage"},"image":{"@id":"https:\/\/www.gksweb.com\/es\/product\/l40-f40-plataforma-rodante-de-transporte\/#primaryimage"},"thumbnailUrl":"https:\/\/www.gksweb.com\/wp-content\/uploads\/2020\/12\/l40-f40-system.jpg","datePublished":"2020-12-14T16:34:52+00:00","dateModified":"2024-06-11T13:10:30+00:00","description":"Ver la plataforma rodante de transporte de GKS Perfekt F40\/L40. Soluciones de Elevaci\u00f3n y Transporte GKS Perfekt con plataformas rodantes de transporte, moviendo cargas pesadas en espacios reducidos desde 1967.","breadcrumb":{"@id":"https:\/\/www.gksweb.com\/es\/product\/l40-f40-plataforma-rodante-de-transporte\/#breadcrumb"},"inLanguage":"es","potentialAction":[{"@type":"ReadAction","target":["https:\/\/www.gksweb.com\/es\/product\/l40-f40-plataforma-rodante-de-transporte\/"]}]},{"@type":"ImageObject","inLanguage":"es","@id":"https:\/\/www.gksweb.com\/es\/product\/l40-f40-plataforma-rodante-de-transporte\/#primaryimage","url":"https:\/\/www.gksweb.com\/wp-content\/uploads\/2020\/12\/l40-f40-system.jpg","contentUrl":"https:\/\/www.gksweb.com\/wp-content\/uploads\/2020\/12\/l40-f40-system.jpg","width":300,"height":300},{"@type":"BreadcrumbList","@id":"https:\/\/www.gksweb.com\/es\/product\/l40-f40-plataforma-rodante-de-transporte\/#breadcrumb","itemListElement":[{"@type":"ListItem","position":1,"name":"Home","item":"https:\/\/www.gksweb.com\/es\/"},{"@type":"ListItem","position":2,"name":"Productos","item":"https:\/\/www.gksweb.com\/products\/"},{"@type":"ListItem","position":3,"name":"Plataformas rodantes de transporte F40\/L40"}]},{"@type":"WebSite","@id":"https:\/\/www.gksweb.com\/es\/#website","url":"https:\/\/www.gksweb.com\/es\/","name":"GKS Lifting and Moving Solutions","description":"","potentialAction":[{"@type":"SearchAction","target":{"@type":"EntryPoint","urlTemplate":"https:\/\/www.gksweb.com\/es\/?s={search_term_string}"},"query-input":{"@type":"PropertyValueSpecification","valueRequired":true,"valueName":"search_term_string"}}],"inLanguage":"es"}]}},"_links":{"self":[{"href":"https:\/\/www.gksweb.com\/es\/wp-json\/wp\/v2\/product\/10218","targetHints":{"allow":["GET"]}}],"collection":[{"href":"https:\/\/www.gksweb.com\/es\/wp-json\/wp\/v2\/product"}],"about":[{"href":"https:\/\/www.gksweb.com\/es\/wp-json\/wp\/v2\/types\/product"}],"replies":[{"embeddable":true,"href":"https:\/\/www.gksweb.com\/es\/wp-json\/wp\/v2\/comments?post=10218"}],"wp:featuredmedia":[{"embeddable":true,"href":"https:\/\/www.gksweb.com\/es\/wp-json\/wp\/v2\/media\/9045"}],"wp:attachment":[{"href":"https:\/\/www.gksweb.com\/es\/wp-json\/wp\/v2\/media?parent=10218"}],"wp:term":[{"taxonomy":"product_brand","embeddable":true,"href":"https:\/\/www.gksweb.com\/es\/wp-json\/wp\/v2\/product_brand?post=10218"},{"taxonomy":"product_cat","embeddable":true,"href":"https:\/\/www.gksweb.com\/es\/wp-json\/wp\/v2\/product_cat?post=10218"},{"taxonomy":"product_tag","embeddable":true,"href":"https:\/\/www.gksweb.com\/es\/wp-json\/wp\/v2\/product_tag?post=10218"}],"curies":[{"name":"wp","href":"https:\/\/api.w.org\/{rel}","templated":true}]}}