{"id":10215,"date":"2020-12-14T16:21:44","date_gmt":"2020-12-14T16:21:44","guid":{"rendered":"https:\/\/www.gksweb.com\/product\/plataformas-rodantes-de-transporte-f18-l18\/"},"modified":"2024-06-11T09:05:37","modified_gmt":"2024-06-11T13:05:37","slug":"l18-f18-sistema-de-transporte","status":"publish","type":"product","link":"https:\/\/www.gksweb.com\/es\/product\/l18-f18-sistema-de-transporte\/","title":{"rendered":"Plataformas rodantes de transporte F18\/L18"},"content":{"rendered":"<div id=\"moreinfo\" class=\"right_box\">\n<p>Cuando se usa como el eje trasero de un sistema de transporte de tres puntos, la <strong>plataforma rodante de transporte F18<\/strong> proporciona un desplazamiento constante y sin esfuerzo para cargas de hasta 18\u00a0toneladas m\u00e9tricas. Esta plataforma rodante F puede servir como la columna vertebral de un sistema antideslizante, sin rozaduras y sin estr\u00e9s para usar en instalaciones de fabricaci\u00f3n, almacenes y en cualquier otro lugar donde las cargas pesadas necesiten moverse en espacios reducidos.<\/p>\n<p>La barra de conexi\u00f3n ajustable permite una gama de anchos de 39.9 pulgadas a 56.3 pulgadas, lo que ofrece versatilidad y flexibilidad cuando se combina con la plataforma rodante orientable L18. \u00a0La barra de conexi\u00f3n articulada permite un transporte suave y seguro en suelos de instalaciones irregulares.<\/p>\n<p>La F18 tiene una altura de carga de 4.3 pulgadas, lo que lo hace intercambiable con las plataformas rodantes L3, L6, L9 y L12, o se puede adaptar para un sistema de cuatro puntos con plataformas rodantes en t\u00e1ndem Tl6 o Tl2, as\u00ed como dos plataformas rodantes giratorias RL2 o RL4. En combinaci\u00f3n con nuestra plataforma rodante de transporte L18, el par tiene una capacidad de carga de 79,200 libras (36\u00a0toneladas m\u00e9tricas).<\/p>\n<p>Las plataformas rodantes de transporte F18 est\u00e1n disponibles con niquelado para su uso en industrias con salas limpias, como productos farmac\u00e9uticos, microprocesadores y procesamiento de alimentos y bebidas. Ambas versiones, como todos los productos GKS-PERFEKT, pasan por un estricto proceso de control de calidad y est\u00e1n protegidas con una garant\u00eda limitada de cinco a\u00f1os. Estos productos est\u00e1n almacenados y generalmente se env\u00edan dentro de un d\u00eda h\u00e1bil.<\/p>\n<p>Si est\u00e1s interesado en\u00a0<a href=\"https:\/\/www.gksweb.com\/contact-us\/\">recibir un presupuesto<\/a>\u00a0para la plataforma rodante de transporte de ancho ajustable F18, o necesita m\u00e1s ayuda para construir un sistema de transporte de carga pesada adecuado para su negocio, llame a nuestro equipo experimentado al (937) 324-8867.<\/p>\n<\/div>\n<p>&nbsp;<\/p>\n<p>El transporte de equipos y materiales pesados por la planta requiere fuerza, seguridad y libertad de movimiento. <strong>La plataforma rodante de transporte L18<\/strong> de GKS-PERFEKT permite un movimiento sin restricciones, adaptabilidad y la fuerza para transportar art\u00edculos que pesen hasta 39,600\u00a0libras (18\u00a0toneladas m\u00e9tricas) sin da\u00f1ar las superficies. Con rodillos que se colocan en casetes giratorios, la L18 incluso permite el transporte de fluidos sobre superficies irregulares.<\/p>\n<p>Una de nuestras plataformas rodantes de transporte m\u00e1s s\u00f3lidas, la L18 se puede combinar con la\u00a0<a href=\"https:\/\/www.gksweb.com\/product\/l18-f18-transport-system\/\">plataforma rodante de transporte F18<\/a>\u00a0de ancho ajustable para crear un sistema de tres puntos que pueda asignar de forma suficiente 79,200\u00a0libras de peso (36\u00a0toneladas m\u00e9tricas). El sistema de transporte de tres puntos ofrece un transporte seguro y confiable, seguridad antideslizante y protecci\u00f3n adicional contra rozaduras en el piso. Debido a su baja altura de carga de 4.3 pulgadas (110\u00a0mm), la L18 funciona indistintamente con las plataformas rodantes\u00a0<a href=\"https:\/\/www.gksweb.com\/product\/l3-f3-transport-system\/\">F3<\/a>,\u00a0<a href=\"https:\/\/www.gksweb.com\/product\/l6-f6-transport-system\/\">F6<\/a>,\u00a0<a href=\"https:\/\/www.gksweb.com\/product\/l9-f9-transport-system\/\">F9<\/a>, y\u00a0<a href=\"https:\/\/www.gksweb.com\/product\/l12-f12-transport-system\/\">F12<\/a>\u00a0GKS.<\/p>\n<p>La plataforma rodante de transporte L18 est\u00e1 asegurada con una garant\u00eda limitada de cinco a\u00f1os, y cada una se prueba y aprueba en nuestra f\u00e1brica para garantizar que cumple con los m\u00e1s altos est\u00e1ndares de excelencia.<\/p>\n<p>Ayudamos a nuestros clientes a encontrar los mejores productos para sus necesidades espec\u00edficas. Si est\u00e1 interesado en saber lo que la plataforma rodante de transporte L18 de GKS puede hacer por usted,\u00a0<a href=\"https:\/\/www.gksweb.com\/contact-us\/\"><u>solicite un presupuesto<\/u><\/a>\u00a0o llame al 937-324-8867 y uno de los miembros de nuestro equipo de expertos lo ayudar\u00e1.<\/p>\n","protected":false},"excerpt":{"rendered":"<p>Para mover grandes cargas en espacios reducidos.<\/p>\n","protected":false},"featured_media":9142,"comment_status":"closed","ping_status":"closed","template":"","meta":{"_acf_changed":false,"_et_pb_use_builder":"","_et_pb_old_content":"","_et_gb_content_width":""},"product_brand":[],"product_cat":[428,427],"product_tag":[],"class_list":{"0":"post-10215","1":"product","2":"type-product","3":"status-publish","4":"has-post-thumbnail","6":"product_cat-plataformas-rodantes-de-transporte","7":"product_cat-plataformas-rodantes-industriales","9":"first","10":"instock","11":"shipping-taxable","12":"product-type-grouped"},"acf":[],"yoast_head":"<!-- This site is optimized with the Yoast SEO plugin v25.4 - https:\/\/yoast.com\/wordpress\/plugins\/seo\/ -->\n<title>Plataforma rodante de transporte L18\/F18 | GKS Perfekt<\/title>\n<meta name=\"description\" content=\"Ver la plataforma rodante de transporte de GKS Perfekt F18\/L18. Soluciones de Elevaci\u00f3n y Transporte GKS Perfekt con plataformas rodantes de transporte\u2026 movimiento de cargas pesadas.\" \/>\n<meta name=\"robots\" content=\"index, follow, max-snippet:-1, max-image-preview:large, max-video-preview:-1\" \/>\n<link rel=\"canonical\" href=\"https:\/\/www.gksweb.com\/es\/product\/l18-f18-sistema-de-transporte\/\" \/>\n<meta property=\"og:locale\" content=\"es_ES\" \/>\n<meta property=\"og:type\" content=\"article\" \/>\n<meta property=\"og:title\" content=\"Plataforma rodante de transporte L18\/F18 | GKS Perfekt\" \/>\n<meta property=\"og:description\" content=\"Ver la plataforma rodante de transporte de GKS Perfekt F18\/L18. Soluciones de Elevaci\u00f3n y Transporte GKS Perfekt con plataformas rodantes de transporte\u2026 movimiento de cargas pesadas.\" \/>\n<meta property=\"og:url\" content=\"https:\/\/www.gksweb.com\/es\/product\/l18-f18-sistema-de-transporte\/\" \/>\n<meta property=\"og:site_name\" content=\"GKS Lifting and Moving Solutions\" \/>\n<meta property=\"article:modified_time\" content=\"2024-06-11T13:05:37+00:00\" \/>\n<meta property=\"og:image\" content=\"https:\/\/www.gksweb.com\/wp-content\/uploads\/2020\/12\/f18-l18-updated.jpg\" \/>\n\t<meta property=\"og:image:width\" content=\"800\" \/>\n\t<meta property=\"og:image:height\" content=\"800\" \/>\n\t<meta property=\"og:image:type\" content=\"image\/jpeg\" \/>\n<meta name=\"twitter:card\" content=\"summary_large_image\" \/>\n<meta name=\"twitter:label1\" content=\"Tiempo de lectura\" \/>\n\t<meta name=\"twitter:data1\" content=\"3 minutos\" \/>\n<script type=\"application\/ld+json\" class=\"yoast-schema-graph\">{\"@context\":\"https:\/\/schema.org\",\"@graph\":[{\"@type\":\"WebPage\",\"@id\":\"https:\/\/www.gksweb.com\/es\/product\/l18-f18-sistema-de-transporte\/\",\"url\":\"https:\/\/www.gksweb.com\/es\/product\/l18-f18-sistema-de-transporte\/\",\"name\":\"Plataforma rodante de transporte L18\/F18 | GKS Perfekt\",\"isPartOf\":{\"@id\":\"https:\/\/www.gksweb.com\/es\/#website\"},\"primaryImageOfPage\":{\"@id\":\"https:\/\/www.gksweb.com\/es\/product\/l18-f18-sistema-de-transporte\/#primaryimage\"},\"image\":{\"@id\":\"https:\/\/www.gksweb.com\/es\/product\/l18-f18-sistema-de-transporte\/#primaryimage\"},\"thumbnailUrl\":\"https:\/\/www.gksweb.com\/wp-content\/uploads\/2020\/12\/f18-l18-updated.jpg\",\"datePublished\":\"2020-12-14T16:21:44+00:00\",\"dateModified\":\"2024-06-11T13:05:37+00:00\",\"description\":\"Ver la plataforma rodante de transporte de GKS Perfekt F18\/L18. Soluciones de Elevaci\u00f3n y Transporte GKS Perfekt con plataformas rodantes de transporte\u2026 movimiento de cargas pesadas.\",\"breadcrumb\":{\"@id\":\"https:\/\/www.gksweb.com\/es\/product\/l18-f18-sistema-de-transporte\/#breadcrumb\"},\"inLanguage\":\"es\",\"potentialAction\":[{\"@type\":\"ReadAction\",\"target\":[\"https:\/\/www.gksweb.com\/es\/product\/l18-f18-sistema-de-transporte\/\"]}]},{\"@type\":\"ImageObject\",\"inLanguage\":\"es\",\"@id\":\"https:\/\/www.gksweb.com\/es\/product\/l18-f18-sistema-de-transporte\/#primaryimage\",\"url\":\"https:\/\/www.gksweb.com\/wp-content\/uploads\/2020\/12\/f18-l18-updated.jpg\",\"contentUrl\":\"https:\/\/www.gksweb.com\/wp-content\/uploads\/2020\/12\/f18-l18-updated.jpg\",\"width\":800,\"height\":800},{\"@type\":\"BreadcrumbList\",\"@id\":\"https:\/\/www.gksweb.com\/es\/product\/l18-f18-sistema-de-transporte\/#breadcrumb\",\"itemListElement\":[{\"@type\":\"ListItem\",\"position\":1,\"name\":\"Home\",\"item\":\"https:\/\/www.gksweb.com\/es\/\"},{\"@type\":\"ListItem\",\"position\":2,\"name\":\"Productos\",\"item\":\"https:\/\/www.gksweb.com\/products\/\"},{\"@type\":\"ListItem\",\"position\":3,\"name\":\"Plataformas rodantes de transporte F18\/L18\"}]},{\"@type\":\"WebSite\",\"@id\":\"https:\/\/www.gksweb.com\/es\/#website\",\"url\":\"https:\/\/www.gksweb.com\/es\/\",\"name\":\"GKS Lifting and Moving Solutions\",\"description\":\"\",\"potentialAction\":[{\"@type\":\"SearchAction\",\"target\":{\"@type\":\"EntryPoint\",\"urlTemplate\":\"https:\/\/www.gksweb.com\/es\/?s={search_term_string}\"},\"query-input\":{\"@type\":\"PropertyValueSpecification\",\"valueRequired\":true,\"valueName\":\"search_term_string\"}}],\"inLanguage\":\"es\"}]}<\/script>\n<!-- \/ Yoast SEO plugin. -->","yoast_head_json":{"title":"Plataforma rodante de transporte L18\/F18 | GKS Perfekt","description":"Ver la plataforma rodante de transporte de GKS Perfekt F18\/L18. Soluciones de Elevaci\u00f3n y Transporte GKS Perfekt con plataformas rodantes de transporte\u2026 movimiento de cargas pesadas.","robots":{"index":"index","follow":"follow","max-snippet":"max-snippet:-1","max-image-preview":"max-image-preview:large","max-video-preview":"max-video-preview:-1"},"canonical":"https:\/\/www.gksweb.com\/es\/product\/l18-f18-sistema-de-transporte\/","og_locale":"es_ES","og_type":"article","og_title":"Plataforma rodante de transporte L18\/F18 | GKS Perfekt","og_description":"Ver la plataforma rodante de transporte de GKS Perfekt F18\/L18. Soluciones de Elevaci\u00f3n y Transporte GKS Perfekt con plataformas rodantes de transporte\u2026 movimiento de cargas pesadas.","og_url":"https:\/\/www.gksweb.com\/es\/product\/l18-f18-sistema-de-transporte\/","og_site_name":"GKS Lifting and Moving Solutions","article_modified_time":"2024-06-11T13:05:37+00:00","og_image":[{"width":800,"height":800,"url":"https:\/\/www.gksweb.com\/wp-content\/uploads\/2020\/12\/f18-l18-updated.jpg","type":"image\/jpeg"}],"twitter_card":"summary_large_image","twitter_misc":{"Tiempo de lectura":"3 minutos"},"schema":{"@context":"https:\/\/schema.org","@graph":[{"@type":"WebPage","@id":"https:\/\/www.gksweb.com\/es\/product\/l18-f18-sistema-de-transporte\/","url":"https:\/\/www.gksweb.com\/es\/product\/l18-f18-sistema-de-transporte\/","name":"Plataforma rodante de transporte L18\/F18 | GKS Perfekt","isPartOf":{"@id":"https:\/\/www.gksweb.com\/es\/#website"},"primaryImageOfPage":{"@id":"https:\/\/www.gksweb.com\/es\/product\/l18-f18-sistema-de-transporte\/#primaryimage"},"image":{"@id":"https:\/\/www.gksweb.com\/es\/product\/l18-f18-sistema-de-transporte\/#primaryimage"},"thumbnailUrl":"https:\/\/www.gksweb.com\/wp-content\/uploads\/2020\/12\/f18-l18-updated.jpg","datePublished":"2020-12-14T16:21:44+00:00","dateModified":"2024-06-11T13:05:37+00:00","description":"Ver la plataforma rodante de transporte de GKS Perfekt F18\/L18. Soluciones de Elevaci\u00f3n y Transporte GKS Perfekt con plataformas rodantes de transporte\u2026 movimiento de cargas pesadas.","breadcrumb":{"@id":"https:\/\/www.gksweb.com\/es\/product\/l18-f18-sistema-de-transporte\/#breadcrumb"},"inLanguage":"es","potentialAction":[{"@type":"ReadAction","target":["https:\/\/www.gksweb.com\/es\/product\/l18-f18-sistema-de-transporte\/"]}]},{"@type":"ImageObject","inLanguage":"es","@id":"https:\/\/www.gksweb.com\/es\/product\/l18-f18-sistema-de-transporte\/#primaryimage","url":"https:\/\/www.gksweb.com\/wp-content\/uploads\/2020\/12\/f18-l18-updated.jpg","contentUrl":"https:\/\/www.gksweb.com\/wp-content\/uploads\/2020\/12\/f18-l18-updated.jpg","width":800,"height":800},{"@type":"BreadcrumbList","@id":"https:\/\/www.gksweb.com\/es\/product\/l18-f18-sistema-de-transporte\/#breadcrumb","itemListElement":[{"@type":"ListItem","position":1,"name":"Home","item":"https:\/\/www.gksweb.com\/es\/"},{"@type":"ListItem","position":2,"name":"Productos","item":"https:\/\/www.gksweb.com\/products\/"},{"@type":"ListItem","position":3,"name":"Plataformas rodantes de transporte F18\/L18"}]},{"@type":"WebSite","@id":"https:\/\/www.gksweb.com\/es\/#website","url":"https:\/\/www.gksweb.com\/es\/","name":"GKS Lifting and Moving Solutions","description":"","potentialAction":[{"@type":"SearchAction","target":{"@type":"EntryPoint","urlTemplate":"https:\/\/www.gksweb.com\/es\/?s={search_term_string}"},"query-input":{"@type":"PropertyValueSpecification","valueRequired":true,"valueName":"search_term_string"}}],"inLanguage":"es"}]}},"_links":{"self":[{"href":"https:\/\/www.gksweb.com\/es\/wp-json\/wp\/v2\/product\/10215","targetHints":{"allow":["GET"]}}],"collection":[{"href":"https:\/\/www.gksweb.com\/es\/wp-json\/wp\/v2\/product"}],"about":[{"href":"https:\/\/www.gksweb.com\/es\/wp-json\/wp\/v2\/types\/product"}],"replies":[{"embeddable":true,"href":"https:\/\/www.gksweb.com\/es\/wp-json\/wp\/v2\/comments?post=10215"}],"wp:featuredmedia":[{"embeddable":true,"href":"https:\/\/www.gksweb.com\/es\/wp-json\/wp\/v2\/media\/9142"}],"wp:attachment":[{"href":"https:\/\/www.gksweb.com\/es\/wp-json\/wp\/v2\/media?parent=10215"}],"wp:term":[{"taxonomy":"product_brand","embeddable":true,"href":"https:\/\/www.gksweb.com\/es\/wp-json\/wp\/v2\/product_brand?post=10215"},{"taxonomy":"product_cat","embeddable":true,"href":"https:\/\/www.gksweb.com\/es\/wp-json\/wp\/v2\/product_cat?post=10215"},{"taxonomy":"product_tag","embeddable":true,"href":"https:\/\/www.gksweb.com\/es\/wp-json\/wp\/v2\/product_tag?post=10215"}],"curies":[{"name":"wp","href":"https:\/\/api.w.org\/{rel}","templated":true}]}}