{"id":10211,"date":"2022-01-25T10:02:08","date_gmt":"2022-01-25T15:02:08","guid":{"rendered":"https:\/\/www.gksweb.com\/product\/kit-de-accesorios-del-sistema-de-plataforma-rodante-giratoria-de-3-puntos\/"},"modified":"2024-12-20T09:37:17","modified_gmt":"2024-12-20T14:37:17","slug":"kit-de-accesorios-del-sistema-de-plataforma-rodante-giratoria-de-3-puntos","status":"publish","type":"product","link":"https:\/\/www.gksweb.com\/es\/product\/kit-de-accesorios-del-sistema-de-plataforma-rodante-giratoria-de-3-puntos\/","title":{"rendered":"Kit de accesorios del sistema de plataforma rodante giratoria de 3 puntos"},"content":{"rendered":"<p>Dos barras de conexi\u00f3n permiten al usuario conectar el manillar y tirar desde la barra de conexi\u00f3n delantera o trasera. Este sistema est\u00e1 dise\u00f1ado para las plataformas rodantes giratorias RL2, RL4, RL6 y RL8.<\/p>\n<p>Este paquete incluye lo siguiente:<\/p>\n<p>1 manillar completo<br \/>\n1 Acoplamiento para manillar<br \/>\n1 barra de conexi\u00f3n (2 metros de longitud)<\/p>\n<p>Las plataformas rodantes giratorias no est\u00e1n incluidas con la barra de conexi\u00f3n y el sistema de palanca.<\/p>\n","protected":false},"excerpt":{"rendered":"<p>Dos barras de conexi\u00f3n permiten al usuario conectar el manillar y tirar desde la barra de conexi\u00f3n delantera o trasera. Este sistema est\u00e1 dise\u00f1ado para las plataformas rodantes giratorias RL2, RL4, RL6 y RL8. Este paquete incluye lo siguiente: 1 manillar completo 1 Acoplamiento para manillar 1 barra de conexi\u00f3n (2 metros de longitud) Las [&hellip;]<\/p>\n","protected":false},"featured_media":9975,"comment_status":"closed","ping_status":"closed","template":"","meta":{"_acf_changed":false,"_et_pb_use_builder":"","_et_pb_old_content":"","_et_gb_content_width":""},"product_brand":[],"product_cat":[636],"product_tag":[],"class_list":{"0":"post-10211","1":"product","2":"type-product","3":"status-publish","4":"has-post-thumbnail","6":"product_cat-paquetes-de-accesorios","8":"first","9":"instock","10":"shipping-taxable","11":"product-type-simple"},"acf":[],"yoast_head":"<!-- This site is optimized with the Yoast SEO plugin v25.4 - https:\/\/yoast.com\/wordpress\/plugins\/seo\/ -->\n<title>Kit de Accesorios para Plataforma Rodante de 3 Puntos<\/title>\n<meta name=\"description\" content=\"Obtenga m\u00e1s informaci\u00f3n sobre el kit de accesorios del sistema de plataforma rodante giratoria de 3 puntos de GKS, dise\u00f1ado para las plataformas rodantes giratorias RL2, RL4, RL6 y RL8.\" \/>\n<meta name=\"robots\" content=\"index, follow, max-snippet:-1, max-image-preview:large, max-video-preview:-1\" \/>\n<link rel=\"canonical\" href=\"https:\/\/www.gksweb.com\/es\/product\/kit-de-accesorios-del-sistema-de-plataforma-rodante-giratoria-de-3-puntos\/\" \/>\n<meta property=\"og:locale\" content=\"es_ES\" \/>\n<meta property=\"og:type\" content=\"article\" \/>\n<meta property=\"og:title\" content=\"Kit de Accesorios para Plataforma Rodante de 3 Puntos\" \/>\n<meta property=\"og:description\" content=\"Obtenga m\u00e1s informaci\u00f3n sobre el kit de accesorios del sistema de plataforma rodante giratoria de 3 puntos de GKS, dise\u00f1ado para las plataformas rodantes giratorias RL2, RL4, RL6 y RL8.\" \/>\n<meta property=\"og:url\" content=\"https:\/\/www.gksweb.com\/es\/product\/kit-de-accesorios-del-sistema-de-plataforma-rodante-giratoria-de-3-puntos\/\" \/>\n<meta property=\"og:site_name\" content=\"GKS Lifting and Moving Solutions\" \/>\n<meta property=\"article:modified_time\" content=\"2024-12-20T14:37:17+00:00\" \/>\n<meta property=\"og:image\" content=\"https:\/\/www.gksweb.com\/wp-content\/uploads\/2022\/01\/RL-3-point-set-up-.png\" \/>\n\t<meta property=\"og:image:width\" content=\"500\" \/>\n\t<meta property=\"og:image:height\" content=\"500\" \/>\n\t<meta property=\"og:image:type\" content=\"image\/png\" \/>\n<meta name=\"twitter:card\" content=\"summary_large_image\" \/>\n<meta name=\"twitter:label1\" content=\"Tiempo de lectura\" \/>\n\t<meta name=\"twitter:data1\" content=\"1 minuto\" \/>\n<script type=\"application\/ld+json\" class=\"yoast-schema-graph\">{\"@context\":\"https:\/\/schema.org\",\"@graph\":[{\"@type\":\"WebPage\",\"@id\":\"https:\/\/www.gksweb.com\/es\/product\/kit-de-accesorios-del-sistema-de-plataforma-rodante-giratoria-de-3-puntos\/\",\"url\":\"https:\/\/www.gksweb.com\/es\/product\/kit-de-accesorios-del-sistema-de-plataforma-rodante-giratoria-de-3-puntos\/\",\"name\":\"Kit de Accesorios para Plataforma Rodante de 3 Puntos\",\"isPartOf\":{\"@id\":\"https:\/\/www.gksweb.com\/es\/#website\"},\"primaryImageOfPage\":{\"@id\":\"https:\/\/www.gksweb.com\/es\/product\/kit-de-accesorios-del-sistema-de-plataforma-rodante-giratoria-de-3-puntos\/#primaryimage\"},\"image\":{\"@id\":\"https:\/\/www.gksweb.com\/es\/product\/kit-de-accesorios-del-sistema-de-plataforma-rodante-giratoria-de-3-puntos\/#primaryimage\"},\"thumbnailUrl\":\"https:\/\/www.gksweb.com\/wp-content\/uploads\/2022\/01\/RL-3-point-set-up-.png\",\"datePublished\":\"2022-01-25T15:02:08+00:00\",\"dateModified\":\"2024-12-20T14:37:17+00:00\",\"description\":\"Obtenga m\u00e1s informaci\u00f3n sobre el kit de accesorios del sistema de plataforma rodante giratoria de 3 puntos de GKS, dise\u00f1ado para las plataformas rodantes giratorias RL2, RL4, RL6 y RL8.\",\"breadcrumb\":{\"@id\":\"https:\/\/www.gksweb.com\/es\/product\/kit-de-accesorios-del-sistema-de-plataforma-rodante-giratoria-de-3-puntos\/#breadcrumb\"},\"inLanguage\":\"es\",\"potentialAction\":[{\"@type\":\"ReadAction\",\"target\":[\"https:\/\/www.gksweb.com\/es\/product\/kit-de-accesorios-del-sistema-de-plataforma-rodante-giratoria-de-3-puntos\/\"]}]},{\"@type\":\"ImageObject\",\"inLanguage\":\"es\",\"@id\":\"https:\/\/www.gksweb.com\/es\/product\/kit-de-accesorios-del-sistema-de-plataforma-rodante-giratoria-de-3-puntos\/#primaryimage\",\"url\":\"https:\/\/www.gksweb.com\/wp-content\/uploads\/2022\/01\/RL-3-point-set-up-.png\",\"contentUrl\":\"https:\/\/www.gksweb.com\/wp-content\/uploads\/2022\/01\/RL-3-point-set-up-.png\",\"width\":500,\"height\":500},{\"@type\":\"BreadcrumbList\",\"@id\":\"https:\/\/www.gksweb.com\/es\/product\/kit-de-accesorios-del-sistema-de-plataforma-rodante-giratoria-de-3-puntos\/#breadcrumb\",\"itemListElement\":[{\"@type\":\"ListItem\",\"position\":1,\"name\":\"Home\",\"item\":\"https:\/\/www.gksweb.com\/es\/\"},{\"@type\":\"ListItem\",\"position\":2,\"name\":\"Productos\",\"item\":\"https:\/\/www.gksweb.com\/products\/\"},{\"@type\":\"ListItem\",\"position\":3,\"name\":\"Kit de accesorios del sistema de plataforma rodante giratoria de 3 puntos\"}]},{\"@type\":\"WebSite\",\"@id\":\"https:\/\/www.gksweb.com\/es\/#website\",\"url\":\"https:\/\/www.gksweb.com\/es\/\",\"name\":\"GKS Lifting and Moving Solutions\",\"description\":\"\",\"potentialAction\":[{\"@type\":\"SearchAction\",\"target\":{\"@type\":\"EntryPoint\",\"urlTemplate\":\"https:\/\/www.gksweb.com\/es\/?s={search_term_string}\"},\"query-input\":{\"@type\":\"PropertyValueSpecification\",\"valueRequired\":true,\"valueName\":\"search_term_string\"}}],\"inLanguage\":\"es\"}]}<\/script>\n<!-- \/ Yoast SEO plugin. -->","yoast_head_json":{"title":"Kit de Accesorios para Plataforma Rodante de 3 Puntos","description":"Obtenga m\u00e1s informaci\u00f3n sobre el kit de accesorios del sistema de plataforma rodante giratoria de 3 puntos de GKS, dise\u00f1ado para las plataformas rodantes giratorias RL2, RL4, RL6 y RL8.","robots":{"index":"index","follow":"follow","max-snippet":"max-snippet:-1","max-image-preview":"max-image-preview:large","max-video-preview":"max-video-preview:-1"},"canonical":"https:\/\/www.gksweb.com\/es\/product\/kit-de-accesorios-del-sistema-de-plataforma-rodante-giratoria-de-3-puntos\/","og_locale":"es_ES","og_type":"article","og_title":"Kit de Accesorios para Plataforma Rodante de 3 Puntos","og_description":"Obtenga m\u00e1s informaci\u00f3n sobre el kit de accesorios del sistema de plataforma rodante giratoria de 3 puntos de GKS, dise\u00f1ado para las plataformas rodantes giratorias RL2, RL4, RL6 y RL8.","og_url":"https:\/\/www.gksweb.com\/es\/product\/kit-de-accesorios-del-sistema-de-plataforma-rodante-giratoria-de-3-puntos\/","og_site_name":"GKS Lifting and Moving Solutions","article_modified_time":"2024-12-20T14:37:17+00:00","og_image":[{"width":500,"height":500,"url":"https:\/\/www.gksweb.com\/wp-content\/uploads\/2022\/01\/RL-3-point-set-up-.png","type":"image\/png"}],"twitter_card":"summary_large_image","twitter_misc":{"Tiempo de lectura":"1 minuto"},"schema":{"@context":"https:\/\/schema.org","@graph":[{"@type":"WebPage","@id":"https:\/\/www.gksweb.com\/es\/product\/kit-de-accesorios-del-sistema-de-plataforma-rodante-giratoria-de-3-puntos\/","url":"https:\/\/www.gksweb.com\/es\/product\/kit-de-accesorios-del-sistema-de-plataforma-rodante-giratoria-de-3-puntos\/","name":"Kit de Accesorios para Plataforma Rodante de 3 Puntos","isPartOf":{"@id":"https:\/\/www.gksweb.com\/es\/#website"},"primaryImageOfPage":{"@id":"https:\/\/www.gksweb.com\/es\/product\/kit-de-accesorios-del-sistema-de-plataforma-rodante-giratoria-de-3-puntos\/#primaryimage"},"image":{"@id":"https:\/\/www.gksweb.com\/es\/product\/kit-de-accesorios-del-sistema-de-plataforma-rodante-giratoria-de-3-puntos\/#primaryimage"},"thumbnailUrl":"https:\/\/www.gksweb.com\/wp-content\/uploads\/2022\/01\/RL-3-point-set-up-.png","datePublished":"2022-01-25T15:02:08+00:00","dateModified":"2024-12-20T14:37:17+00:00","description":"Obtenga m\u00e1s informaci\u00f3n sobre el kit de accesorios del sistema de plataforma rodante giratoria de 3 puntos de GKS, dise\u00f1ado para las plataformas rodantes giratorias RL2, RL4, RL6 y RL8.","breadcrumb":{"@id":"https:\/\/www.gksweb.com\/es\/product\/kit-de-accesorios-del-sistema-de-plataforma-rodante-giratoria-de-3-puntos\/#breadcrumb"},"inLanguage":"es","potentialAction":[{"@type":"ReadAction","target":["https:\/\/www.gksweb.com\/es\/product\/kit-de-accesorios-del-sistema-de-plataforma-rodante-giratoria-de-3-puntos\/"]}]},{"@type":"ImageObject","inLanguage":"es","@id":"https:\/\/www.gksweb.com\/es\/product\/kit-de-accesorios-del-sistema-de-plataforma-rodante-giratoria-de-3-puntos\/#primaryimage","url":"https:\/\/www.gksweb.com\/wp-content\/uploads\/2022\/01\/RL-3-point-set-up-.png","contentUrl":"https:\/\/www.gksweb.com\/wp-content\/uploads\/2022\/01\/RL-3-point-set-up-.png","width":500,"height":500},{"@type":"BreadcrumbList","@id":"https:\/\/www.gksweb.com\/es\/product\/kit-de-accesorios-del-sistema-de-plataforma-rodante-giratoria-de-3-puntos\/#breadcrumb","itemListElement":[{"@type":"ListItem","position":1,"name":"Home","item":"https:\/\/www.gksweb.com\/es\/"},{"@type":"ListItem","position":2,"name":"Productos","item":"https:\/\/www.gksweb.com\/products\/"},{"@type":"ListItem","position":3,"name":"Kit de accesorios del sistema de plataforma rodante giratoria de 3 puntos"}]},{"@type":"WebSite","@id":"https:\/\/www.gksweb.com\/es\/#website","url":"https:\/\/www.gksweb.com\/es\/","name":"GKS Lifting and Moving Solutions","description":"","potentialAction":[{"@type":"SearchAction","target":{"@type":"EntryPoint","urlTemplate":"https:\/\/www.gksweb.com\/es\/?s={search_term_string}"},"query-input":{"@type":"PropertyValueSpecification","valueRequired":true,"valueName":"search_term_string"}}],"inLanguage":"es"}]}},"_links":{"self":[{"href":"https:\/\/www.gksweb.com\/es\/wp-json\/wp\/v2\/product\/10211","targetHints":{"allow":["GET"]}}],"collection":[{"href":"https:\/\/www.gksweb.com\/es\/wp-json\/wp\/v2\/product"}],"about":[{"href":"https:\/\/www.gksweb.com\/es\/wp-json\/wp\/v2\/types\/product"}],"replies":[{"embeddable":true,"href":"https:\/\/www.gksweb.com\/es\/wp-json\/wp\/v2\/comments?post=10211"}],"wp:featuredmedia":[{"embeddable":true,"href":"https:\/\/www.gksweb.com\/es\/wp-json\/wp\/v2\/media\/9975"}],"wp:attachment":[{"href":"https:\/\/www.gksweb.com\/es\/wp-json\/wp\/v2\/media?parent=10211"}],"wp:term":[{"taxonomy":"product_brand","embeddable":true,"href":"https:\/\/www.gksweb.com\/es\/wp-json\/wp\/v2\/product_brand?post=10211"},{"taxonomy":"product_cat","embeddable":true,"href":"https:\/\/www.gksweb.com\/es\/wp-json\/wp\/v2\/product_cat?post=10211"},{"taxonomy":"product_tag","embeddable":true,"href":"https:\/\/www.gksweb.com\/es\/wp-json\/wp\/v2\/product_tag?post=10211"}],"curies":[{"name":"wp","href":"https:\/\/api.w.org\/{rel}","templated":true}]}}