{"id":10187,"date":"2023-12-11T12:00:54","date_gmt":"2023-12-11T17:00:54","guid":{"rendered":"https:\/\/www.gksweb.com\/product\/elevadores-hidraulicos-niquelados\/"},"modified":"2024-01-26T11:26:15","modified_gmt":"2024-01-26T16:26:15","slug":"aparatos-elevadores-niquelados","status":"publish","type":"product","link":"https:\/\/www.gksweb.com\/es\/product\/aparatos-elevadores-niquelados\/","title":{"rendered":"Gatos de u\u00f1a hidr\u00e1ulicos niquelados"},"content":{"rendered":"<p>[et_pb_section fb_built=\u00bb1&#8243; _builder_version=\u00bb4.16&#8243; custom_padding=\u00bb0px||||false|false\u00bb global_colors_info=\u00bb{}\u00bb][et_pb_row _builder_version=\u00bb4.16&#8243; background_size=\u00bbinitial\u00bb background_position=\u00bbtop_left\u00bb background_repeat=\u00bbrepeat\u00bb width=\u00bb100%\u00bb custom_padding=\u00bb0px||0px||false|false\u00bb global_colors_info=\u00bb{}\u00bb][et_pb_column type=\u00bb4_4&#8243; _builder_version=\u00bb4.16&#8243; custom_padding=\u00bb|||\u00bb global_colors_info=\u00bb{}\u00bb custom_padding__hover=\u00bb|||\u00bb][et_pb_wc_breadcrumb _builder_version=\u00bb4.16&#8243; global_colors_info=\u00bb{}\u00bb][\/et_pb_wc_breadcrumb][et_pb_wc_cart_notice _builder_version=\u00bb4.16&#8243; global_colors_info=\u00bb{}\u00bb][\/et_pb_wc_cart_notice][\/et_pb_column][\/et_pb_row][et_pb_row column_structure=\u00bb1_2,1_2&#8243; _builder_version=\u00bb4.16&#8243; background_size=\u00bbinitial\u00bb background_position=\u00bbtop_left\u00bb background_repeat=\u00bbrepeat\u00bb width=\u00bb100%\u00bb custom_padding=\u00bb0px||||false|false\u00bb global_colors_info=\u00bb{}\u00bb][et_pb_column type=\u00bb1_2&#8243; _builder_version=\u00bb4.16&#8243; custom_padding=\u00bb|||\u00bb global_colors_info=\u00bb{}\u00bb custom_padding__hover=\u00bb|||\u00bb][et_pb_wc_images _builder_version=\u00bb4.16&#8243; global_colors_info=\u00bb{}\u00bb][\/et_pb_wc_images][\/et_pb_column][et_pb_column type=\u00bb1_2&#8243; _builder_version=\u00bb4.16&#8243; custom_padding=\u00bb|||\u00bb global_colors_info=\u00bb{}\u00bb custom_padding__hover=\u00bb|||\u00bb][et_pb_wc_title _builder_version=\u00bb4.16&#8243; global_colors_info=\u00bb{}\u00bb][\/et_pb_wc_title][et_pb_wc_rating _builder_version=\u00bb4.16&#8243; global_colors_info=\u00bb{}\u00bb][\/et_pb_wc_rating][et_pb_wc_price _builder_version=\u00bb4.16&#8243; global_colors_info=\u00bb{}\u00bb][\/et_pb_wc_price][et_pb_wc_description _builder_version=\u00bb4.16&#8243; global_colors_info=\u00bb{}\u00bb][\/et_pb_wc_description][et_pb_wc_add_to_cart _builder_version=\u00bb4.16&#8243; global_colors_info=\u00bb{}\u00bb][\/et_pb_wc_add_to_cart][et_pb_wc_meta _builder_version=\u00bb4.16&#8243; global_colors_info=\u00bb{}\u00bb][\/et_pb_wc_meta][\/et_pb_column][\/et_pb_row][et_pb_row _builder_version=\u00bb4.16&#8243; background_size=\u00bbinitial\u00bb background_position=\u00bbtop_left\u00bb background_repeat=\u00bbrepeat\u00bb width=\u00bb100%\u00bb global_colors_info=\u00bb{}\u00bb][et_pb_column type=\u00bb4_4&#8243; _builder_version=\u00bb4.16&#8243; custom_padding=\u00bb|||\u00bb global_colors_info=\u00bb{}\u00bb custom_padding__hover=\u00bb|||\u00bb][et_pb_wc_tabs _builder_version=\u00bb4.16&#8243; global_colors_info=\u00bb{}\u00bb]\t\t\t\t\t[\/et_pb_wc_tabs][et_pb_wc_upsells _builder_version=\u00bb4.16&#8243; global_colors_info=\u00bb{}\u00bb][\/et_pb_wc_upsells][et_pb_wc_related_products _builder_version=\u00bb4.16&#8243; global_colors_info=\u00bb{}\u00bb][\/et_pb_wc_related_products][\/et_pb_column][\/et_pb_row][\/et_pb_section][et_pb_section fb_built=\u00bb1&#8243; _builder_version=\u00bb4.16&#8243; custom_padding=\u00bb0px||||false|false\u00bb global_colors_info=\u00bb{}\u00bb][et_pb_row _builder_version=\u00bb4.16&#8243; background_size=\u00bbinitial\u00bb background_position=\u00bbtop_left\u00bb background_repeat=\u00bbrepeat\u00bb width=\u00bb100%\u00bb custom_padding=\u00bb0px||0px||false|false\u00bb global_colors_info=\u00bb{}\u00bb][et_pb_column type=\u00bb4_4&#8243; _builder_version=\u00bb4.16&#8243; custom_padding=\u00bb|||\u00bb global_colors_info=\u00bb{}\u00bb custom_padding__hover=\u00bb|||\u00bb][et_pb_wc_breadcrumb _builder_version=\u00bb4.16&#8243; global_colors_info=\u00bb{}\u00bb][\/et_pb_wc_breadcrumb][et_pb_wc_cart_notice _builder_version=\u00bb4.16&#8243; global_colors_info=\u00bb{}\u00bb][\/et_pb_wc_cart_notice][\/et_pb_column][\/et_pb_row][et_pb_row column_structure=\u00bb1_2,1_2&#8243; _builder_version=\u00bb4.16&#8243; background_size=\u00bbinitial\u00bb background_position=\u00bbtop_left\u00bb background_repeat=\u00bbrepeat\u00bb width=\u00bb100%\u00bb custom_padding=\u00bb0px||||false|false\u00bb global_colors_info=\u00bb{}\u00bb][et_pb_column type=\u00bb1_2&#8243; _builder_version=\u00bb4.16&#8243; custom_padding=\u00bb|||\u00bb global_colors_info=\u00bb{}\u00bb custom_padding__hover=\u00bb|||\u00bb][et_pb_wc_images _builder_version=\u00bb4.16&#8243; global_colors_info=\u00bb{}\u00bb][\/et_pb_wc_images][\/et_pb_column][et_pb_column type=\u00bb1_2&#8243; _builder_version=\u00bb4.16&#8243; custom_padding=\u00bb|||\u00bb global_colors_info=\u00bb{}\u00bb custom_padding__hover=\u00bb|||\u00bb][et_pb_wc_title _builder_version=\u00bb4.16&#8243; global_colors_info=\u00bb{}\u00bb][\/et_pb_wc_title][et_pb_wc_rating _builder_version=\u00bb4.16&#8243; global_colors_info=\u00bb{}\u00bb][\/et_pb_wc_rating][et_pb_wc_price _builder_version=\u00bb4.16&#8243; global_colors_info=\u00bb{}\u00bb][\/et_pb_wc_price][et_pb_wc_description _builder_version=\u00bb4.16&#8243; global_colors_info=\u00bb{}\u00bb][\/et_pb_wc_description][et_pb_wc_add_to_cart _builder_version=\u00bb4.16&#8243; global_colors_info=\u00bb{}\u00bb][\/et_pb_wc_add_to_cart][et_pb_wc_meta _builder_version=\u00bb4.16&#8243; global_colors_info=\u00bb{}\u00bb][\/et_pb_wc_meta][\/et_pb_column][\/et_pb_row][et_pb_row _builder_version=\u00bb4.16&#8243; background_size=\u00bbinitial\u00bb background_position=\u00bbtop_left\u00bb background_repeat=\u00bbrepeat\u00bb width=\u00bb100%\u00bb global_colors_info=\u00bb{}\u00bb][et_pb_column type=\u00bb4_4&#8243; _builder_version=\u00bb4.16&#8243; custom_padding=\u00bb|||\u00bb global_colors_info=\u00bb{}\u00bb custom_padding__hover=\u00bb|||\u00bb][et_pb_wc_tabs _builder_version=\u00bb4.16&#8243; global_colors_info=\u00bb{}\u00bb]\t\t\t\t\t[\/et_pb_wc_tabs][et_pb_wc_upsells _builder_version=\u00bb4.16&#8243; global_colors_info=\u00bb{}\u00bb][\/et_pb_wc_upsells][et_pb_wc_related_products _builder_version=\u00bb4.16&#8243; global_colors_info=\u00bb{}\u00bb][\/et_pb_wc_related_products][\/et_pb_column][\/et_pb_row][\/et_pb_section]<\/p>\n","protected":false},"excerpt":{"rendered":"<p>Para levantar cargas pesadas de forma segura<\/p>\n","protected":false},"featured_media":9125,"comment_status":"closed","ping_status":"closed","template":"","meta":{"_acf_changed":false,"_et_pb_use_builder":"on","_et_pb_old_content":"<h2><span style=\"font-weight: 400\">Gatos hidr\u00e1ulicos de u\u00f1a niquelados para salas limpias y entornos de fabricaci\u00f3n sensibles.<\/span><\/h2>\r\n<b>Todos nuestros aparatos elevadores pueden ser niquelados bajo pedido.<\/b>\r\n\r\n<span style=\"font-weight: 400\">Los gatos hidr\u00e1ulicos de u\u00f1a niquelados GKS brindan a\u00f1os de elevaci\u00f3n confiable y robusta en entornos de sala limpia, como el procesamiento de alimentos, la electr\u00f3nica, el procesamiento qu\u00edmico, los productos farmac\u00e9uticos y la fabricaci\u00f3n de chips. Nuestros aparatos elevadores niquelados y plataformas rodantes para salas limpias son ideales para una variedad de aplicaciones de elevaci\u00f3n y movimiento de cargas pesadas de usos m\u00faltiples.<\/span>\r\n\r\n<a href=\"https:\/\/www.gksweb.com\/es\/productos\/gatos\/\"><span style=\"font-weight: 400\">Cualquiera de nuestros gatos<\/span><\/a><span style=\"font-weight: 400\"> se puede niquelar a pedido, lo cual es excelente para salas limpias, pisos de fabricaci\u00f3n y otros entornos est\u00e9riles o sensibles. Debido a que los aparatos elevadores niquelados son resistentes a la corrosi\u00f3n y la oxidaci\u00f3n, no producen \u201cpolvo de \u00f3xido\u201d\" o part\u00edculas que puedan comprometer la integridad de la sala limpia al entrar en contacto con el aire o los productos. El uso de un aparato elevador niquelado puede mantener el equipo limpio durante m\u00e1s tiempo y reducir la acumulaci\u00f3n de polvo y part\u00edculas.<\/span>\r\n\r\n<span style=\"font-weight: 400\">El niquelado tambi\u00e9n ofrece otros beneficios. El niquelado protege los gatos de u\u00f1a y las plataformas rodantes para salas limpias de los efectos de la humedad, lo que puede ser beneficioso en entornos de fabricaci\u00f3n h\u00famedos. Tambi\u00e9n es menos probable que un aparato elevador niquelado libere gases contaminantes en una sala limpia. Algunos contaminantes transportados por el aire se propagan al adherirse a superficies que viajan de un lugar a otro y se \u201cdesgasifican\u201d como vapor molecular. Sin embargo, es mucho m\u00e1s dif\u00edcil que estas mol\u00e9culas se adhieran a la superficie lisa creada por el niquelado, por lo que optar por un aparato elevador niquelado minimizar\u00e1 el riesgo de desgasificaci\u00f3n del propio aparato elevador.<\/span>\r\n\r\n<span style=\"font-weight: 400\">Los gatos hidr\u00e1ulicos de u\u00f1a GKS est\u00e1n dise\u00f1ados y fabricados pensando en la durabilidad. Nuestros gatos de u\u00f1a est\u00e1n disponibles en una variedad de tama\u00f1os para que pueda elegir la capacidad de carga que necesita. Puede duplicar la capacidad de carga de su gato oper\u00e1ndolo en t\u00e1ndem con un segundo gato hidr\u00e1ulico de u\u00f1a niquelado con una <\/span><a href=\"https:\/\/www.gksweb.com\/es\/producto\/bomba-manual-pv\/\"><span style=\"font-weight: 400\">Bomba manual externa PV GKS<\/span><\/a><span style=\"font-weight: 400\">.\u00a0<\/span>\r\n\r\n<span style=\"font-weight: 400\">Los aparatos elevadores GKS est\u00e1n dise\u00f1ados para soportar toda la capacidad de carga en la base y la placa superior. Una v\u00e1lvula de descarga permite bajar las cargas con precisi\u00f3n y cuidado. Nuestros gatos hidr\u00e1ulicos de u\u00f1a tambi\u00e9n cuentan con una v\u00e1lvula de seguridad para protecci\u00f3n contra sobrecargas.<\/span>\r\n\r\n<span style=\"font-weight: 400\">Otras caracter\u00edsticas de los gatos hidr\u00e1ulicos de u\u00f1a GKS incluyen:<\/span>\r\n<ul>\r\n \t<li style=\"font-weight: 400\"><span style=\"font-weight: 400\">Puntera de seguridad de acero forjado<\/span><\/li>\r\n \t<li style=\"font-weight: 400\"><span style=\"font-weight: 400\">Gu\u00edas de precisi\u00f3n<\/span><\/li>\r\n \t<li style=\"font-weight: 400\"><span style=\"font-weight: 400\">Ruedas para facilitar el f\u00e1cil rodado<\/span><\/li>\r\n \t<li style=\"font-weight: 400\"><span style=\"font-weight: 400\">Puntera de seguridad de altura ajustable de una sola pieza, dise\u00f1ada y fabricada con un alto margen de seguridad<\/span><\/li>\r\n \t<li style=\"font-weight: 400\"><span style=\"font-weight: 400\">Dise\u00f1o modular, para permitir un servicio f\u00e1cil<\/span><\/li>\r\n<\/ul>\r\n<span style=\"font-weight: 400\">Los gatos hidr\u00e1ulicos de u\u00f1a GKS vienen con una garant\u00eda limitada de cinco a\u00f1os y soporte t\u00e9cnico de por vida.<\/span>\r\n\r\n<span style=\"font-weight: 400\">GKS est\u00e1 acreditada seg\u00fan DIN EN ISO 9001:2008. Nuestro proceso de fabricaci\u00f3n utiliza m\u00e9todos de producci\u00f3n de \u00faltima generaci\u00f3n que garantizan una alta calidad constante. Todos los aparatos elevadores GKS cumplen con los est\u00e1ndares Testmark BGV D8 (Alemania) y ANSI\/ASME (EE.\u00a0UU.).<\/span>\r\n\r\n<span style=\"font-weight: 400\">Para garantizar una funcionalidad y una apariencia \u00f3ptimas, el 100\u00a0% de nuestros aparatos elevadores para trabajo pesado deben pasar un proceso exhaustivo de prueba y aprobaci\u00f3n antes de salir de f\u00e1brica. Cada aparato elevador se entrega con un informe de prueba y una etiqueta que indica la fecha de su pr\u00f3xima inspecci\u00f3n.<\/span>\r\n\r\n<span style=\"font-weight: 400\">Para obtener m\u00e1s informaci\u00f3n sobre el niquelado, las plataformas rodantes para salas limpias y los gatos hidr\u00e1ulicos de u\u00f1a GKS, <\/span><a href=\"https:\/\/www.gksweb.com\/es\/contactenos\/\"><span style=\"font-weight: 400\">cont\u00e1ctenos &gt;<\/span><\/a><span style=\"font-weight: 400\">\u00a0<\/span>","_et_gb_content_width":""},"product_brand":[],"product_cat":[421,594],"product_tag":[],"class_list":{"0":"post-10187","1":"product","2":"type-product","3":"status-publish","4":"has-post-thumbnail","6":"product_cat-gatos","7":"product_cat-gatos-hidraulicos-de-una-niquelados","9":"first","10":"instock","11":"shipping-taxable","12":"product-type-simple"},"acf":[],"yoast_head":"<!-- This site is optimized with the Yoast SEO plugin v25.4 - https:\/\/yoast.com\/wordpress\/plugins\/seo\/ -->\n<title>Niquelado - Elevadores hidr\u00e1ulicos para sala limpia<\/title>\n<meta name=\"description\" content=\"Obtenga m\u00e1s detalles sobre los aparatos elevadores niquelados de GKS Perfekt. Soluciones de Elevaci\u00f3n y Transporte GKS Perfekt con aparatos elevadores\u2026 Moviendo cargas pesadas en espacios reducidos desde 1967.\" \/>\n<meta name=\"robots\" content=\"index, follow, max-snippet:-1, max-image-preview:large, max-video-preview:-1\" \/>\n<link rel=\"canonical\" href=\"https:\/\/www.gksweb.com\/es\/product\/aparatos-elevadores-niquelados\/\" \/>\n<meta property=\"og:locale\" content=\"es_ES\" \/>\n<meta property=\"og:type\" content=\"article\" \/>\n<meta property=\"og:title\" content=\"Niquelado - Elevadores hidr\u00e1ulicos para sala limpia\" \/>\n<meta property=\"og:description\" content=\"Obtenga m\u00e1s detalles sobre los aparatos elevadores niquelados de GKS Perfekt. Soluciones de Elevaci\u00f3n y Transporte GKS Perfekt con aparatos elevadores\u2026 Moviendo cargas pesadas en espacios reducidos desde 1967.\" \/>\n<meta property=\"og:url\" content=\"https:\/\/www.gksweb.com\/es\/product\/aparatos-elevadores-niquelados\/\" \/>\n<meta property=\"og:site_name\" content=\"GKS Lifting and Moving Solutions\" \/>\n<meta property=\"article:modified_time\" content=\"2024-01-26T16:26:15+00:00\" \/>\n<meta property=\"og:image\" content=\"https:\/\/www.gksweb.com\/wp-content\/uploads\/2020\/12\/nickel-plated-jack.png\" \/>\n\t<meta property=\"og:image:width\" content=\"800\" \/>\n\t<meta property=\"og:image:height\" content=\"800\" \/>\n\t<meta property=\"og:image:type\" content=\"image\/png\" \/>\n<meta name=\"twitter:card\" content=\"summary_large_image\" \/>\n<meta name=\"twitter:label1\" content=\"Tiempo de lectura\" \/>\n\t<meta name=\"twitter:data1\" content=\"9 minutos\" \/>\n<script type=\"application\/ld+json\" class=\"yoast-schema-graph\">{\"@context\":\"https:\/\/schema.org\",\"@graph\":[{\"@type\":\"WebPage\",\"@id\":\"https:\/\/www.gksweb.com\/es\/product\/aparatos-elevadores-niquelados\/\",\"url\":\"https:\/\/www.gksweb.com\/es\/product\/aparatos-elevadores-niquelados\/\",\"name\":\"Niquelado - Elevadores hidr\u00e1ulicos para sala limpia\",\"isPartOf\":{\"@id\":\"https:\/\/www.gksweb.com\/es\/#website\"},\"primaryImageOfPage\":{\"@id\":\"https:\/\/www.gksweb.com\/es\/product\/aparatos-elevadores-niquelados\/#primaryimage\"},\"image\":{\"@id\":\"https:\/\/www.gksweb.com\/es\/product\/aparatos-elevadores-niquelados\/#primaryimage\"},\"thumbnailUrl\":\"https:\/\/www.gksweb.com\/wp-content\/uploads\/2020\/12\/nickel-plated-jack.png\",\"datePublished\":\"2023-12-11T17:00:54+00:00\",\"dateModified\":\"2024-01-26T16:26:15+00:00\",\"description\":\"Obtenga m\u00e1s detalles sobre los aparatos elevadores niquelados de GKS Perfekt. Soluciones de Elevaci\u00f3n y Transporte GKS Perfekt con aparatos elevadores\u2026 Moviendo cargas pesadas en espacios reducidos desde 1967.\",\"breadcrumb\":{\"@id\":\"https:\/\/www.gksweb.com\/es\/product\/aparatos-elevadores-niquelados\/#breadcrumb\"},\"inLanguage\":\"es\",\"potentialAction\":[{\"@type\":\"ReadAction\",\"target\":[\"https:\/\/www.gksweb.com\/es\/product\/aparatos-elevadores-niquelados\/\"]}]},{\"@type\":\"ImageObject\",\"inLanguage\":\"es\",\"@id\":\"https:\/\/www.gksweb.com\/es\/product\/aparatos-elevadores-niquelados\/#primaryimage\",\"url\":\"https:\/\/www.gksweb.com\/wp-content\/uploads\/2020\/12\/nickel-plated-jack.png\",\"contentUrl\":\"https:\/\/www.gksweb.com\/wp-content\/uploads\/2020\/12\/nickel-plated-jack.png\",\"width\":800,\"height\":800},{\"@type\":\"BreadcrumbList\",\"@id\":\"https:\/\/www.gksweb.com\/es\/product\/aparatos-elevadores-niquelados\/#breadcrumb\",\"itemListElement\":[{\"@type\":\"ListItem\",\"position\":1,\"name\":\"Home\",\"item\":\"https:\/\/www.gksweb.com\/es\/\"},{\"@type\":\"ListItem\",\"position\":2,\"name\":\"Productos\",\"item\":\"https:\/\/www.gksweb.com\/products\/\"},{\"@type\":\"ListItem\",\"position\":3,\"name\":\"Gatos de u\u00f1a hidr\u00e1ulicos niquelados\"}]},{\"@type\":\"WebSite\",\"@id\":\"https:\/\/www.gksweb.com\/es\/#website\",\"url\":\"https:\/\/www.gksweb.com\/es\/\",\"name\":\"GKS Lifting and Moving Solutions\",\"description\":\"\",\"potentialAction\":[{\"@type\":\"SearchAction\",\"target\":{\"@type\":\"EntryPoint\",\"urlTemplate\":\"https:\/\/www.gksweb.com\/es\/?s={search_term_string}\"},\"query-input\":{\"@type\":\"PropertyValueSpecification\",\"valueRequired\":true,\"valueName\":\"search_term_string\"}}],\"inLanguage\":\"es\"}]}<\/script>\n<!-- \/ Yoast SEO plugin. -->","yoast_head_json":{"title":"Niquelado - Elevadores hidr\u00e1ulicos para sala limpia","description":"Obtenga m\u00e1s detalles sobre los aparatos elevadores niquelados de GKS Perfekt. Soluciones de Elevaci\u00f3n y Transporte GKS Perfekt con aparatos elevadores\u2026 Moviendo cargas pesadas en espacios reducidos desde 1967.","robots":{"index":"index","follow":"follow","max-snippet":"max-snippet:-1","max-image-preview":"max-image-preview:large","max-video-preview":"max-video-preview:-1"},"canonical":"https:\/\/www.gksweb.com\/es\/product\/aparatos-elevadores-niquelados\/","og_locale":"es_ES","og_type":"article","og_title":"Niquelado - Elevadores hidr\u00e1ulicos para sala limpia","og_description":"Obtenga m\u00e1s detalles sobre los aparatos elevadores niquelados de GKS Perfekt. Soluciones de Elevaci\u00f3n y Transporte GKS Perfekt con aparatos elevadores\u2026 Moviendo cargas pesadas en espacios reducidos desde 1967.","og_url":"https:\/\/www.gksweb.com\/es\/product\/aparatos-elevadores-niquelados\/","og_site_name":"GKS Lifting and Moving Solutions","article_modified_time":"2024-01-26T16:26:15+00:00","og_image":[{"width":800,"height":800,"url":"https:\/\/www.gksweb.com\/wp-content\/uploads\/2020\/12\/nickel-plated-jack.png","type":"image\/png"}],"twitter_card":"summary_large_image","twitter_misc":{"Tiempo de lectura":"9 minutos"},"schema":{"@context":"https:\/\/schema.org","@graph":[{"@type":"WebPage","@id":"https:\/\/www.gksweb.com\/es\/product\/aparatos-elevadores-niquelados\/","url":"https:\/\/www.gksweb.com\/es\/product\/aparatos-elevadores-niquelados\/","name":"Niquelado - Elevadores hidr\u00e1ulicos para sala limpia","isPartOf":{"@id":"https:\/\/www.gksweb.com\/es\/#website"},"primaryImageOfPage":{"@id":"https:\/\/www.gksweb.com\/es\/product\/aparatos-elevadores-niquelados\/#primaryimage"},"image":{"@id":"https:\/\/www.gksweb.com\/es\/product\/aparatos-elevadores-niquelados\/#primaryimage"},"thumbnailUrl":"https:\/\/www.gksweb.com\/wp-content\/uploads\/2020\/12\/nickel-plated-jack.png","datePublished":"2023-12-11T17:00:54+00:00","dateModified":"2024-01-26T16:26:15+00:00","description":"Obtenga m\u00e1s detalles sobre los aparatos elevadores niquelados de GKS Perfekt. Soluciones de Elevaci\u00f3n y Transporte GKS Perfekt con aparatos elevadores\u2026 Moviendo cargas pesadas en espacios reducidos desde 1967.","breadcrumb":{"@id":"https:\/\/www.gksweb.com\/es\/product\/aparatos-elevadores-niquelados\/#breadcrumb"},"inLanguage":"es","potentialAction":[{"@type":"ReadAction","target":["https:\/\/www.gksweb.com\/es\/product\/aparatos-elevadores-niquelados\/"]}]},{"@type":"ImageObject","inLanguage":"es","@id":"https:\/\/www.gksweb.com\/es\/product\/aparatos-elevadores-niquelados\/#primaryimage","url":"https:\/\/www.gksweb.com\/wp-content\/uploads\/2020\/12\/nickel-plated-jack.png","contentUrl":"https:\/\/www.gksweb.com\/wp-content\/uploads\/2020\/12\/nickel-plated-jack.png","width":800,"height":800},{"@type":"BreadcrumbList","@id":"https:\/\/www.gksweb.com\/es\/product\/aparatos-elevadores-niquelados\/#breadcrumb","itemListElement":[{"@type":"ListItem","position":1,"name":"Home","item":"https:\/\/www.gksweb.com\/es\/"},{"@type":"ListItem","position":2,"name":"Productos","item":"https:\/\/www.gksweb.com\/products\/"},{"@type":"ListItem","position":3,"name":"Gatos de u\u00f1a hidr\u00e1ulicos niquelados"}]},{"@type":"WebSite","@id":"https:\/\/www.gksweb.com\/es\/#website","url":"https:\/\/www.gksweb.com\/es\/","name":"GKS Lifting and Moving Solutions","description":"","potentialAction":[{"@type":"SearchAction","target":{"@type":"EntryPoint","urlTemplate":"https:\/\/www.gksweb.com\/es\/?s={search_term_string}"},"query-input":{"@type":"PropertyValueSpecification","valueRequired":true,"valueName":"search_term_string"}}],"inLanguage":"es"}]}},"_links":{"self":[{"href":"https:\/\/www.gksweb.com\/es\/wp-json\/wp\/v2\/product\/10187","targetHints":{"allow":["GET"]}}],"collection":[{"href":"https:\/\/www.gksweb.com\/es\/wp-json\/wp\/v2\/product"}],"about":[{"href":"https:\/\/www.gksweb.com\/es\/wp-json\/wp\/v2\/types\/product"}],"replies":[{"embeddable":true,"href":"https:\/\/www.gksweb.com\/es\/wp-json\/wp\/v2\/comments?post=10187"}],"wp:featuredmedia":[{"embeddable":true,"href":"https:\/\/www.gksweb.com\/es\/wp-json\/wp\/v2\/media\/9125"}],"wp:attachment":[{"href":"https:\/\/www.gksweb.com\/es\/wp-json\/wp\/v2\/media?parent=10187"}],"wp:term":[{"taxonomy":"product_brand","embeddable":true,"href":"https:\/\/www.gksweb.com\/es\/wp-json\/wp\/v2\/product_brand?post=10187"},{"taxonomy":"product_cat","embeddable":true,"href":"https:\/\/www.gksweb.com\/es\/wp-json\/wp\/v2\/product_cat?post=10187"},{"taxonomy":"product_tag","embeddable":true,"href":"https:\/\/www.gksweb.com\/es\/wp-json\/wp\/v2\/product_tag?post=10187"}],"curies":[{"name":"wp","href":"https:\/\/api.w.org\/{rel}","templated":true}]}}