{"id":10186,"date":"2020-12-10T22:10:59","date_gmt":"2020-12-11T03:10:59","guid":{"rendered":"https:\/\/www.gksweb.com\/product\/aparato-elevador-universal-u6\/"},"modified":"2024-06-10T09:39:09","modified_gmt":"2024-06-10T13:39:09","slug":"u6-aparato-elevador-universal","status":"publish","type":"product","link":"https:\/\/www.gksweb.com\/es\/product\/u6-aparato-elevador-universal\/","title":{"rendered":"Gatos universales U6"},"content":{"rendered":"<p>El Unilifter U6 de GKS-PERFEKT es un gato de u\u00f1a universal para trabajar en horizontal y en vertical. Debido a su forma, el aparato elevador no se volcar\u00e1n cuando se utilice en la posici\u00f3n horizontal.<\/p>\n<p>El Unilifter U6 de dise\u00f1o resistente proporciona seguridad y estabilidad excepcionales, ya que todos los componentes est\u00e1n soldados entre s\u00ed para formar un \u00fanico m\u00f3dulo s\u00f3lido. El bajo peso del aparato elevador lo convierte en una soluci\u00f3n ideal para usar en \u00e1reas remotas para aplicaciones tales como elevaci\u00f3n de rieles para el mantenimiento de carretillas elevadoras o veh\u00edculos similares, as\u00ed como instalaci\u00f3n y transporte pesado.<\/p>\n<p>Hecho para uso en interiores y exteriores en f\u00e1bricas y talleres, el U6 levanta hasta 13,200\u00a0libras. La base y la placa superior de Unilifter est\u00e1n dise\u00f1adas para soportar la capacidad de carga total. Y la unidad, cubierta por una garant\u00eda de cinco a\u00f1os, est\u00e1 dise\u00f1ada para una seguridad y un rendimiento \u00f3ptimos. La puntera de seguridad reforzada extendida del U6 cuenta con dientes para evitar que las cargas se deslicen.<\/p>\n<p>Se incluye una v\u00e1lvula de liberaci\u00f3n para permitir un descenso preciso y sensible, mientras que la v\u00e1lvula de seguridad de la unidad evita la sobrecarga.<\/p>\n<p>Todos los aparatos elevadores de GKS-PERFEKT tambi\u00e9n est\u00e1n disponibles en una versi\u00f3n niquelada para uso en salas blancas. Para obtener m\u00e1s informaci\u00f3n sobre la opci\u00f3n niquelada, comun\u00edquese con nosotros\u00a0<a href=\"https:\/\/www.gksweb.com\/support\/catalog-request\/\" target=\"_blank\" rel=\"noopener noreferrer\">en l\u00ednea<\/a>\u00a0o ll\u00e1menos al 937-324-8867.<\/p>\n<p>El aparato elevador Unilifter U6, como todos los aparatos elevadores y plataformas rodantes de GKS-PERFEKT, debe pasar rigurosas pruebas de calidad antes de enviarlos a los clientes. Cada aparato elevador viene con un informe de prueba y una etiqueta que indica la fecha de su pr\u00f3xima inspecci\u00f3n.<\/p>\n","protected":false},"excerpt":{"rendered":"<p>Para levantar cargas pesadas de forma segura<\/p>\n","protected":false},"featured_media":9126,"comment_status":"closed","ping_status":"closed","template":"","meta":{"_acf_changed":false,"_et_pb_use_builder":"","_et_pb_old_content":"El Unilifter U6 de GKS-PERFEKT es un gato de u\u00f1a universal para trabajar en horizontal y en vertical. Debido a su forma, el aparato elevador no se volcar\u00e1n cuando se utilice en la posici\u00f3n horizontal.\r\n\r\nEl Unilifter U6 de dise\u00f1o resistente proporciona seguridad y estabilidad excepcionales, ya que todos los componentes est\u00e1n soldados entre s\u00ed para formar un \u00fanico m\u00f3dulo s\u00f3lido. El bajo peso del aparato elevador lo convierte en una soluci\u00f3n ideal para usar en \u00e1reas remotas para aplicaciones tales como elevaci\u00f3n de rieles para el mantenimiento de carretillas elevadoras o veh\u00edculos similares, as\u00ed como instalaci\u00f3n y transporte pesado.\r\n\r\nHecho para uso en interiores y exteriores en f\u00e1bricas y talleres, el U6 levanta hasta 13,200\u00a0libras. La base y la placa superior de Unilifter est\u00e1n dise\u00f1adas para soportar la capacidad de carga total. Y la unidad, cubierta por una garant\u00eda de cinco a\u00f1os, est\u00e1 dise\u00f1ada para una seguridad y un rendimiento \u00f3ptimos. La puntera de seguridad reforzada extendida del U6 cuenta con dientes para evitar que las cargas se deslicen.\r\n\r\nSe incluye una v\u00e1lvula de liberaci\u00f3n para permitir un descenso preciso y sensible, mientras que la v\u00e1lvula de seguridad de la unidad evita la sobrecarga.\r\n\r\nTodos los aparatos elevadores de GKS-PERFEKT tambi\u00e9n est\u00e1n disponibles en una versi\u00f3n niquelada para uso en salas blancas. Para obtener m\u00e1s informaci\u00f3n sobre la opci\u00f3n niquelada, comun\u00edquese con nosotros\u00a0<a href=\"https:\/\/www.gksweb.com\/support\/catalog-request\/\" target=\"_blank\" rel=\"noopener noreferrer\">en l\u00ednea<\/a>\u00a0o ll\u00e1menos al 937-324-8867.\r\n\r\nEl aparato elevador Unilifter U6, como todos los aparatos elevadores y plataformas rodantes de GKS-PERFEKT, debe pasar rigurosas pruebas de calidad antes de enviarlos a los clientes. Cada aparato elevador viene con un informe de prueba y una etiqueta que indica la fecha de su pr\u00f3xima inspecci\u00f3n.","_et_gb_content_width":""},"product_brand":[],"product_cat":[591,421],"product_tag":[],"class_list":{"0":"post-10186","1":"product","2":"type-product","3":"status-publish","4":"has-post-thumbnail","6":"product_cat-aparatos-elevadores-universales","7":"product_cat-gatos","9":"first","10":"instock","11":"shipping-taxable","12":"purchasable","13":"product-type-simple"},"acf":[],"yoast_head":"<!-- This site is optimized with the Yoast SEO plugin v25.4 - https:\/\/yoast.com\/wordpress\/plugins\/seo\/ -->\n<title>U6 - Aparatos elevadores universales | Soluciones de Elevaci\u00f3n y Transporte GKS Perfekt<\/title>\n<meta name=\"description\" content=\"Obtenga detalles sobre los aparatos elevadores universales U6 de GKS Perfect. Soluciones de Elevaci\u00f3n y Transporte GKS Perfekt con aparatos elevadores universales. Moviendo cargas pesadas en espacios reducidos desde 1967.\" \/>\n<meta name=\"robots\" content=\"index, follow, max-snippet:-1, max-image-preview:large, max-video-preview:-1\" \/>\n<link rel=\"canonical\" href=\"https:\/\/www.gksweb.com\/es\/product\/u6-aparato-elevador-universal\/\" \/>\n<meta property=\"og:locale\" content=\"es_ES\" \/>\n<meta property=\"og:type\" content=\"article\" \/>\n<meta property=\"og:title\" content=\"U6 - Aparatos elevadores universales | Soluciones de Elevaci\u00f3n y Transporte GKS Perfekt\" \/>\n<meta property=\"og:description\" content=\"Obtenga detalles sobre los aparatos elevadores universales U6 de GKS Perfect. Soluciones de Elevaci\u00f3n y Transporte GKS Perfekt con aparatos elevadores universales. Moviendo cargas pesadas en espacios reducidos desde 1967.\" \/>\n<meta property=\"og:url\" content=\"https:\/\/www.gksweb.com\/es\/product\/u6-aparato-elevador-universal\/\" \/>\n<meta property=\"og:site_name\" content=\"GKS Lifting and Moving Solutions\" \/>\n<meta property=\"article:modified_time\" content=\"2024-06-10T13:39:09+00:00\" \/>\n<meta property=\"og:image\" content=\"https:\/\/www.gksweb.com\/wp-content\/uploads\/2020\/12\/U6-jack.png\" \/>\n\t<meta property=\"og:image:width\" content=\"800\" \/>\n\t<meta property=\"og:image:height\" content=\"800\" \/>\n\t<meta property=\"og:image:type\" content=\"image\/png\" \/>\n<meta name=\"twitter:card\" content=\"summary_large_image\" \/>\n<meta name=\"twitter:label1\" content=\"Tiempo de lectura\" \/>\n\t<meta name=\"twitter:data1\" content=\"2 minutos\" \/>\n<script type=\"application\/ld+json\" class=\"yoast-schema-graph\">{\"@context\":\"https:\/\/schema.org\",\"@graph\":[{\"@type\":\"WebPage\",\"@id\":\"https:\/\/www.gksweb.com\/es\/product\/u6-aparato-elevador-universal\/\",\"url\":\"https:\/\/www.gksweb.com\/es\/product\/u6-aparato-elevador-universal\/\",\"name\":\"U6 - Aparatos elevadores universales | Soluciones de Elevaci\u00f3n y Transporte GKS Perfekt\",\"isPartOf\":{\"@id\":\"https:\/\/www.gksweb.com\/es\/#website\"},\"primaryImageOfPage\":{\"@id\":\"https:\/\/www.gksweb.com\/es\/product\/u6-aparato-elevador-universal\/#primaryimage\"},\"image\":{\"@id\":\"https:\/\/www.gksweb.com\/es\/product\/u6-aparato-elevador-universal\/#primaryimage\"},\"thumbnailUrl\":\"https:\/\/www.gksweb.com\/wp-content\/uploads\/2020\/12\/U6-jack.png\",\"datePublished\":\"2020-12-11T03:10:59+00:00\",\"dateModified\":\"2024-06-10T13:39:09+00:00\",\"description\":\"Obtenga detalles sobre los aparatos elevadores universales U6 de GKS Perfect. Soluciones de Elevaci\u00f3n y Transporte GKS Perfekt con aparatos elevadores universales. Moviendo cargas pesadas en espacios reducidos desde 1967.\",\"breadcrumb\":{\"@id\":\"https:\/\/www.gksweb.com\/es\/product\/u6-aparato-elevador-universal\/#breadcrumb\"},\"inLanguage\":\"es\",\"potentialAction\":[{\"@type\":\"ReadAction\",\"target\":[\"https:\/\/www.gksweb.com\/es\/product\/u6-aparato-elevador-universal\/\"]}]},{\"@type\":\"ImageObject\",\"inLanguage\":\"es\",\"@id\":\"https:\/\/www.gksweb.com\/es\/product\/u6-aparato-elevador-universal\/#primaryimage\",\"url\":\"https:\/\/www.gksweb.com\/wp-content\/uploads\/2020\/12\/U6-jack.png\",\"contentUrl\":\"https:\/\/www.gksweb.com\/wp-content\/uploads\/2020\/12\/U6-jack.png\",\"width\":800,\"height\":800},{\"@type\":\"BreadcrumbList\",\"@id\":\"https:\/\/www.gksweb.com\/es\/product\/u6-aparato-elevador-universal\/#breadcrumb\",\"itemListElement\":[{\"@type\":\"ListItem\",\"position\":1,\"name\":\"Home\",\"item\":\"https:\/\/www.gksweb.com\/es\/\"},{\"@type\":\"ListItem\",\"position\":2,\"name\":\"Productos\",\"item\":\"https:\/\/www.gksweb.com\/products\/\"},{\"@type\":\"ListItem\",\"position\":3,\"name\":\"Gatos universales U6\"}]},{\"@type\":\"WebSite\",\"@id\":\"https:\/\/www.gksweb.com\/es\/#website\",\"url\":\"https:\/\/www.gksweb.com\/es\/\",\"name\":\"GKS Lifting and Moving Solutions\",\"description\":\"\",\"potentialAction\":[{\"@type\":\"SearchAction\",\"target\":{\"@type\":\"EntryPoint\",\"urlTemplate\":\"https:\/\/www.gksweb.com\/es\/?s={search_term_string}\"},\"query-input\":{\"@type\":\"PropertyValueSpecification\",\"valueRequired\":true,\"valueName\":\"search_term_string\"}}],\"inLanguage\":\"es\"}]}<\/script>\n<!-- \/ Yoast SEO plugin. -->","yoast_head_json":{"title":"U6 - Aparatos elevadores universales | Soluciones de Elevaci\u00f3n y Transporte GKS Perfekt","description":"Obtenga detalles sobre los aparatos elevadores universales U6 de GKS Perfect. Soluciones de Elevaci\u00f3n y Transporte GKS Perfekt con aparatos elevadores universales. Moviendo cargas pesadas en espacios reducidos desde 1967.","robots":{"index":"index","follow":"follow","max-snippet":"max-snippet:-1","max-image-preview":"max-image-preview:large","max-video-preview":"max-video-preview:-1"},"canonical":"https:\/\/www.gksweb.com\/es\/product\/u6-aparato-elevador-universal\/","og_locale":"es_ES","og_type":"article","og_title":"U6 - Aparatos elevadores universales | Soluciones de Elevaci\u00f3n y Transporte GKS Perfekt","og_description":"Obtenga detalles sobre los aparatos elevadores universales U6 de GKS Perfect. Soluciones de Elevaci\u00f3n y Transporte GKS Perfekt con aparatos elevadores universales. Moviendo cargas pesadas en espacios reducidos desde 1967.","og_url":"https:\/\/www.gksweb.com\/es\/product\/u6-aparato-elevador-universal\/","og_site_name":"GKS Lifting and Moving Solutions","article_modified_time":"2024-06-10T13:39:09+00:00","og_image":[{"width":800,"height":800,"url":"https:\/\/www.gksweb.com\/wp-content\/uploads\/2020\/12\/U6-jack.png","type":"image\/png"}],"twitter_card":"summary_large_image","twitter_misc":{"Tiempo de lectura":"2 minutos"},"schema":{"@context":"https:\/\/schema.org","@graph":[{"@type":"WebPage","@id":"https:\/\/www.gksweb.com\/es\/product\/u6-aparato-elevador-universal\/","url":"https:\/\/www.gksweb.com\/es\/product\/u6-aparato-elevador-universal\/","name":"U6 - Aparatos elevadores universales | Soluciones de Elevaci\u00f3n y Transporte GKS Perfekt","isPartOf":{"@id":"https:\/\/www.gksweb.com\/es\/#website"},"primaryImageOfPage":{"@id":"https:\/\/www.gksweb.com\/es\/product\/u6-aparato-elevador-universal\/#primaryimage"},"image":{"@id":"https:\/\/www.gksweb.com\/es\/product\/u6-aparato-elevador-universal\/#primaryimage"},"thumbnailUrl":"https:\/\/www.gksweb.com\/wp-content\/uploads\/2020\/12\/U6-jack.png","datePublished":"2020-12-11T03:10:59+00:00","dateModified":"2024-06-10T13:39:09+00:00","description":"Obtenga detalles sobre los aparatos elevadores universales U6 de GKS Perfect. Soluciones de Elevaci\u00f3n y Transporte GKS Perfekt con aparatos elevadores universales. Moviendo cargas pesadas en espacios reducidos desde 1967.","breadcrumb":{"@id":"https:\/\/www.gksweb.com\/es\/product\/u6-aparato-elevador-universal\/#breadcrumb"},"inLanguage":"es","potentialAction":[{"@type":"ReadAction","target":["https:\/\/www.gksweb.com\/es\/product\/u6-aparato-elevador-universal\/"]}]},{"@type":"ImageObject","inLanguage":"es","@id":"https:\/\/www.gksweb.com\/es\/product\/u6-aparato-elevador-universal\/#primaryimage","url":"https:\/\/www.gksweb.com\/wp-content\/uploads\/2020\/12\/U6-jack.png","contentUrl":"https:\/\/www.gksweb.com\/wp-content\/uploads\/2020\/12\/U6-jack.png","width":800,"height":800},{"@type":"BreadcrumbList","@id":"https:\/\/www.gksweb.com\/es\/product\/u6-aparato-elevador-universal\/#breadcrumb","itemListElement":[{"@type":"ListItem","position":1,"name":"Home","item":"https:\/\/www.gksweb.com\/es\/"},{"@type":"ListItem","position":2,"name":"Productos","item":"https:\/\/www.gksweb.com\/products\/"},{"@type":"ListItem","position":3,"name":"Gatos universales U6"}]},{"@type":"WebSite","@id":"https:\/\/www.gksweb.com\/es\/#website","url":"https:\/\/www.gksweb.com\/es\/","name":"GKS Lifting and Moving Solutions","description":"","potentialAction":[{"@type":"SearchAction","target":{"@type":"EntryPoint","urlTemplate":"https:\/\/www.gksweb.com\/es\/?s={search_term_string}"},"query-input":{"@type":"PropertyValueSpecification","valueRequired":true,"valueName":"search_term_string"}}],"inLanguage":"es"}]}},"_links":{"self":[{"href":"https:\/\/www.gksweb.com\/es\/wp-json\/wp\/v2\/product\/10186","targetHints":{"allow":["GET"]}}],"collection":[{"href":"https:\/\/www.gksweb.com\/es\/wp-json\/wp\/v2\/product"}],"about":[{"href":"https:\/\/www.gksweb.com\/es\/wp-json\/wp\/v2\/types\/product"}],"replies":[{"embeddable":true,"href":"https:\/\/www.gksweb.com\/es\/wp-json\/wp\/v2\/comments?post=10186"}],"wp:featuredmedia":[{"embeddable":true,"href":"https:\/\/www.gksweb.com\/es\/wp-json\/wp\/v2\/media\/9126"}],"wp:attachment":[{"href":"https:\/\/www.gksweb.com\/es\/wp-json\/wp\/v2\/media?parent=10186"}],"wp:term":[{"taxonomy":"product_brand","embeddable":true,"href":"https:\/\/www.gksweb.com\/es\/wp-json\/wp\/v2\/product_brand?post=10186"},{"taxonomy":"product_cat","embeddable":true,"href":"https:\/\/www.gksweb.com\/es\/wp-json\/wp\/v2\/product_cat?post=10186"},{"taxonomy":"product_tag","embeddable":true,"href":"https:\/\/www.gksweb.com\/es\/wp-json\/wp\/v2\/product_tag?post=10186"}],"curies":[{"name":"wp","href":"https:\/\/api.w.org\/{rel}","templated":true}]}}