{"id":10181,"date":"2020-12-10T21:29:30","date_gmt":"2020-12-10T21:29:30","guid":{"rendered":"https:\/\/www.gksweb.com\/product\/gks-alperfekt-premium\/"},"modified":"2023-07-07T09:52:33","modified_gmt":"2023-07-07T13:52:33","slug":"gks-alperfekt-premium","status":"publish","type":"product","link":"https:\/\/www.gksweb.com\/es\/product\/gks-alperfekt-premium\/","title":{"rendered":"GKS &#8211; Alperfekt Premium"},"content":{"rendered":"<p>Las plataformas rodantes GKS-PERFEKT han estado moviendo cargas pesadas con facilidad durante m\u00e1s de 50 a\u00f1os. Puede preguntarle a cualquiera: desde instaladores hasta talleres mec\u00e1nicos, desde plantas de energ\u00eda nuclear hasta laboratorios, la caracter\u00edstica central de cualquier plataforma rodante son los rodillos: \u00a1es lo que soporta la mayor parte del peso y es lo que mantiene las cosas en movimiento!<\/p>\n<p>Todos nuestros rodillos est\u00e1n dise\u00f1ados para manejar altas capacidades mientras mantienen una baja resistencia al rodamiento, lo que significa que se necesita menos fuerza para mover cargas pesadas en nuestras plataformas rodantes de transporte, plataformas rodantes giratorias y plataformas rodantes para contenedores. Por ejemplo, los rodamientos de bolas de nuestros rodillos est\u00e1n hechos de aluminio, que pesa menos que el acero y permite un movimiento m\u00e1s f\u00e1cil mientras mantiene una durabilidad superior.<\/p>\n<p>Tambi\u00e9n estamos mejorando continuamente nuestros rodillos. Una caracter\u00edstica \u00fanica de los rodillos GKS-ALPERFEKT y GKS-ALPERFEKT PREMIUM son los dientes de agarre especiales que se encuentran en los rodamientos de bolas. Estos mantienen el rodillo asegurado a los rodamientos de bolas por m\u00e1s tiempo que las ruedas est\u00e1ndar.<\/p>\n<p>Nuestros rodillos de poliamida GKS en particular son rodillos para todo uso que se pueden usar en todo, desde concreto vertido, madera, asfalto, acero y otros tipos de superficies sin da\u00f1ar el piso en s\u00ed mismo. Si tiene una aplicaci\u00f3n espec\u00edfica, ofrecemos rodillos especiales seg\u00fan su aplicaci\u00f3n. \u00a1Comun\u00edquese hoy si tiene alguna pregunta sobre nuestros rodillos!<\/p>\n","protected":false},"excerpt":{"rendered":"<p>Las plataformas rodantes GKS-PERFEKT han estado moviendo cargas pesadas con facilidad durante m\u00e1s de 50 a\u00f1os. Puede preguntarle a cualquiera: desde instaladores hasta talleres mec\u00e1nicos, desde plantas de energ\u00eda nuclear hasta laboratorios, la caracter\u00edstica central de cualquier plataforma rodante son los rodillos: \u00a1es lo que soporta la mayor parte del peso y es lo que [&hellip;]<\/p>\n","protected":false},"featured_media":8997,"comment_status":"closed","ping_status":"closed","template":"","meta":{"_acf_changed":false,"_et_pb_use_builder":"","_et_pb_old_content":"","_et_gb_content_width":""},"product_brand":[],"product_cat":[537,538],"product_tag":[],"class_list":{"0":"post-10181","1":"product","2":"type-product","3":"status-publish","4":"has-post-thumbnail","6":"product_cat-piezas","7":"product_cat-rodillos-gks","9":"first","10":"instock","11":"shipping-taxable","12":"purchasable","13":"product-type-simple"},"acf":[],"yoast_head":"<!-- This site is optimized with the Yoast SEO plugin v25.4 - https:\/\/yoast.com\/wordpress\/plugins\/seo\/ -->\n<title>GKS - Rodillos - Alperfekt Premium | GKS perfekt<\/title>\n<meta name=\"description\" content=\"Obtenga detalles sobre los rodillos GKS Perfekt, el Alperfekt Premium. Soluciones de Elevaci\u00f3n y Transporte GKS Perfekt con rodillos. Moviendo cargas pesadas en espacios reducidos desde 1967.\" \/>\n<meta name=\"robots\" content=\"index, follow, max-snippet:-1, max-image-preview:large, max-video-preview:-1\" \/>\n<link rel=\"canonical\" href=\"https:\/\/www.gksweb.com\/es\/product\/gks-alperfekt-premium\/\" \/>\n<meta property=\"og:locale\" content=\"es_ES\" \/>\n<meta property=\"og:type\" content=\"article\" \/>\n<meta property=\"og:title\" content=\"GKS - Rodillos - Alperfekt Premium | GKS perfekt\" \/>\n<meta property=\"og:description\" content=\"Obtenga detalles sobre los rodillos GKS Perfekt, el Alperfekt Premium. Soluciones de Elevaci\u00f3n y Transporte GKS Perfekt con rodillos. Moviendo cargas pesadas en espacios reducidos desde 1967.\" \/>\n<meta property=\"og:url\" content=\"https:\/\/www.gksweb.com\/es\/product\/gks-alperfekt-premium\/\" \/>\n<meta property=\"og:site_name\" content=\"GKS Lifting and Moving Solutions\" \/>\n<meta property=\"article:modified_time\" content=\"2023-07-07T13:52:33+00:00\" \/>\n<meta property=\"og:image\" content=\"https:\/\/www.gksweb.com\/wp-content\/uploads\/2020\/12\/GKS-ap.jpg\" \/>\n\t<meta property=\"og:image:width\" content=\"390\" \/>\n\t<meta property=\"og:image:height\" content=\"364\" \/>\n\t<meta property=\"og:image:type\" content=\"image\/jpeg\" \/>\n<meta name=\"twitter:card\" content=\"summary_large_image\" \/>\n<meta name=\"twitter:label1\" content=\"Tiempo de lectura\" \/>\n\t<meta name=\"twitter:data1\" content=\"1 minuto\" \/>\n<script type=\"application\/ld+json\" class=\"yoast-schema-graph\">{\"@context\":\"https:\/\/schema.org\",\"@graph\":[{\"@type\":\"WebPage\",\"@id\":\"https:\/\/www.gksweb.com\/es\/product\/gks-alperfekt-premium\/\",\"url\":\"https:\/\/www.gksweb.com\/es\/product\/gks-alperfekt-premium\/\",\"name\":\"GKS - Rodillos - Alperfekt Premium | GKS perfekt\",\"isPartOf\":{\"@id\":\"https:\/\/www.gksweb.com\/es\/#website\"},\"primaryImageOfPage\":{\"@id\":\"https:\/\/www.gksweb.com\/es\/product\/gks-alperfekt-premium\/#primaryimage\"},\"image\":{\"@id\":\"https:\/\/www.gksweb.com\/es\/product\/gks-alperfekt-premium\/#primaryimage\"},\"thumbnailUrl\":\"https:\/\/www.gksweb.com\/wp-content\/uploads\/2020\/12\/GKS-ap.jpg\",\"datePublished\":\"2020-12-10T21:29:30+00:00\",\"dateModified\":\"2023-07-07T13:52:33+00:00\",\"description\":\"Obtenga detalles sobre los rodillos GKS Perfekt, el Alperfekt Premium. Soluciones de Elevaci\u00f3n y Transporte GKS Perfekt con rodillos. Moviendo cargas pesadas en espacios reducidos desde 1967.\",\"breadcrumb\":{\"@id\":\"https:\/\/www.gksweb.com\/es\/product\/gks-alperfekt-premium\/#breadcrumb\"},\"inLanguage\":\"es\",\"potentialAction\":[{\"@type\":\"ReadAction\",\"target\":[\"https:\/\/www.gksweb.com\/es\/product\/gks-alperfekt-premium\/\"]}]},{\"@type\":\"ImageObject\",\"inLanguage\":\"es\",\"@id\":\"https:\/\/www.gksweb.com\/es\/product\/gks-alperfekt-premium\/#primaryimage\",\"url\":\"https:\/\/www.gksweb.com\/wp-content\/uploads\/2020\/12\/GKS-ap.jpg\",\"contentUrl\":\"https:\/\/www.gksweb.com\/wp-content\/uploads\/2020\/12\/GKS-ap.jpg\",\"width\":390,\"height\":364},{\"@type\":\"BreadcrumbList\",\"@id\":\"https:\/\/www.gksweb.com\/es\/product\/gks-alperfekt-premium\/#breadcrumb\",\"itemListElement\":[{\"@type\":\"ListItem\",\"position\":1,\"name\":\"Home\",\"item\":\"https:\/\/www.gksweb.com\/es\/\"},{\"@type\":\"ListItem\",\"position\":2,\"name\":\"Productos\",\"item\":\"https:\/\/www.gksweb.com\/products\/\"},{\"@type\":\"ListItem\",\"position\":3,\"name\":\"GKS &#8211; Alperfekt Premium\"}]},{\"@type\":\"WebSite\",\"@id\":\"https:\/\/www.gksweb.com\/es\/#website\",\"url\":\"https:\/\/www.gksweb.com\/es\/\",\"name\":\"GKS Lifting and Moving Solutions\",\"description\":\"\",\"potentialAction\":[{\"@type\":\"SearchAction\",\"target\":{\"@type\":\"EntryPoint\",\"urlTemplate\":\"https:\/\/www.gksweb.com\/es\/?s={search_term_string}\"},\"query-input\":{\"@type\":\"PropertyValueSpecification\",\"valueRequired\":true,\"valueName\":\"search_term_string\"}}],\"inLanguage\":\"es\"}]}<\/script>\n<!-- \/ Yoast SEO plugin. -->","yoast_head_json":{"title":"GKS - Rodillos - Alperfekt Premium | GKS perfekt","description":"Obtenga detalles sobre los rodillos GKS Perfekt, el Alperfekt Premium. Soluciones de Elevaci\u00f3n y Transporte GKS Perfekt con rodillos. Moviendo cargas pesadas en espacios reducidos desde 1967.","robots":{"index":"index","follow":"follow","max-snippet":"max-snippet:-1","max-image-preview":"max-image-preview:large","max-video-preview":"max-video-preview:-1"},"canonical":"https:\/\/www.gksweb.com\/es\/product\/gks-alperfekt-premium\/","og_locale":"es_ES","og_type":"article","og_title":"GKS - Rodillos - Alperfekt Premium | GKS perfekt","og_description":"Obtenga detalles sobre los rodillos GKS Perfekt, el Alperfekt Premium. Soluciones de Elevaci\u00f3n y Transporte GKS Perfekt con rodillos. Moviendo cargas pesadas en espacios reducidos desde 1967.","og_url":"https:\/\/www.gksweb.com\/es\/product\/gks-alperfekt-premium\/","og_site_name":"GKS Lifting and Moving Solutions","article_modified_time":"2023-07-07T13:52:33+00:00","og_image":[{"width":390,"height":364,"url":"https:\/\/www.gksweb.com\/wp-content\/uploads\/2020\/12\/GKS-ap.jpg","type":"image\/jpeg"}],"twitter_card":"summary_large_image","twitter_misc":{"Tiempo de lectura":"1 minuto"},"schema":{"@context":"https:\/\/schema.org","@graph":[{"@type":"WebPage","@id":"https:\/\/www.gksweb.com\/es\/product\/gks-alperfekt-premium\/","url":"https:\/\/www.gksweb.com\/es\/product\/gks-alperfekt-premium\/","name":"GKS - Rodillos - Alperfekt Premium | GKS perfekt","isPartOf":{"@id":"https:\/\/www.gksweb.com\/es\/#website"},"primaryImageOfPage":{"@id":"https:\/\/www.gksweb.com\/es\/product\/gks-alperfekt-premium\/#primaryimage"},"image":{"@id":"https:\/\/www.gksweb.com\/es\/product\/gks-alperfekt-premium\/#primaryimage"},"thumbnailUrl":"https:\/\/www.gksweb.com\/wp-content\/uploads\/2020\/12\/GKS-ap.jpg","datePublished":"2020-12-10T21:29:30+00:00","dateModified":"2023-07-07T13:52:33+00:00","description":"Obtenga detalles sobre los rodillos GKS Perfekt, el Alperfekt Premium. Soluciones de Elevaci\u00f3n y Transporte GKS Perfekt con rodillos. Moviendo cargas pesadas en espacios reducidos desde 1967.","breadcrumb":{"@id":"https:\/\/www.gksweb.com\/es\/product\/gks-alperfekt-premium\/#breadcrumb"},"inLanguage":"es","potentialAction":[{"@type":"ReadAction","target":["https:\/\/www.gksweb.com\/es\/product\/gks-alperfekt-premium\/"]}]},{"@type":"ImageObject","inLanguage":"es","@id":"https:\/\/www.gksweb.com\/es\/product\/gks-alperfekt-premium\/#primaryimage","url":"https:\/\/www.gksweb.com\/wp-content\/uploads\/2020\/12\/GKS-ap.jpg","contentUrl":"https:\/\/www.gksweb.com\/wp-content\/uploads\/2020\/12\/GKS-ap.jpg","width":390,"height":364},{"@type":"BreadcrumbList","@id":"https:\/\/www.gksweb.com\/es\/product\/gks-alperfekt-premium\/#breadcrumb","itemListElement":[{"@type":"ListItem","position":1,"name":"Home","item":"https:\/\/www.gksweb.com\/es\/"},{"@type":"ListItem","position":2,"name":"Productos","item":"https:\/\/www.gksweb.com\/products\/"},{"@type":"ListItem","position":3,"name":"GKS &#8211; Alperfekt Premium"}]},{"@type":"WebSite","@id":"https:\/\/www.gksweb.com\/es\/#website","url":"https:\/\/www.gksweb.com\/es\/","name":"GKS Lifting and Moving Solutions","description":"","potentialAction":[{"@type":"SearchAction","target":{"@type":"EntryPoint","urlTemplate":"https:\/\/www.gksweb.com\/es\/?s={search_term_string}"},"query-input":{"@type":"PropertyValueSpecification","valueRequired":true,"valueName":"search_term_string"}}],"inLanguage":"es"}]}},"_links":{"self":[{"href":"https:\/\/www.gksweb.com\/es\/wp-json\/wp\/v2\/product\/10181","targetHints":{"allow":["GET"]}}],"collection":[{"href":"https:\/\/www.gksweb.com\/es\/wp-json\/wp\/v2\/product"}],"about":[{"href":"https:\/\/www.gksweb.com\/es\/wp-json\/wp\/v2\/types\/product"}],"replies":[{"embeddable":true,"href":"https:\/\/www.gksweb.com\/es\/wp-json\/wp\/v2\/comments?post=10181"}],"wp:featuredmedia":[{"embeddable":true,"href":"https:\/\/www.gksweb.com\/es\/wp-json\/wp\/v2\/media\/8997"}],"wp:attachment":[{"href":"https:\/\/www.gksweb.com\/es\/wp-json\/wp\/v2\/media?parent=10181"}],"wp:term":[{"taxonomy":"product_brand","embeddable":true,"href":"https:\/\/www.gksweb.com\/es\/wp-json\/wp\/v2\/product_brand?post=10181"},{"taxonomy":"product_cat","embeddable":true,"href":"https:\/\/www.gksweb.com\/es\/wp-json\/wp\/v2\/product_cat?post=10181"},{"taxonomy":"product_tag","embeddable":true,"href":"https:\/\/www.gksweb.com\/es\/wp-json\/wp\/v2\/product_tag?post=10181"}],"curies":[{"name":"wp","href":"https:\/\/api.w.org\/{rel}","templated":true}]}}