{"id":10174,"date":"2020-12-10T20:56:48","date_gmt":"2020-12-11T01:56:48","guid":{"rendered":"https:\/\/www.gksweb.com\/product\/bomba-electrica-pe4\/"},"modified":"2024-06-11T09:22:00","modified_gmt":"2024-06-11T13:22:00","slug":"pe4-bomba-electrica","status":"publish","type":"product","link":"https:\/\/www.gksweb.com\/es\/product\/pe4-bomba-electrica\/","title":{"rendered":"Bomba el\u00e9ctrica PE4"},"content":{"rendered":"","protected":false},"excerpt":{"rendered":"","protected":false},"featured_media":9864,"comment_status":"closed","ping_status":"closed","template":"","meta":{"_acf_changed":false,"_et_pb_use_builder":"","_et_pb_old_content":"","_et_gb_content_width":""},"product_brand":[],"product_cat":[492],"product_tag":[],"class_list":{"0":"post-10174","1":"product","2":"type-product","3":"status-publish","4":"has-post-thumbnail","6":"product_cat-bombas","8":"first","9":"instock","10":"shipping-taxable","11":"purchasable","12":"product-type-simple"},"acf":[],"yoast_head":"<!-- This site is optimized with the Yoast SEO plugin v25.4 - https:\/\/yoast.com\/wordpress\/plugins\/seo\/ -->\n<title>Bomba el\u00e9ctrica PE4 | GKS Perfekt<\/title>\n<meta name=\"description\" content=\"Obtenga detalles sobre GKS Perfekt PE4 - Bomba el\u00e9ctrica. Soluciones de Elevaci\u00f3n y Transporte GKS Perfekt con bombas el\u00e9ctricas\u2026 moviendo cargas pesadas en espacios reducidos desde 1967.\" \/>\n<meta name=\"robots\" content=\"index, follow, max-snippet:-1, max-image-preview:large, max-video-preview:-1\" \/>\n<link rel=\"canonical\" href=\"https:\/\/www.gksweb.com\/es\/product\/pe4-bomba-electrica\/\" \/>\n<meta property=\"og:locale\" content=\"es_ES\" \/>\n<meta property=\"og:type\" content=\"article\" \/>\n<meta property=\"og:title\" content=\"Bomba el\u00e9ctrica PE4 | GKS Perfekt\" \/>\n<meta property=\"og:description\" content=\"Obtenga detalles sobre GKS Perfekt PE4 - Bomba el\u00e9ctrica. Soluciones de Elevaci\u00f3n y Transporte GKS Perfekt con bombas el\u00e9ctricas\u2026 moviendo cargas pesadas en espacios reducidos desde 1967.\" \/>\n<meta property=\"og:url\" content=\"https:\/\/www.gksweb.com\/es\/product\/pe4-bomba-electrica\/\" \/>\n<meta property=\"og:site_name\" content=\"GKS Lifting and Moving Solutions\" \/>\n<meta property=\"article:modified_time\" content=\"2024-06-11T13:22:00+00:00\" \/>\n<meta property=\"og:image\" content=\"https:\/\/www.gksweb.com\/wp-content\/uploads\/2022\/07\/PE_Pumpe_4-1-2-scaled.jpg\" \/>\n\t<meta property=\"og:image:width\" content=\"1920\" \/>\n\t<meta property=\"og:image:height\" content=\"1422\" \/>\n\t<meta property=\"og:image:type\" content=\"image\/jpeg\" \/>\n<meta name=\"twitter:card\" content=\"summary_large_image\" \/>\n<meta name=\"twitter:label1\" content=\"Tiempo de lectura\" \/>\n\t<meta name=\"twitter:data1\" content=\"1 minuto\" \/>\n<script type=\"application\/ld+json\" class=\"yoast-schema-graph\">{\"@context\":\"https:\/\/schema.org\",\"@graph\":[{\"@type\":\"WebPage\",\"@id\":\"https:\/\/www.gksweb.com\/es\/product\/pe4-bomba-electrica\/\",\"url\":\"https:\/\/www.gksweb.com\/es\/product\/pe4-bomba-electrica\/\",\"name\":\"Bomba el\u00e9ctrica PE4 | GKS Perfekt\",\"isPartOf\":{\"@id\":\"https:\/\/www.gksweb.com\/es\/#website\"},\"primaryImageOfPage\":{\"@id\":\"https:\/\/www.gksweb.com\/es\/product\/pe4-bomba-electrica\/#primaryimage\"},\"image\":{\"@id\":\"https:\/\/www.gksweb.com\/es\/product\/pe4-bomba-electrica\/#primaryimage\"},\"thumbnailUrl\":\"https:\/\/www.gksweb.com\/wp-content\/uploads\/2022\/07\/PE_Pumpe_4-1-2-scaled.jpg\",\"datePublished\":\"2020-12-11T01:56:48+00:00\",\"dateModified\":\"2024-06-11T13:22:00+00:00\",\"description\":\"Obtenga detalles sobre GKS Perfekt PE4 - Bomba el\u00e9ctrica. Soluciones de Elevaci\u00f3n y Transporte GKS Perfekt con bombas el\u00e9ctricas\u2026 moviendo cargas pesadas en espacios reducidos desde 1967.\",\"breadcrumb\":{\"@id\":\"https:\/\/www.gksweb.com\/es\/product\/pe4-bomba-electrica\/#breadcrumb\"},\"inLanguage\":\"es\",\"potentialAction\":[{\"@type\":\"ReadAction\",\"target\":[\"https:\/\/www.gksweb.com\/es\/product\/pe4-bomba-electrica\/\"]}]},{\"@type\":\"ImageObject\",\"inLanguage\":\"es\",\"@id\":\"https:\/\/www.gksweb.com\/es\/product\/pe4-bomba-electrica\/#primaryimage\",\"url\":\"https:\/\/www.gksweb.com\/wp-content\/uploads\/2022\/07\/PE_Pumpe_4-1-2-scaled.jpg\",\"contentUrl\":\"https:\/\/www.gksweb.com\/wp-content\/uploads\/2022\/07\/PE_Pumpe_4-1-2-scaled.jpg\",\"width\":1920,\"height\":1422},{\"@type\":\"BreadcrumbList\",\"@id\":\"https:\/\/www.gksweb.com\/es\/product\/pe4-bomba-electrica\/#breadcrumb\",\"itemListElement\":[{\"@type\":\"ListItem\",\"position\":1,\"name\":\"Home\",\"item\":\"https:\/\/www.gksweb.com\/es\/\"},{\"@type\":\"ListItem\",\"position\":2,\"name\":\"Productos\",\"item\":\"https:\/\/www.gksweb.com\/products\/\"},{\"@type\":\"ListItem\",\"position\":3,\"name\":\"Bomba el\u00e9ctrica PE4\"}]},{\"@type\":\"WebSite\",\"@id\":\"https:\/\/www.gksweb.com\/es\/#website\",\"url\":\"https:\/\/www.gksweb.com\/es\/\",\"name\":\"GKS Lifting and Moving Solutions\",\"description\":\"\",\"potentialAction\":[{\"@type\":\"SearchAction\",\"target\":{\"@type\":\"EntryPoint\",\"urlTemplate\":\"https:\/\/www.gksweb.com\/es\/?s={search_term_string}\"},\"query-input\":{\"@type\":\"PropertyValueSpecification\",\"valueRequired\":true,\"valueName\":\"search_term_string\"}}],\"inLanguage\":\"es\"}]}<\/script>\n<!-- \/ Yoast SEO plugin. -->","yoast_head_json":{"title":"Bomba el\u00e9ctrica PE4 | GKS Perfekt","description":"Obtenga detalles sobre GKS Perfekt PE4 - Bomba el\u00e9ctrica. Soluciones de Elevaci\u00f3n y Transporte GKS Perfekt con bombas el\u00e9ctricas\u2026 moviendo cargas pesadas en espacios reducidos desde 1967.","robots":{"index":"index","follow":"follow","max-snippet":"max-snippet:-1","max-image-preview":"max-image-preview:large","max-video-preview":"max-video-preview:-1"},"canonical":"https:\/\/www.gksweb.com\/es\/product\/pe4-bomba-electrica\/","og_locale":"es_ES","og_type":"article","og_title":"Bomba el\u00e9ctrica PE4 | GKS Perfekt","og_description":"Obtenga detalles sobre GKS Perfekt PE4 - Bomba el\u00e9ctrica. Soluciones de Elevaci\u00f3n y Transporte GKS Perfekt con bombas el\u00e9ctricas\u2026 moviendo cargas pesadas en espacios reducidos desde 1967.","og_url":"https:\/\/www.gksweb.com\/es\/product\/pe4-bomba-electrica\/","og_site_name":"GKS Lifting and Moving Solutions","article_modified_time":"2024-06-11T13:22:00+00:00","og_image":[{"width":1920,"height":1422,"url":"https:\/\/www.gksweb.com\/wp-content\/uploads\/2022\/07\/PE_Pumpe_4-1-2-scaled.jpg","type":"image\/jpeg"}],"twitter_card":"summary_large_image","twitter_misc":{"Tiempo de lectura":"1 minuto"},"schema":{"@context":"https:\/\/schema.org","@graph":[{"@type":"WebPage","@id":"https:\/\/www.gksweb.com\/es\/product\/pe4-bomba-electrica\/","url":"https:\/\/www.gksweb.com\/es\/product\/pe4-bomba-electrica\/","name":"Bomba el\u00e9ctrica PE4 | GKS Perfekt","isPartOf":{"@id":"https:\/\/www.gksweb.com\/es\/#website"},"primaryImageOfPage":{"@id":"https:\/\/www.gksweb.com\/es\/product\/pe4-bomba-electrica\/#primaryimage"},"image":{"@id":"https:\/\/www.gksweb.com\/es\/product\/pe4-bomba-electrica\/#primaryimage"},"thumbnailUrl":"https:\/\/www.gksweb.com\/wp-content\/uploads\/2022\/07\/PE_Pumpe_4-1-2-scaled.jpg","datePublished":"2020-12-11T01:56:48+00:00","dateModified":"2024-06-11T13:22:00+00:00","description":"Obtenga detalles sobre GKS Perfekt PE4 - Bomba el\u00e9ctrica. Soluciones de Elevaci\u00f3n y Transporte GKS Perfekt con bombas el\u00e9ctricas\u2026 moviendo cargas pesadas en espacios reducidos desde 1967.","breadcrumb":{"@id":"https:\/\/www.gksweb.com\/es\/product\/pe4-bomba-electrica\/#breadcrumb"},"inLanguage":"es","potentialAction":[{"@type":"ReadAction","target":["https:\/\/www.gksweb.com\/es\/product\/pe4-bomba-electrica\/"]}]},{"@type":"ImageObject","inLanguage":"es","@id":"https:\/\/www.gksweb.com\/es\/product\/pe4-bomba-electrica\/#primaryimage","url":"https:\/\/www.gksweb.com\/wp-content\/uploads\/2022\/07\/PE_Pumpe_4-1-2-scaled.jpg","contentUrl":"https:\/\/www.gksweb.com\/wp-content\/uploads\/2022\/07\/PE_Pumpe_4-1-2-scaled.jpg","width":1920,"height":1422},{"@type":"BreadcrumbList","@id":"https:\/\/www.gksweb.com\/es\/product\/pe4-bomba-electrica\/#breadcrumb","itemListElement":[{"@type":"ListItem","position":1,"name":"Home","item":"https:\/\/www.gksweb.com\/es\/"},{"@type":"ListItem","position":2,"name":"Productos","item":"https:\/\/www.gksweb.com\/products\/"},{"@type":"ListItem","position":3,"name":"Bomba el\u00e9ctrica PE4"}]},{"@type":"WebSite","@id":"https:\/\/www.gksweb.com\/es\/#website","url":"https:\/\/www.gksweb.com\/es\/","name":"GKS Lifting and Moving Solutions","description":"","potentialAction":[{"@type":"SearchAction","target":{"@type":"EntryPoint","urlTemplate":"https:\/\/www.gksweb.com\/es\/?s={search_term_string}"},"query-input":{"@type":"PropertyValueSpecification","valueRequired":true,"valueName":"search_term_string"}}],"inLanguage":"es"}]}},"_links":{"self":[{"href":"https:\/\/www.gksweb.com\/es\/wp-json\/wp\/v2\/product\/10174","targetHints":{"allow":["GET"]}}],"collection":[{"href":"https:\/\/www.gksweb.com\/es\/wp-json\/wp\/v2\/product"}],"about":[{"href":"https:\/\/www.gksweb.com\/es\/wp-json\/wp\/v2\/types\/product"}],"replies":[{"embeddable":true,"href":"https:\/\/www.gksweb.com\/es\/wp-json\/wp\/v2\/comments?post=10174"}],"wp:featuredmedia":[{"embeddable":true,"href":"https:\/\/www.gksweb.com\/es\/wp-json\/wp\/v2\/media\/9864"}],"wp:attachment":[{"href":"https:\/\/www.gksweb.com\/es\/wp-json\/wp\/v2\/media?parent=10174"}],"wp:term":[{"taxonomy":"product_brand","embeddable":true,"href":"https:\/\/www.gksweb.com\/es\/wp-json\/wp\/v2\/product_brand?post=10174"},{"taxonomy":"product_cat","embeddable":true,"href":"https:\/\/www.gksweb.com\/es\/wp-json\/wp\/v2\/product_cat?post=10174"},{"taxonomy":"product_tag","embeddable":true,"href":"https:\/\/www.gksweb.com\/es\/wp-json\/wp\/v2\/product_tag?post=10174"}],"curies":[{"name":"wp","href":"https:\/\/api.w.org\/{rel}","templated":true}]}}