{"id":10162,"date":"2020-12-10T19:43:52","date_gmt":"2020-12-11T00:43:52","guid":{"rendered":"https:\/\/www.gksweb.com\/product\/plataforma-rodante-giratoria-rl2\/"},"modified":"2024-06-11T09:17:07","modified_gmt":"2024-06-11T13:17:07","slug":"rl2-plataforma-rodante-giratoria","status":"publish","type":"product","link":"https:\/\/www.gksweb.com\/es\/product\/rl2-plataforma-rodante-giratoria\/","title":{"rendered":"Plataforma rodante giratoria RL2"},"content":{"rendered":"<h3>LOS PATINES DE M\u00c1QUINAS DE TRABAJO PESADO FACILITAN EL MOVIMIENTO DE CARGAS DE UN \u00c1REA A OTRA, INCLUSO EN ESPACIOS CONFINADOS.<\/h3>\n<p>Si su empresa enfrenta el desaf\u00edo de mover cargas por toda la instalaci\u00f3n, incluso en \u00e1reas estrechas o en esquinas, la plataforma rodante giratoria RL2 de GKS-PERFEKT puede ser una gran adici\u00f3n a sus operaciones.<\/p>\n<p>Esta plataforma rodante peque\u00f1a es ideal para espacios reducidos, pasillos angostos y rincones complicados y est\u00e1 dise\u00f1ada para transportar hasta 4400\u00a0libras (dos toneladas). La plataforma rodante giratoria RL2 no solo funciona en \u00e1reas peque\u00f1as, sino que tambi\u00e9n funciona en cualquier tipo de piso, ya que los rodillos est\u00e1n hechos para evitar marcar o da\u00f1ar los pisos de cualquier instalaci\u00f3n. GKS-PERFEKT ha equipado las plataformas rodantes RL2 con rodamientos especiales, lo que permite un giro de 360 grados que lo hace perfecto para navegar por los giros y vueltas del piso de su instalaci\u00f3n.<\/p>\n<p>Para mover cargas m\u00e1s grandes, la plataforma rodante giratoria RL2 se puede combinar con al menos dos plataformas rodantes adicionales, todas trabajando juntas para mover la carga a su destino. La combinaci\u00f3n de plataformas rodantes permite a las empresas distribuir mejor el peso de la carga y soportarla adecuadamente durante el transporte. La plataforma rodante giratoria RL2 se puede combinar con todas las plataformas rodantes de GKS-PERFEKT, as\u00ed como con las plataformas rodantes en t\u00e1ndem de GKS-PERFEKT (TL6 y TL12).<\/p>\n<p>Para cumplir con los altos est\u00e1ndares de calidad y rendimiento esperados de los productos de GKS-PERFEKT, todas las plataformas rodantes giratorias se prueban antes de la entrega. La plataforma rodante giratoria RL2 se utiliza en una variedad de instalaciones industriales, de fabricaci\u00f3n y de almacenamiento que tienen poco espacio y valoran la eficiencia de este peque\u00f1o equipo. Para las empresas que operan en entornos de sala limpia, la plataforma rodante giratoria RL2 tambi\u00e9n est\u00e1 disponible en una versi\u00f3n niquelada.<\/p>\n<p>Para obtener m\u00e1s informaci\u00f3n sobre la l\u00ednea GKS-PERFEKT de plataformas rodantes giratorias,\u00a0<a href=\"https:\/\/www.gksweb.com\/contact-us\/\">solicite un presupuesto<\/a>\u00a0o llame al 937-324-8867 hoy para hablar con uno de los miembros experimentados de nuestro equipo.<\/p>\n","protected":false},"excerpt":{"rendered":"<p>LOS PATINES DE M\u00c1QUINAS DE TRABAJO PESADO FACILITAN EL MOVIMIENTO DE CARGAS DE UN \u00c1REA A OTRA, INCLUSO EN ESPACIOS CONFINADOS. Si su empresa enfrenta el desaf\u00edo de mover cargas por toda la instalaci\u00f3n, incluso en \u00e1reas estrechas o en esquinas, la plataforma rodante giratoria RL2 de GKS-PERFEKT puede ser una gran adici\u00f3n a sus [&hellip;]<\/p>\n","protected":false},"featured_media":9130,"comment_status":"closed","ping_status":"closed","template":"","meta":{"_acf_changed":false,"_et_pb_use_builder":"on","_et_pb_old_content":"","_et_gb_content_width":""},"product_brand":[],"product_cat":[505],"product_tag":[],"class_list":{"0":"post-10162","1":"product","2":"type-product","3":"status-publish","4":"has-post-thumbnail","6":"product_cat-plataformas-rodantes-giratorias","8":"first","9":"instock","10":"featured","11":"shipping-taxable","12":"purchasable","13":"product-type-simple"},"acf":[],"yoast_head":"<!-- This site is optimized with the Yoast SEO plugin v25.4 - https:\/\/yoast.com\/wordpress\/plugins\/seo\/ -->\n<title>RL2 - Plataforma rodante giratoria | GKS Perfekt<\/title>\n<meta name=\"description\" content=\"Obtenga detalles sobre la plataforma rodante giratoria RL2 de GKS Perfekt. Soluciones de Elevaci\u00f3n y Transporte GKS Perfekt con plataformas rodantes giratorias\u2026 moviendo cargas pesadas en espacios reducidos desde 1967.\" \/>\n<meta name=\"robots\" content=\"index, follow, max-snippet:-1, max-image-preview:large, max-video-preview:-1\" \/>\n<link rel=\"canonical\" href=\"https:\/\/www.gksweb.com\/es\/product\/rl2-plataforma-rodante-giratoria\/\" \/>\n<meta property=\"og:locale\" content=\"es_ES\" \/>\n<meta property=\"og:type\" content=\"article\" \/>\n<meta property=\"og:title\" content=\"RL2 - Plataforma rodante giratoria | GKS Perfekt\" \/>\n<meta property=\"og:description\" content=\"Obtenga detalles sobre la plataforma rodante giratoria RL2 de GKS Perfekt. Soluciones de Elevaci\u00f3n y Transporte GKS Perfekt con plataformas rodantes giratorias\u2026 moviendo cargas pesadas en espacios reducidos desde 1967.\" \/>\n<meta property=\"og:url\" content=\"https:\/\/www.gksweb.com\/es\/product\/rl2-plataforma-rodante-giratoria\/\" \/>\n<meta property=\"og:site_name\" content=\"GKS Lifting and Moving Solutions\" \/>\n<meta property=\"article:modified_time\" content=\"2024-06-11T13:17:07+00:00\" \/>\n<meta property=\"og:image\" content=\"https:\/\/www.gksweb.com\/wp-content\/uploads\/2020\/12\/RL2.png\" \/>\n\t<meta property=\"og:image:width\" content=\"800\" \/>\n\t<meta property=\"og:image:height\" content=\"800\" \/>\n\t<meta property=\"og:image:type\" content=\"image\/png\" \/>\n<meta name=\"twitter:card\" content=\"summary_large_image\" \/>\n<meta name=\"twitter:label1\" content=\"Tiempo de lectura\" \/>\n\t<meta name=\"twitter:data1\" content=\"2 minutos\" \/>\n<script type=\"application\/ld+json\" class=\"yoast-schema-graph\">{\"@context\":\"https:\/\/schema.org\",\"@graph\":[{\"@type\":\"WebPage\",\"@id\":\"https:\/\/www.gksweb.com\/es\/product\/rl2-plataforma-rodante-giratoria\/\",\"url\":\"https:\/\/www.gksweb.com\/es\/product\/rl2-plataforma-rodante-giratoria\/\",\"name\":\"RL2 - Plataforma rodante giratoria | GKS Perfekt\",\"isPartOf\":{\"@id\":\"https:\/\/www.gksweb.com\/es\/#website\"},\"primaryImageOfPage\":{\"@id\":\"https:\/\/www.gksweb.com\/es\/product\/rl2-plataforma-rodante-giratoria\/#primaryimage\"},\"image\":{\"@id\":\"https:\/\/www.gksweb.com\/es\/product\/rl2-plataforma-rodante-giratoria\/#primaryimage\"},\"thumbnailUrl\":\"https:\/\/www.gksweb.com\/wp-content\/uploads\/2020\/12\/RL2.png\",\"datePublished\":\"2020-12-11T00:43:52+00:00\",\"dateModified\":\"2024-06-11T13:17:07+00:00\",\"description\":\"Obtenga detalles sobre la plataforma rodante giratoria RL2 de GKS Perfekt. Soluciones de Elevaci\u00f3n y Transporte GKS Perfekt con plataformas rodantes giratorias\u2026 moviendo cargas pesadas en espacios reducidos desde 1967.\",\"breadcrumb\":{\"@id\":\"https:\/\/www.gksweb.com\/es\/product\/rl2-plataforma-rodante-giratoria\/#breadcrumb\"},\"inLanguage\":\"es\",\"potentialAction\":[{\"@type\":\"ReadAction\",\"target\":[\"https:\/\/www.gksweb.com\/es\/product\/rl2-plataforma-rodante-giratoria\/\"]}]},{\"@type\":\"ImageObject\",\"inLanguage\":\"es\",\"@id\":\"https:\/\/www.gksweb.com\/es\/product\/rl2-plataforma-rodante-giratoria\/#primaryimage\",\"url\":\"https:\/\/www.gksweb.com\/wp-content\/uploads\/2020\/12\/RL2.png\",\"contentUrl\":\"https:\/\/www.gksweb.com\/wp-content\/uploads\/2020\/12\/RL2.png\",\"width\":800,\"height\":800},{\"@type\":\"BreadcrumbList\",\"@id\":\"https:\/\/www.gksweb.com\/es\/product\/rl2-plataforma-rodante-giratoria\/#breadcrumb\",\"itemListElement\":[{\"@type\":\"ListItem\",\"position\":1,\"name\":\"Home\",\"item\":\"https:\/\/www.gksweb.com\/es\/\"},{\"@type\":\"ListItem\",\"position\":2,\"name\":\"Productos\",\"item\":\"https:\/\/www.gksweb.com\/products\/\"},{\"@type\":\"ListItem\",\"position\":3,\"name\":\"Plataforma rodante giratoria RL2\"}]},{\"@type\":\"WebSite\",\"@id\":\"https:\/\/www.gksweb.com\/es\/#website\",\"url\":\"https:\/\/www.gksweb.com\/es\/\",\"name\":\"GKS Lifting and Moving Solutions\",\"description\":\"\",\"potentialAction\":[{\"@type\":\"SearchAction\",\"target\":{\"@type\":\"EntryPoint\",\"urlTemplate\":\"https:\/\/www.gksweb.com\/es\/?s={search_term_string}\"},\"query-input\":{\"@type\":\"PropertyValueSpecification\",\"valueRequired\":true,\"valueName\":\"search_term_string\"}}],\"inLanguage\":\"es\"}]}<\/script>\n<!-- \/ Yoast SEO plugin. -->","yoast_head_json":{"title":"RL2 - Plataforma rodante giratoria | GKS Perfekt","description":"Obtenga detalles sobre la plataforma rodante giratoria RL2 de GKS Perfekt. Soluciones de Elevaci\u00f3n y Transporte GKS Perfekt con plataformas rodantes giratorias\u2026 moviendo cargas pesadas en espacios reducidos desde 1967.","robots":{"index":"index","follow":"follow","max-snippet":"max-snippet:-1","max-image-preview":"max-image-preview:large","max-video-preview":"max-video-preview:-1"},"canonical":"https:\/\/www.gksweb.com\/es\/product\/rl2-plataforma-rodante-giratoria\/","og_locale":"es_ES","og_type":"article","og_title":"RL2 - Plataforma rodante giratoria | GKS Perfekt","og_description":"Obtenga detalles sobre la plataforma rodante giratoria RL2 de GKS Perfekt. Soluciones de Elevaci\u00f3n y Transporte GKS Perfekt con plataformas rodantes giratorias\u2026 moviendo cargas pesadas en espacios reducidos desde 1967.","og_url":"https:\/\/www.gksweb.com\/es\/product\/rl2-plataforma-rodante-giratoria\/","og_site_name":"GKS Lifting and Moving Solutions","article_modified_time":"2024-06-11T13:17:07+00:00","og_image":[{"width":800,"height":800,"url":"https:\/\/www.gksweb.com\/wp-content\/uploads\/2020\/12\/RL2.png","type":"image\/png"}],"twitter_card":"summary_large_image","twitter_misc":{"Tiempo de lectura":"2 minutos"},"schema":{"@context":"https:\/\/schema.org","@graph":[{"@type":"WebPage","@id":"https:\/\/www.gksweb.com\/es\/product\/rl2-plataforma-rodante-giratoria\/","url":"https:\/\/www.gksweb.com\/es\/product\/rl2-plataforma-rodante-giratoria\/","name":"RL2 - Plataforma rodante giratoria | GKS Perfekt","isPartOf":{"@id":"https:\/\/www.gksweb.com\/es\/#website"},"primaryImageOfPage":{"@id":"https:\/\/www.gksweb.com\/es\/product\/rl2-plataforma-rodante-giratoria\/#primaryimage"},"image":{"@id":"https:\/\/www.gksweb.com\/es\/product\/rl2-plataforma-rodante-giratoria\/#primaryimage"},"thumbnailUrl":"https:\/\/www.gksweb.com\/wp-content\/uploads\/2020\/12\/RL2.png","datePublished":"2020-12-11T00:43:52+00:00","dateModified":"2024-06-11T13:17:07+00:00","description":"Obtenga detalles sobre la plataforma rodante giratoria RL2 de GKS Perfekt. Soluciones de Elevaci\u00f3n y Transporte GKS Perfekt con plataformas rodantes giratorias\u2026 moviendo cargas pesadas en espacios reducidos desde 1967.","breadcrumb":{"@id":"https:\/\/www.gksweb.com\/es\/product\/rl2-plataforma-rodante-giratoria\/#breadcrumb"},"inLanguage":"es","potentialAction":[{"@type":"ReadAction","target":["https:\/\/www.gksweb.com\/es\/product\/rl2-plataforma-rodante-giratoria\/"]}]},{"@type":"ImageObject","inLanguage":"es","@id":"https:\/\/www.gksweb.com\/es\/product\/rl2-plataforma-rodante-giratoria\/#primaryimage","url":"https:\/\/www.gksweb.com\/wp-content\/uploads\/2020\/12\/RL2.png","contentUrl":"https:\/\/www.gksweb.com\/wp-content\/uploads\/2020\/12\/RL2.png","width":800,"height":800},{"@type":"BreadcrumbList","@id":"https:\/\/www.gksweb.com\/es\/product\/rl2-plataforma-rodante-giratoria\/#breadcrumb","itemListElement":[{"@type":"ListItem","position":1,"name":"Home","item":"https:\/\/www.gksweb.com\/es\/"},{"@type":"ListItem","position":2,"name":"Productos","item":"https:\/\/www.gksweb.com\/products\/"},{"@type":"ListItem","position":3,"name":"Plataforma rodante giratoria RL2"}]},{"@type":"WebSite","@id":"https:\/\/www.gksweb.com\/es\/#website","url":"https:\/\/www.gksweb.com\/es\/","name":"GKS Lifting and Moving Solutions","description":"","potentialAction":[{"@type":"SearchAction","target":{"@type":"EntryPoint","urlTemplate":"https:\/\/www.gksweb.com\/es\/?s={search_term_string}"},"query-input":{"@type":"PropertyValueSpecification","valueRequired":true,"valueName":"search_term_string"}}],"inLanguage":"es"}]}},"_links":{"self":[{"href":"https:\/\/www.gksweb.com\/es\/wp-json\/wp\/v2\/product\/10162","targetHints":{"allow":["GET"]}}],"collection":[{"href":"https:\/\/www.gksweb.com\/es\/wp-json\/wp\/v2\/product"}],"about":[{"href":"https:\/\/www.gksweb.com\/es\/wp-json\/wp\/v2\/types\/product"}],"replies":[{"embeddable":true,"href":"https:\/\/www.gksweb.com\/es\/wp-json\/wp\/v2\/comments?post=10162"}],"wp:featuredmedia":[{"embeddable":true,"href":"https:\/\/www.gksweb.com\/es\/wp-json\/wp\/v2\/media\/9130"}],"wp:attachment":[{"href":"https:\/\/www.gksweb.com\/es\/wp-json\/wp\/v2\/media?parent=10162"}],"wp:term":[{"taxonomy":"product_brand","embeddable":true,"href":"https:\/\/www.gksweb.com\/es\/wp-json\/wp\/v2\/product_brand?post=10162"},{"taxonomy":"product_cat","embeddable":true,"href":"https:\/\/www.gksweb.com\/es\/wp-json\/wp\/v2\/product_cat?post=10162"},{"taxonomy":"product_tag","embeddable":true,"href":"https:\/\/www.gksweb.com\/es\/wp-json\/wp\/v2\/product_tag?post=10162"}],"curies":[{"name":"wp","href":"https:\/\/api.w.org\/{rel}","templated":true}]}}