{"id":10150,"date":"2025-06-10T09:49:11","date_gmt":"2025-06-10T13:49:11","guid":{"rendered":"https:\/\/www.gksweb.com\/product\/plataforma-rodante-de-transporte-f60\/"},"modified":"2025-06-10T09:49:11","modified_gmt":"2025-06-10T13:49:11","slug":"plataforma-rodante-transporte-f60","status":"publish","type":"product","link":"https:\/\/www.gksweb.com\/es\/product\/plataforma-rodante-transporte-f60\/","title":{"rendered":"Plataforma rodante de transporte F60"},"content":{"rendered":"<p>Plataforma rodante de transporte F60 de GKS Perfekt<\/p>\n<p>Plataforma rodante de ancho ajustable para el transporte de cargas de hasta 132,000\u00a0lb. \/60\u00a0t.<\/p>\n<p>Altura de carga 7.1&#8243;\/180\u00a0mm \u00fanicamente.<\/p>\n<p>Uso est\u00e1ndar como sistema de 3 puntos en combinaci\u00f3n con la plataforma rodante dirigible L60 (art\u00edculo N.\u00b0 10227) hasta un m\u00e1x. de 264,000\u00a0libras. \/120\u00a0t de capacidad de carga.<\/p>\n<p>Los rodillos no marcan los pisos.<\/p>\n<p>Debido a la misma altura de carga intercambiable con plataformas rodantes GKS-Perfekt L20\/L30\/L40 (art\u00edculo N.\u00ba 11061\/11993\/11771) o adaptable como sistema de 4 puntos en combinaci\u00f3n con plataformas en t\u00e1ndem TL20\/TL40 (art\u00edculo N.\u00ba 11803\/11148).<\/p>\n<p>Rodillo de repuesto: N.\u00b0\u00a0de art\u00edculo 10022.<\/p>\n","protected":false},"excerpt":{"rendered":"<p>Pat\u00edn<\/p>\n","protected":false},"featured_media":9154,"comment_status":"closed","ping_status":"closed","template":"","meta":{"_acf_changed":false,"_et_pb_use_builder":"","_et_pb_old_content":"","_et_gb_content_width":""},"product_brand":[],"product_cat":[428,427],"product_tag":[],"class_list":{"0":"post-10150","1":"product","2":"type-product","3":"status-publish","4":"has-post-thumbnail","6":"product_cat-plataformas-rodantes-de-transporte","7":"product_cat-plataformas-rodantes-industriales","9":"first","10":"instock","11":"shipping-taxable","12":"purchasable","13":"product-type-simple"},"acf":[],"yoast_head":"<!-- This site is optimized with the Yoast SEO plugin v25.4 - https:\/\/yoast.com\/wordpress\/plugins\/seo\/ -->\n<title>Plataforma rodante de transporte F60 - Plataformas rodantes para cargas pesadas | GKS Perfekt<\/title>\n<meta name=\"description\" content=\"Obtenga detalles sobre la plataforma rodante de transporte F60 de GKS. Soluciones de Elevaci\u00f3n y Transporte GKS Perfekt con plataforma rodante de carga pesada... moviendo cargas pesadas en espacios reducidos desde 1967.\" \/>\n<meta name=\"robots\" content=\"index, follow, max-snippet:-1, max-image-preview:large, max-video-preview:-1\" \/>\n<link rel=\"canonical\" href=\"https:\/\/www.gksweb.com\/es\/product\/plataforma-rodante-transporte-f60\/\" \/>\n<meta property=\"og:locale\" content=\"es_ES\" \/>\n<meta property=\"og:type\" content=\"article\" \/>\n<meta property=\"og:title\" content=\"Plataforma rodante de transporte F60 - Plataformas rodantes para cargas pesadas | GKS Perfekt\" \/>\n<meta property=\"og:description\" content=\"Obtenga detalles sobre la plataforma rodante de transporte F60 de GKS. Soluciones de Elevaci\u00f3n y Transporte GKS Perfekt con plataforma rodante de carga pesada... moviendo cargas pesadas en espacios reducidos desde 1967.\" \/>\n<meta property=\"og:url\" content=\"https:\/\/www.gksweb.com\/es\/product\/plataforma-rodante-transporte-f60\/\" \/>\n<meta property=\"og:site_name\" content=\"GKS Lifting and Moving Solutions\" \/>\n<meta property=\"og:image\" content=\"https:\/\/www.gksweb.com\/wp-content\/uploads\/2020\/11\/f60.jpg\" \/>\n\t<meta property=\"og:image:width\" content=\"800\" \/>\n\t<meta property=\"og:image:height\" content=\"800\" \/>\n\t<meta property=\"og:image:type\" content=\"image\/jpeg\" \/>\n<meta name=\"twitter:card\" content=\"summary_large_image\" \/>\n<meta name=\"twitter:label1\" content=\"Tiempo de lectura\" \/>\n\t<meta name=\"twitter:data1\" content=\"1 minuto\" \/>\n<script type=\"application\/ld+json\" class=\"yoast-schema-graph\">{\"@context\":\"https:\/\/schema.org\",\"@graph\":[{\"@type\":\"WebPage\",\"@id\":\"https:\/\/www.gksweb.com\/es\/product\/plataforma-rodante-transporte-f60\/\",\"url\":\"https:\/\/www.gksweb.com\/es\/product\/plataforma-rodante-transporte-f60\/\",\"name\":\"Plataforma rodante de transporte F60 - Plataformas rodantes para cargas pesadas | GKS Perfekt\",\"isPartOf\":{\"@id\":\"https:\/\/www.gksweb.com\/es\/#website\"},\"primaryImageOfPage\":{\"@id\":\"https:\/\/www.gksweb.com\/es\/product\/plataforma-rodante-transporte-f60\/#primaryimage\"},\"image\":{\"@id\":\"https:\/\/www.gksweb.com\/es\/product\/plataforma-rodante-transporte-f60\/#primaryimage\"},\"thumbnailUrl\":\"https:\/\/www.gksweb.com\/wp-content\/uploads\/2020\/11\/f60.jpg\",\"datePublished\":\"2025-06-10T13:49:11+00:00\",\"description\":\"Obtenga detalles sobre la plataforma rodante de transporte F60 de GKS. Soluciones de Elevaci\u00f3n y Transporte GKS Perfekt con plataforma rodante de carga pesada... moviendo cargas pesadas en espacios reducidos desde 1967.\",\"breadcrumb\":{\"@id\":\"https:\/\/www.gksweb.com\/es\/product\/plataforma-rodante-transporte-f60\/#breadcrumb\"},\"inLanguage\":\"es\",\"potentialAction\":[{\"@type\":\"ReadAction\",\"target\":[\"https:\/\/www.gksweb.com\/es\/product\/plataforma-rodante-transporte-f60\/\"]}]},{\"@type\":\"ImageObject\",\"inLanguage\":\"es\",\"@id\":\"https:\/\/www.gksweb.com\/es\/product\/plataforma-rodante-transporte-f60\/#primaryimage\",\"url\":\"https:\/\/www.gksweb.com\/wp-content\/uploads\/2020\/11\/f60.jpg\",\"contentUrl\":\"https:\/\/www.gksweb.com\/wp-content\/uploads\/2020\/11\/f60.jpg\",\"width\":800,\"height\":800},{\"@type\":\"BreadcrumbList\",\"@id\":\"https:\/\/www.gksweb.com\/es\/product\/plataforma-rodante-transporte-f60\/#breadcrumb\",\"itemListElement\":[{\"@type\":\"ListItem\",\"position\":1,\"name\":\"Home\",\"item\":\"https:\/\/www.gksweb.com\/es\/\"},{\"@type\":\"ListItem\",\"position\":2,\"name\":\"Productos\",\"item\":\"https:\/\/www.gksweb.com\/products\/\"},{\"@type\":\"ListItem\",\"position\":3,\"name\":\"Plataforma rodante de transporte F60\"}]},{\"@type\":\"WebSite\",\"@id\":\"https:\/\/www.gksweb.com\/es\/#website\",\"url\":\"https:\/\/www.gksweb.com\/es\/\",\"name\":\"GKS Lifting and Moving Solutions\",\"description\":\"\",\"potentialAction\":[{\"@type\":\"SearchAction\",\"target\":{\"@type\":\"EntryPoint\",\"urlTemplate\":\"https:\/\/www.gksweb.com\/es\/?s={search_term_string}\"},\"query-input\":{\"@type\":\"PropertyValueSpecification\",\"valueRequired\":true,\"valueName\":\"search_term_string\"}}],\"inLanguage\":\"es\"}]}<\/script>\n<!-- \/ Yoast SEO plugin. -->","yoast_head_json":{"title":"Plataforma rodante de transporte F60 - Plataformas rodantes para cargas pesadas | GKS Perfekt","description":"Obtenga detalles sobre la plataforma rodante de transporte F60 de GKS. Soluciones de Elevaci\u00f3n y Transporte GKS Perfekt con plataforma rodante de carga pesada... moviendo cargas pesadas en espacios reducidos desde 1967.","robots":{"index":"index","follow":"follow","max-snippet":"max-snippet:-1","max-image-preview":"max-image-preview:large","max-video-preview":"max-video-preview:-1"},"canonical":"https:\/\/www.gksweb.com\/es\/product\/plataforma-rodante-transporte-f60\/","og_locale":"es_ES","og_type":"article","og_title":"Plataforma rodante de transporte F60 - Plataformas rodantes para cargas pesadas | GKS Perfekt","og_description":"Obtenga detalles sobre la plataforma rodante de transporte F60 de GKS. Soluciones de Elevaci\u00f3n y Transporte GKS Perfekt con plataforma rodante de carga pesada... moviendo cargas pesadas en espacios reducidos desde 1967.","og_url":"https:\/\/www.gksweb.com\/es\/product\/plataforma-rodante-transporte-f60\/","og_site_name":"GKS Lifting and Moving Solutions","og_image":[{"width":800,"height":800,"url":"https:\/\/www.gksweb.com\/wp-content\/uploads\/2020\/11\/f60.jpg","type":"image\/jpeg"}],"twitter_card":"summary_large_image","twitter_misc":{"Tiempo de lectura":"1 minuto"},"schema":{"@context":"https:\/\/schema.org","@graph":[{"@type":"WebPage","@id":"https:\/\/www.gksweb.com\/es\/product\/plataforma-rodante-transporte-f60\/","url":"https:\/\/www.gksweb.com\/es\/product\/plataforma-rodante-transporte-f60\/","name":"Plataforma rodante de transporte F60 - Plataformas rodantes para cargas pesadas | GKS Perfekt","isPartOf":{"@id":"https:\/\/www.gksweb.com\/es\/#website"},"primaryImageOfPage":{"@id":"https:\/\/www.gksweb.com\/es\/product\/plataforma-rodante-transporte-f60\/#primaryimage"},"image":{"@id":"https:\/\/www.gksweb.com\/es\/product\/plataforma-rodante-transporte-f60\/#primaryimage"},"thumbnailUrl":"https:\/\/www.gksweb.com\/wp-content\/uploads\/2020\/11\/f60.jpg","datePublished":"2025-06-10T13:49:11+00:00","description":"Obtenga detalles sobre la plataforma rodante de transporte F60 de GKS. Soluciones de Elevaci\u00f3n y Transporte GKS Perfekt con plataforma rodante de carga pesada... moviendo cargas pesadas en espacios reducidos desde 1967.","breadcrumb":{"@id":"https:\/\/www.gksweb.com\/es\/product\/plataforma-rodante-transporte-f60\/#breadcrumb"},"inLanguage":"es","potentialAction":[{"@type":"ReadAction","target":["https:\/\/www.gksweb.com\/es\/product\/plataforma-rodante-transporte-f60\/"]}]},{"@type":"ImageObject","inLanguage":"es","@id":"https:\/\/www.gksweb.com\/es\/product\/plataforma-rodante-transporte-f60\/#primaryimage","url":"https:\/\/www.gksweb.com\/wp-content\/uploads\/2020\/11\/f60.jpg","contentUrl":"https:\/\/www.gksweb.com\/wp-content\/uploads\/2020\/11\/f60.jpg","width":800,"height":800},{"@type":"BreadcrumbList","@id":"https:\/\/www.gksweb.com\/es\/product\/plataforma-rodante-transporte-f60\/#breadcrumb","itemListElement":[{"@type":"ListItem","position":1,"name":"Home","item":"https:\/\/www.gksweb.com\/es\/"},{"@type":"ListItem","position":2,"name":"Productos","item":"https:\/\/www.gksweb.com\/products\/"},{"@type":"ListItem","position":3,"name":"Plataforma rodante de transporte F60"}]},{"@type":"WebSite","@id":"https:\/\/www.gksweb.com\/es\/#website","url":"https:\/\/www.gksweb.com\/es\/","name":"GKS Lifting and Moving Solutions","description":"","potentialAction":[{"@type":"SearchAction","target":{"@type":"EntryPoint","urlTemplate":"https:\/\/www.gksweb.com\/es\/?s={search_term_string}"},"query-input":{"@type":"PropertyValueSpecification","valueRequired":true,"valueName":"search_term_string"}}],"inLanguage":"es"}]}},"_links":{"self":[{"href":"https:\/\/www.gksweb.com\/es\/wp-json\/wp\/v2\/product\/10150","targetHints":{"allow":["GET"]}}],"collection":[{"href":"https:\/\/www.gksweb.com\/es\/wp-json\/wp\/v2\/product"}],"about":[{"href":"https:\/\/www.gksweb.com\/es\/wp-json\/wp\/v2\/types\/product"}],"replies":[{"embeddable":true,"href":"https:\/\/www.gksweb.com\/es\/wp-json\/wp\/v2\/comments?post=10150"}],"wp:featuredmedia":[{"embeddable":true,"href":"https:\/\/www.gksweb.com\/es\/wp-json\/wp\/v2\/media\/9154"}],"wp:attachment":[{"href":"https:\/\/www.gksweb.com\/es\/wp-json\/wp\/v2\/media?parent=10150"}],"wp:term":[{"taxonomy":"product_brand","embeddable":true,"href":"https:\/\/www.gksweb.com\/es\/wp-json\/wp\/v2\/product_brand?post=10150"},{"taxonomy":"product_cat","embeddable":true,"href":"https:\/\/www.gksweb.com\/es\/wp-json\/wp\/v2\/product_cat?post=10150"},{"taxonomy":"product_tag","embeddable":true,"href":"https:\/\/www.gksweb.com\/es\/wp-json\/wp\/v2\/product_tag?post=10150"}],"curies":[{"name":"wp","href":"https:\/\/api.w.org\/{rel}","templated":true}]}}