{"id":10140,"date":"2025-06-10T09:48:52","date_gmt":"2025-06-10T13:48:52","guid":{"rendered":"https:\/\/www.gksweb.com\/product\/plataforma-rodante-de-transporte-l9\/"},"modified":"2025-06-10T09:48:53","modified_gmt":"2025-06-10T13:48:53","slug":"plataforma-rodante-transporte-l9","status":"publish","type":"product","link":"https:\/\/www.gksweb.com\/es\/product\/plataforma-rodante-transporte-l9\/","title":{"rendered":"Plataforma rodante de transporte L9"},"content":{"rendered":"<h3>MOVER CARGAS PESADAS PUEDE SER SIMPLE<\/h3>\n<p>Si su empresa enfrenta el desaf\u00edo de mover cargas pesadas en sus instalaciones, la plataforma rodante de transporte L9 de GKS-Perfekt puede ser una excelente incorporaci\u00f3n resistente para sus operaciones.<\/p>\n<p>Nuestras plataformas rodantes de transporte est\u00e1n dise\u00f1adas para ayudar a mover cargas pesadas en espacios peque\u00f1os y en curvas cerradas. Este sistema de transporte de carga est\u00e1 construido para transportar hasta 19,800\u00a0lb (9\u00a0toneladas m\u00e9tricas) o trabajar como parte de un sistema de transporte de tres puntos que se puede usar en combinaci\u00f3n con:<\/p>\n<ul>\n<li><a href=\"https:\/\/www.gksweb.com\/wp-content\/uploads\/2020\/11\/transport-dollies.jpg\">Plataformas rodantes F<\/a>: Plataformas rodantes de l\u00ednea recta y ancho ajustable. Servir como eje trasero de los sistemas de transporte de carga.<\/li>\n<li><a href=\"https:\/\/www.gksweb.com\/wp-content\/uploads\/2020\/11\/rotating-dollies.jpg\">Plataformas rodantes giratorias RL<\/a>: Movimiento casi sin esfuerzo en todas las direcciones.<\/li>\n<li><a href=\"https:\/\/www.gksweb.com\/wp-content\/uploads\/2020\/11\/tandem-dollies.jpg\">Plataformas rodantes en t\u00e1ndem TL<\/a>: Soporte frontal dirigible para mercanc\u00edas voluminosas que requieren la mejor estabilidad.<\/li>\n<\/ul>\n<p>Con una altura de carga de 110\u00a0mm (4.3\u00a0in), la plataforma rodante L9 se puede combinar con otras plataformas rodantes de GKS-Perfekt que tengan la misma altura de carga, como las plataformas rodantes <a href=\"https:\/\/www.gksweb.com\/product\/l3-f3-transport-system\/\">F3<\/a>,\u00a0<a href=\"https:\/\/www.gksweb.com\/product\/f6-transport-dolly\/\">F6<\/a>,\u00a0<a href=\"https:\/\/www.gksweb.com\/product\/f12-transport-dolly\/\">F12<\/a>,\u00a0<a href=\"https:\/\/www.gksweb.com\/product\/f18-transport-dolly\/\">F18<\/a>,\u00a0<a href=\"https:\/\/www.gksweb.com\/product\/rl2-rotating-dolly\/\">RL2<\/a> o\u00a0<a href=\"https:\/\/www.gksweb.com\/product\/rl4-rotating-dolly\/\">RL4<\/a>: para transportar hasta 39,600\u00a0lb (18\u00a0toneladas m\u00e9tricas). Tambi\u00e9n hay una versi\u00f3n niquelada disponible para su uso en salas limpias de la industria de procesamiento de alimentos, farmac\u00e9utica y qu\u00edmica.<\/p>\n<p>Al igual que todas las plataformas rodantes GKS-Perfekt, la L9 viene equipada con rodillos especiales que brindan baja resistencia al rodamiento y alta estabilidad. Estas ruedas est\u00e1n dise\u00f1adas para no resbalar bajo cargas pesadas, incluso bajo fuerzas de arrastre y tracci\u00f3n, todo sin dejar marcas en sus pisos. Nuestras plataformas rodantes de transporte se sientan cerca del suelo para un centro de gravedad bajo y seguro y un espacio libre bajo para la cabeza.<\/p>\n<p>La plataforma rodante L9 es ideal para instalaciones que tienen poco espacio para trabajar y puede ayudar a mover cargas pesadas en espacios peque\u00f1os. Si est\u00e1 interesado en la plataforma rodante de transporte L9 de GKS-Perfekt y desea obtener m\u00e1s informaci\u00f3n,\u00a0<a href=\"https:\/\/www.gksweb.com\/contact-us\/\">solicite un presupuesto<\/a>\u00a0o llame al 937-324-8867 para hablar con un miembro experimentado del equipo.<\/p>\n","protected":false},"excerpt":{"rendered":"<p>Mover cargas pesadas<\/p>\n","protected":false},"featured_media":9159,"comment_status":"closed","ping_status":"closed","template":"","meta":{"_acf_changed":false,"_et_pb_use_builder":"","_et_pb_old_content":"","_et_gb_content_width":""},"product_brand":[],"product_cat":[428,427],"product_tag":[],"class_list":{"0":"post-10140","1":"product","2":"type-product","3":"status-publish","4":"has-post-thumbnail","6":"product_cat-plataformas-rodantes-de-transporte","7":"product_cat-plataformas-rodantes-industriales","9":"first","10":"instock","11":"shipping-taxable","12":"purchasable","13":"product-type-simple"},"acf":[],"yoast_head":"<!-- This site is optimized with the Yoast SEO plugin v25.4 - https:\/\/yoast.com\/wordpress\/plugins\/seo\/ -->\n<title>Plataforma rodante de transporte L9 - Plataformas rodantes para cargas pesadas | GKS Perfekt<\/title>\n<meta name=\"description\" content=\"Obtenga m\u00e1s detalles sobre la plataforma rodante de transporte L9 de GKS. Soluciones de Elevaci\u00f3n y Transporte GKS Perfekt con plataforma rodante de carga pesada... moviendo cargas pesadas en espacios reducidos desde 1967.\" \/>\n<meta name=\"robots\" content=\"index, follow, max-snippet:-1, max-image-preview:large, max-video-preview:-1\" \/>\n<link rel=\"canonical\" href=\"https:\/\/www.gksweb.com\/es\/product\/plataforma-rodante-transporte-l9\/\" \/>\n<meta property=\"og:locale\" content=\"es_ES\" \/>\n<meta property=\"og:type\" content=\"article\" \/>\n<meta property=\"og:title\" content=\"Plataforma rodante de transporte L9 - Plataformas rodantes para cargas pesadas | GKS Perfekt\" \/>\n<meta property=\"og:description\" content=\"Obtenga m\u00e1s detalles sobre la plataforma rodante de transporte L9 de GKS. Soluciones de Elevaci\u00f3n y Transporte GKS Perfekt con plataforma rodante de carga pesada... moviendo cargas pesadas en espacios reducidos desde 1967.\" \/>\n<meta property=\"og:url\" content=\"https:\/\/www.gksweb.com\/es\/product\/plataforma-rodante-transporte-l9\/\" \/>\n<meta property=\"og:site_name\" content=\"GKS Lifting and Moving Solutions\" \/>\n<meta property=\"article:modified_time\" content=\"2025-06-10T13:48:53+00:00\" \/>\n<meta property=\"og:image\" content=\"https:\/\/www.gksweb.com\/wp-content\/uploads\/2020\/11\/L9.png\" \/>\n\t<meta property=\"og:image:width\" content=\"800\" \/>\n\t<meta property=\"og:image:height\" content=\"800\" \/>\n\t<meta property=\"og:image:type\" content=\"image\/png\" \/>\n<meta name=\"twitter:card\" content=\"summary_large_image\" \/>\n<meta name=\"twitter:label1\" content=\"Tiempo de lectura\" \/>\n\t<meta name=\"twitter:data1\" content=\"2 minutos\" \/>\n<script type=\"application\/ld+json\" class=\"yoast-schema-graph\">{\"@context\":\"https:\/\/schema.org\",\"@graph\":[{\"@type\":\"WebPage\",\"@id\":\"https:\/\/www.gksweb.com\/es\/product\/plataforma-rodante-transporte-l9\/\",\"url\":\"https:\/\/www.gksweb.com\/es\/product\/plataforma-rodante-transporte-l9\/\",\"name\":\"Plataforma rodante de transporte L9 - Plataformas rodantes para cargas pesadas | GKS Perfekt\",\"isPartOf\":{\"@id\":\"https:\/\/www.gksweb.com\/es\/#website\"},\"primaryImageOfPage\":{\"@id\":\"https:\/\/www.gksweb.com\/es\/product\/plataforma-rodante-transporte-l9\/#primaryimage\"},\"image\":{\"@id\":\"https:\/\/www.gksweb.com\/es\/product\/plataforma-rodante-transporte-l9\/#primaryimage\"},\"thumbnailUrl\":\"https:\/\/www.gksweb.com\/wp-content\/uploads\/2020\/11\/L9.png\",\"datePublished\":\"2025-06-10T13:48:52+00:00\",\"dateModified\":\"2025-06-10T13:48:53+00:00\",\"description\":\"Obtenga m\u00e1s detalles sobre la plataforma rodante de transporte L9 de GKS. Soluciones de Elevaci\u00f3n y Transporte GKS Perfekt con plataforma rodante de carga pesada... moviendo cargas pesadas en espacios reducidos desde 1967.\",\"breadcrumb\":{\"@id\":\"https:\/\/www.gksweb.com\/es\/product\/plataforma-rodante-transporte-l9\/#breadcrumb\"},\"inLanguage\":\"es\",\"potentialAction\":[{\"@type\":\"ReadAction\",\"target\":[\"https:\/\/www.gksweb.com\/es\/product\/plataforma-rodante-transporte-l9\/\"]}]},{\"@type\":\"ImageObject\",\"inLanguage\":\"es\",\"@id\":\"https:\/\/www.gksweb.com\/es\/product\/plataforma-rodante-transporte-l9\/#primaryimage\",\"url\":\"https:\/\/www.gksweb.com\/wp-content\/uploads\/2020\/11\/L9.png\",\"contentUrl\":\"https:\/\/www.gksweb.com\/wp-content\/uploads\/2020\/11\/L9.png\",\"width\":800,\"height\":800},{\"@type\":\"BreadcrumbList\",\"@id\":\"https:\/\/www.gksweb.com\/es\/product\/plataforma-rodante-transporte-l9\/#breadcrumb\",\"itemListElement\":[{\"@type\":\"ListItem\",\"position\":1,\"name\":\"Home\",\"item\":\"https:\/\/www.gksweb.com\/es\/\"},{\"@type\":\"ListItem\",\"position\":2,\"name\":\"Productos\",\"item\":\"https:\/\/www.gksweb.com\/products\/\"},{\"@type\":\"ListItem\",\"position\":3,\"name\":\"Plataforma rodante de transporte L9\"}]},{\"@type\":\"WebSite\",\"@id\":\"https:\/\/www.gksweb.com\/es\/#website\",\"url\":\"https:\/\/www.gksweb.com\/es\/\",\"name\":\"GKS Lifting and Moving Solutions\",\"description\":\"\",\"potentialAction\":[{\"@type\":\"SearchAction\",\"target\":{\"@type\":\"EntryPoint\",\"urlTemplate\":\"https:\/\/www.gksweb.com\/es\/?s={search_term_string}\"},\"query-input\":{\"@type\":\"PropertyValueSpecification\",\"valueRequired\":true,\"valueName\":\"search_term_string\"}}],\"inLanguage\":\"es\"}]}<\/script>\n<!-- \/ Yoast SEO plugin. -->","yoast_head_json":{"title":"Plataforma rodante de transporte L9 - Plataformas rodantes para cargas pesadas | GKS Perfekt","description":"Obtenga m\u00e1s detalles sobre la plataforma rodante de transporte L9 de GKS. Soluciones de Elevaci\u00f3n y Transporte GKS Perfekt con plataforma rodante de carga pesada... moviendo cargas pesadas en espacios reducidos desde 1967.","robots":{"index":"index","follow":"follow","max-snippet":"max-snippet:-1","max-image-preview":"max-image-preview:large","max-video-preview":"max-video-preview:-1"},"canonical":"https:\/\/www.gksweb.com\/es\/product\/plataforma-rodante-transporte-l9\/","og_locale":"es_ES","og_type":"article","og_title":"Plataforma rodante de transporte L9 - Plataformas rodantes para cargas pesadas | GKS Perfekt","og_description":"Obtenga m\u00e1s detalles sobre la plataforma rodante de transporte L9 de GKS. Soluciones de Elevaci\u00f3n y Transporte GKS Perfekt con plataforma rodante de carga pesada... moviendo cargas pesadas en espacios reducidos desde 1967.","og_url":"https:\/\/www.gksweb.com\/es\/product\/plataforma-rodante-transporte-l9\/","og_site_name":"GKS Lifting and Moving Solutions","article_modified_time":"2025-06-10T13:48:53+00:00","og_image":[{"width":800,"height":800,"url":"https:\/\/www.gksweb.com\/wp-content\/uploads\/2020\/11\/L9.png","type":"image\/png"}],"twitter_card":"summary_large_image","twitter_misc":{"Tiempo de lectura":"2 minutos"},"schema":{"@context":"https:\/\/schema.org","@graph":[{"@type":"WebPage","@id":"https:\/\/www.gksweb.com\/es\/product\/plataforma-rodante-transporte-l9\/","url":"https:\/\/www.gksweb.com\/es\/product\/plataforma-rodante-transporte-l9\/","name":"Plataforma rodante de transporte L9 - Plataformas rodantes para cargas pesadas | GKS Perfekt","isPartOf":{"@id":"https:\/\/www.gksweb.com\/es\/#website"},"primaryImageOfPage":{"@id":"https:\/\/www.gksweb.com\/es\/product\/plataforma-rodante-transporte-l9\/#primaryimage"},"image":{"@id":"https:\/\/www.gksweb.com\/es\/product\/plataforma-rodante-transporte-l9\/#primaryimage"},"thumbnailUrl":"https:\/\/www.gksweb.com\/wp-content\/uploads\/2020\/11\/L9.png","datePublished":"2025-06-10T13:48:52+00:00","dateModified":"2025-06-10T13:48:53+00:00","description":"Obtenga m\u00e1s detalles sobre la plataforma rodante de transporte L9 de GKS. Soluciones de Elevaci\u00f3n y Transporte GKS Perfekt con plataforma rodante de carga pesada... moviendo cargas pesadas en espacios reducidos desde 1967.","breadcrumb":{"@id":"https:\/\/www.gksweb.com\/es\/product\/plataforma-rodante-transporte-l9\/#breadcrumb"},"inLanguage":"es","potentialAction":[{"@type":"ReadAction","target":["https:\/\/www.gksweb.com\/es\/product\/plataforma-rodante-transporte-l9\/"]}]},{"@type":"ImageObject","inLanguage":"es","@id":"https:\/\/www.gksweb.com\/es\/product\/plataforma-rodante-transporte-l9\/#primaryimage","url":"https:\/\/www.gksweb.com\/wp-content\/uploads\/2020\/11\/L9.png","contentUrl":"https:\/\/www.gksweb.com\/wp-content\/uploads\/2020\/11\/L9.png","width":800,"height":800},{"@type":"BreadcrumbList","@id":"https:\/\/www.gksweb.com\/es\/product\/plataforma-rodante-transporte-l9\/#breadcrumb","itemListElement":[{"@type":"ListItem","position":1,"name":"Home","item":"https:\/\/www.gksweb.com\/es\/"},{"@type":"ListItem","position":2,"name":"Productos","item":"https:\/\/www.gksweb.com\/products\/"},{"@type":"ListItem","position":3,"name":"Plataforma rodante de transporte L9"}]},{"@type":"WebSite","@id":"https:\/\/www.gksweb.com\/es\/#website","url":"https:\/\/www.gksweb.com\/es\/","name":"GKS Lifting and Moving Solutions","description":"","potentialAction":[{"@type":"SearchAction","target":{"@type":"EntryPoint","urlTemplate":"https:\/\/www.gksweb.com\/es\/?s={search_term_string}"},"query-input":{"@type":"PropertyValueSpecification","valueRequired":true,"valueName":"search_term_string"}}],"inLanguage":"es"}]}},"_links":{"self":[{"href":"https:\/\/www.gksweb.com\/es\/wp-json\/wp\/v2\/product\/10140","targetHints":{"allow":["GET"]}}],"collection":[{"href":"https:\/\/www.gksweb.com\/es\/wp-json\/wp\/v2\/product"}],"about":[{"href":"https:\/\/www.gksweb.com\/es\/wp-json\/wp\/v2\/types\/product"}],"replies":[{"embeddable":true,"href":"https:\/\/www.gksweb.com\/es\/wp-json\/wp\/v2\/comments?post=10140"}],"wp:featuredmedia":[{"embeddable":true,"href":"https:\/\/www.gksweb.com\/es\/wp-json\/wp\/v2\/media\/9159"}],"wp:attachment":[{"href":"https:\/\/www.gksweb.com\/es\/wp-json\/wp\/v2\/media?parent=10140"}],"wp:term":[{"taxonomy":"product_brand","embeddable":true,"href":"https:\/\/www.gksweb.com\/es\/wp-json\/wp\/v2\/product_brand?post=10140"},{"taxonomy":"product_cat","embeddable":true,"href":"https:\/\/www.gksweb.com\/es\/wp-json\/wp\/v2\/product_cat?post=10140"},{"taxonomy":"product_tag","embeddable":true,"href":"https:\/\/www.gksweb.com\/es\/wp-json\/wp\/v2\/product_tag?post=10140"}],"curies":[{"name":"wp","href":"https:\/\/api.w.org\/{rel}","templated":true}]}}