{"id":10133,"date":"2020-11-18T21:59:08","date_gmt":"2020-11-19T02:59:08","guid":{"rendered":"https:\/\/www.gksweb.com\/product\/robot-10\/"},"modified":"2024-06-10T13:32:41","modified_gmt":"2024-06-10T17:32:41","slug":"robot-10","status":"publish","type":"product","link":"https:\/\/www.gksweb.com\/es\/product\/robot-10\/","title":{"rendered":"ROBOT 10"},"content":{"rendered":"<p>El Robot 10 es el \u00faltimo \u00e9xito en nuestra serie de Robots.\u00a0<a href=\"https:\/\/www.gksweb.com\/product\/robot-10\/\">Los Robots GKS<\/a>\u00a0son sistemas de plataforma rodante alimentados por bater\u00edas que permiten el f\u00e1cil movimiento de equipos o maquinaria pesada a lo largo de una planta o l\u00ednea de montaje. El nuevo Robot 10, una unidad de plataforma rodante a control remoto, es r\u00e1pido, \u00e1gil y m\u00e1s independiente que todos sus predecesores.<\/p>\n<h3>CARACTER\u00cdSTICAS DEL ROBOT 10<\/h3>\n<p>El Robot 10 ofrece el doble de velocidad en los modos lento y r\u00e1pido que la del\u00a0<a href=\"https:\/\/www.gksweb.com\/product\/robot-20\/\">Robot 20<\/a>\u00a0o\u00a0<a href=\"https:\/\/www.gksweb.com\/product\/robot-40\/\">Robot 40<\/a>\u00a0manteniendo un tiempo m\u00ednimo de funcionamiento de 90 -120 minutos. Una de las caracter\u00edsticas m\u00e1s novedosas del Robot 10 es un modo de funcionamiento s\u00edncrono integrado que permite que el Robot 10 se desplace en l\u00ednea recta sin necesidad de correcciones por parte del operador.<\/p>\n<p>Tenemos unidades de Robot 10 disponibles para demostraci\u00f3n y estamos felices de explicarle todos los proyectos y aplicaciones. Si desea hablar m\u00e1s sobre sus necesidades de plataforma rodante motorizada, ll\u00e1menos al\u00a0<a href=\"tel:+19373248867\">937-324-8867<\/a>\u00a0o\u00a0<a href=\"https:\/\/www.gksweb.com\/contact-us\/\">cont\u00e1ctenos en l\u00ednea<\/a>\u00a0hoy.<\/p>\n","protected":false},"excerpt":{"rendered":"<p>Nuestro sistema de plataforma rodante industrial a bater\u00eda.<\/p>\n","protected":false},"featured_media":9104,"comment_status":"closed","ping_status":"closed","template":"","meta":{"_acf_changed":false,"_et_pb_use_builder":"","_et_pb_old_content":"","_et_gb_content_width":""},"product_brand":[],"product_cat":[442],"product_tag":[],"class_list":{"0":"post-10133","1":"product","2":"type-product","3":"status-publish","4":"has-post-thumbnail","6":"product_cat-robot-es","8":"first","9":"instock","10":"featured","11":"shipping-taxable","12":"purchasable","13":"product-type-simple"},"acf":[],"yoast_head":"<!-- This site is optimized with the Yoast SEO plugin v25.4 - https:\/\/yoast.com\/wordpress\/plugins\/seo\/ -->\n<title>ROBOT - 10 | GKS Perfekt<\/title>\n<meta name=\"description\" content=\"Obtenga detalles sobre ROBOT 10 de GKS Perfekt. GKS Perfekt Lifting &amp; Moving Solutions ha facilitado el transporte de maquinaria pesada, moviendo cargas pesadas desde 1967.\" \/>\n<meta name=\"robots\" content=\"index, follow, max-snippet:-1, max-image-preview:large, max-video-preview:-1\" \/>\n<link rel=\"canonical\" href=\"https:\/\/www.gksweb.com\/es\/product\/robot-10\/\" \/>\n<meta property=\"og:locale\" content=\"es_ES\" \/>\n<meta property=\"og:type\" content=\"article\" \/>\n<meta property=\"og:title\" content=\"ROBOT - 10 | GKS Perfekt\" \/>\n<meta property=\"og:description\" content=\"Obtenga detalles sobre ROBOT 10 de GKS Perfekt. GKS Perfekt Lifting &amp; Moving Solutions ha facilitado el transporte de maquinaria pesada, moviendo cargas pesadas desde 1967.\" \/>\n<meta property=\"og:url\" content=\"https:\/\/www.gksweb.com\/es\/product\/robot-10\/\" \/>\n<meta property=\"og:site_name\" content=\"GKS Lifting and Moving Solutions\" \/>\n<meta property=\"article:modified_time\" content=\"2024-06-10T17:32:41+00:00\" \/>\n<meta property=\"og:image\" content=\"https:\/\/www.gksweb.com\/wp-content\/uploads\/2020\/11\/robot-10-1.jpg\" \/>\n\t<meta property=\"og:image:width\" content=\"800\" \/>\n\t<meta property=\"og:image:height\" content=\"800\" \/>\n\t<meta property=\"og:image:type\" content=\"image\/jpeg\" \/>\n<meta name=\"twitter:card\" content=\"summary_large_image\" \/>\n<meta name=\"twitter:label1\" content=\"Tiempo de lectura\" \/>\n\t<meta name=\"twitter:data1\" content=\"1 minuto\" \/>\n<script type=\"application\/ld+json\" class=\"yoast-schema-graph\">{\"@context\":\"https:\/\/schema.org\",\"@graph\":[{\"@type\":\"WebPage\",\"@id\":\"https:\/\/www.gksweb.com\/es\/product\/robot-10\/\",\"url\":\"https:\/\/www.gksweb.com\/es\/product\/robot-10\/\",\"name\":\"ROBOT - 10 | GKS Perfekt\",\"isPartOf\":{\"@id\":\"https:\/\/www.gksweb.com\/es\/#website\"},\"primaryImageOfPage\":{\"@id\":\"https:\/\/www.gksweb.com\/es\/product\/robot-10\/#primaryimage\"},\"image\":{\"@id\":\"https:\/\/www.gksweb.com\/es\/product\/robot-10\/#primaryimage\"},\"thumbnailUrl\":\"https:\/\/www.gksweb.com\/wp-content\/uploads\/2020\/11\/robot-10-1.jpg\",\"datePublished\":\"2020-11-19T02:59:08+00:00\",\"dateModified\":\"2024-06-10T17:32:41+00:00\",\"description\":\"Obtenga detalles sobre ROBOT 10 de GKS Perfekt. GKS Perfekt Lifting & Moving Solutions ha facilitado el transporte de maquinaria pesada, moviendo cargas pesadas desde 1967.\",\"breadcrumb\":{\"@id\":\"https:\/\/www.gksweb.com\/es\/product\/robot-10\/#breadcrumb\"},\"inLanguage\":\"es\",\"potentialAction\":[{\"@type\":\"ReadAction\",\"target\":[\"https:\/\/www.gksweb.com\/es\/product\/robot-10\/\"]}]},{\"@type\":\"ImageObject\",\"inLanguage\":\"es\",\"@id\":\"https:\/\/www.gksweb.com\/es\/product\/robot-10\/#primaryimage\",\"url\":\"https:\/\/www.gksweb.com\/wp-content\/uploads\/2020\/11\/robot-10-1.jpg\",\"contentUrl\":\"https:\/\/www.gksweb.com\/wp-content\/uploads\/2020\/11\/robot-10-1.jpg\",\"width\":800,\"height\":800},{\"@type\":\"BreadcrumbList\",\"@id\":\"https:\/\/www.gksweb.com\/es\/product\/robot-10\/#breadcrumb\",\"itemListElement\":[{\"@type\":\"ListItem\",\"position\":1,\"name\":\"Home\",\"item\":\"https:\/\/www.gksweb.com\/es\/\"},{\"@type\":\"ListItem\",\"position\":2,\"name\":\"Productos\",\"item\":\"https:\/\/www.gksweb.com\/products\/\"},{\"@type\":\"ListItem\",\"position\":3,\"name\":\"ROBOT 10\"}]},{\"@type\":\"WebSite\",\"@id\":\"https:\/\/www.gksweb.com\/es\/#website\",\"url\":\"https:\/\/www.gksweb.com\/es\/\",\"name\":\"GKS Lifting and Moving Solutions\",\"description\":\"\",\"potentialAction\":[{\"@type\":\"SearchAction\",\"target\":{\"@type\":\"EntryPoint\",\"urlTemplate\":\"https:\/\/www.gksweb.com\/es\/?s={search_term_string}\"},\"query-input\":{\"@type\":\"PropertyValueSpecification\",\"valueRequired\":true,\"valueName\":\"search_term_string\"}}],\"inLanguage\":\"es\"}]}<\/script>\n<!-- \/ Yoast SEO plugin. -->","yoast_head_json":{"title":"ROBOT - 10 | GKS Perfekt","description":"Obtenga detalles sobre ROBOT 10 de GKS Perfekt. GKS Perfekt Lifting & Moving Solutions ha facilitado el transporte de maquinaria pesada, moviendo cargas pesadas desde 1967.","robots":{"index":"index","follow":"follow","max-snippet":"max-snippet:-1","max-image-preview":"max-image-preview:large","max-video-preview":"max-video-preview:-1"},"canonical":"https:\/\/www.gksweb.com\/es\/product\/robot-10\/","og_locale":"es_ES","og_type":"article","og_title":"ROBOT - 10 | GKS Perfekt","og_description":"Obtenga detalles sobre ROBOT 10 de GKS Perfekt. GKS Perfekt Lifting & Moving Solutions ha facilitado el transporte de maquinaria pesada, moviendo cargas pesadas desde 1967.","og_url":"https:\/\/www.gksweb.com\/es\/product\/robot-10\/","og_site_name":"GKS Lifting and Moving Solutions","article_modified_time":"2024-06-10T17:32:41+00:00","og_image":[{"width":800,"height":800,"url":"https:\/\/www.gksweb.com\/wp-content\/uploads\/2020\/11\/robot-10-1.jpg","type":"image\/jpeg"}],"twitter_card":"summary_large_image","twitter_misc":{"Tiempo de lectura":"1 minuto"},"schema":{"@context":"https:\/\/schema.org","@graph":[{"@type":"WebPage","@id":"https:\/\/www.gksweb.com\/es\/product\/robot-10\/","url":"https:\/\/www.gksweb.com\/es\/product\/robot-10\/","name":"ROBOT - 10 | GKS Perfekt","isPartOf":{"@id":"https:\/\/www.gksweb.com\/es\/#website"},"primaryImageOfPage":{"@id":"https:\/\/www.gksweb.com\/es\/product\/robot-10\/#primaryimage"},"image":{"@id":"https:\/\/www.gksweb.com\/es\/product\/robot-10\/#primaryimage"},"thumbnailUrl":"https:\/\/www.gksweb.com\/wp-content\/uploads\/2020\/11\/robot-10-1.jpg","datePublished":"2020-11-19T02:59:08+00:00","dateModified":"2024-06-10T17:32:41+00:00","description":"Obtenga detalles sobre ROBOT 10 de GKS Perfekt. GKS Perfekt Lifting & Moving Solutions ha facilitado el transporte de maquinaria pesada, moviendo cargas pesadas desde 1967.","breadcrumb":{"@id":"https:\/\/www.gksweb.com\/es\/product\/robot-10\/#breadcrumb"},"inLanguage":"es","potentialAction":[{"@type":"ReadAction","target":["https:\/\/www.gksweb.com\/es\/product\/robot-10\/"]}]},{"@type":"ImageObject","inLanguage":"es","@id":"https:\/\/www.gksweb.com\/es\/product\/robot-10\/#primaryimage","url":"https:\/\/www.gksweb.com\/wp-content\/uploads\/2020\/11\/robot-10-1.jpg","contentUrl":"https:\/\/www.gksweb.com\/wp-content\/uploads\/2020\/11\/robot-10-1.jpg","width":800,"height":800},{"@type":"BreadcrumbList","@id":"https:\/\/www.gksweb.com\/es\/product\/robot-10\/#breadcrumb","itemListElement":[{"@type":"ListItem","position":1,"name":"Home","item":"https:\/\/www.gksweb.com\/es\/"},{"@type":"ListItem","position":2,"name":"Productos","item":"https:\/\/www.gksweb.com\/products\/"},{"@type":"ListItem","position":3,"name":"ROBOT 10"}]},{"@type":"WebSite","@id":"https:\/\/www.gksweb.com\/es\/#website","url":"https:\/\/www.gksweb.com\/es\/","name":"GKS Lifting and Moving Solutions","description":"","potentialAction":[{"@type":"SearchAction","target":{"@type":"EntryPoint","urlTemplate":"https:\/\/www.gksweb.com\/es\/?s={search_term_string}"},"query-input":{"@type":"PropertyValueSpecification","valueRequired":true,"valueName":"search_term_string"}}],"inLanguage":"es"}]}},"_links":{"self":[{"href":"https:\/\/www.gksweb.com\/es\/wp-json\/wp\/v2\/product\/10133","targetHints":{"allow":["GET"]}}],"collection":[{"href":"https:\/\/www.gksweb.com\/es\/wp-json\/wp\/v2\/product"}],"about":[{"href":"https:\/\/www.gksweb.com\/es\/wp-json\/wp\/v2\/types\/product"}],"replies":[{"embeddable":true,"href":"https:\/\/www.gksweb.com\/es\/wp-json\/wp\/v2\/comments?post=10133"}],"wp:featuredmedia":[{"embeddable":true,"href":"https:\/\/www.gksweb.com\/es\/wp-json\/wp\/v2\/media\/9104"}],"wp:attachment":[{"href":"https:\/\/www.gksweb.com\/es\/wp-json\/wp\/v2\/media?parent=10133"}],"wp:term":[{"taxonomy":"product_brand","embeddable":true,"href":"https:\/\/www.gksweb.com\/es\/wp-json\/wp\/v2\/product_brand?post=10133"},{"taxonomy":"product_cat","embeddable":true,"href":"https:\/\/www.gksweb.com\/es\/wp-json\/wp\/v2\/product_cat?post=10133"},{"taxonomy":"product_tag","embeddable":true,"href":"https:\/\/www.gksweb.com\/es\/wp-json\/wp\/v2\/product_tag?post=10133"}],"curies":[{"name":"wp","href":"https:\/\/api.w.org\/{rel}","templated":true}]}}