{"id":9266,"date":"2020-10-19T19:38:48","date_gmt":"2020-10-19T23:38:48","guid":{"rendered":"https:\/\/www.gksweb.com\/tienda\/"},"modified":"2023-07-07T09:36:43","modified_gmt":"2023-07-07T13:36:43","slug":"tienda","status":"publish","type":"page","link":"https:\/\/www.gksweb.com\/es\/tienda\/","title":{"rendered":"Productos"},"content":{"rendered":"<p>[et_pb_section fb_built=\u00bb1&#8243; admin_label=\u00bbsection\u00bb _builder_version=\u00bb4.16&#8243; global_colors_info=\u00bb{}\u00bb][et_pb_row admin_label=\u00bbfila\u00bb _builder_version=\u00bb4.20.2&#8243; background_size=\u00bbinitial\u00bb background_position=\u00bbtop_left\u00bb background_repeat=\u00bbrepeat\u00bb hover_enabled=\u00bb0&#8243; global_colors_info=\u00bb{}\u00bb sticky_enabled=\u00bb0&#8243;][et_pb_column type=\u00bb4_4&#8243; _builder_version=\u00bb4.20.2&#8243; custom_padding=\u00bb|||\u00bb hover_enabled=\u00bb0&#8243; global_colors_info=\u00bb{}\u00bb custom_padding__hover=\u00bb|||\u00bb sticky_enabled=\u00bb0&#8243;][\/et_pb_column][\/et_pb_row][\/et_pb_section]<\/p>\n","protected":false},"excerpt":{"rendered":"","protected":false},"author":6,"featured_media":0,"parent":0,"menu_order":0,"comment_status":"closed","ping_status":"closed","template":"","meta":{"_acf_changed":false,"_et_pb_use_builder":"on","_et_pb_old_content":"","_et_gb_content_width":"","footnotes":""},"class_list":["post-9266","page","type-page","status-publish","hentry"],"acf":[],"yoast_head":"<!-- This site is optimized with the Yoast SEO plugin v25.4 - https:\/\/yoast.com\/wordpress\/plugins\/seo\/ -->\n<title>Productos - Gato hidr\u00e1ulico de u\u00f1a, plataforma rodante y m\u00e1s | GKS<\/title>\n<meta name=\"description\" content=\"Vea los productos GKS, desde plataformas rodantes hasta gatos hidr\u00e1ulicos de u\u00f1a y m\u00e1s, obtenga m\u00e1s informaci\u00f3n sobre nuestra calidad y garant\u00eda. GKS Perfekt Lifting &amp; Moving Solutions ofrece soluciones de elevaci\u00f3n y transporte de cargas desde 1967.\" \/>\n<meta name=\"robots\" content=\"index, follow, max-snippet:-1, max-image-preview:large, max-video-preview:-1\" \/>\n<link rel=\"canonical\" href=\"https:\/\/www.gksweb.com\/es\/tienda\/\" \/>\n<meta property=\"og:locale\" content=\"es_ES\" \/>\n<meta property=\"og:type\" content=\"article\" \/>\n<meta property=\"og:title\" content=\"Productos - Gato hidr\u00e1ulico de u\u00f1a, plataforma rodante y m\u00e1s | GKS\" \/>\n<meta property=\"og:description\" content=\"Vea los productos GKS, desde plataformas rodantes hasta gatos hidr\u00e1ulicos de u\u00f1a y m\u00e1s, obtenga m\u00e1s informaci\u00f3n sobre nuestra calidad y garant\u00eda. GKS Perfekt Lifting &amp; Moving Solutions ofrece soluciones de elevaci\u00f3n y transporte de cargas desde 1967.\" \/>\n<meta property=\"og:url\" content=\"https:\/\/www.gksweb.com\/es\/tienda\/\" \/>\n<meta property=\"og:site_name\" content=\"GKS Lifting and Moving Solutions\" \/>\n<meta property=\"article:modified_time\" content=\"2023-07-07T13:36:43+00:00\" \/>\n<meta property=\"og:image\" content=\"https:\/\/www.gksweb.com\/wp-content\/uploads\/2024\/04\/GKS-24-PaidSocial-1.91x1-2-v2.png\" \/>\n\t<meta property=\"og:image:width\" content=\"1200\" \/>\n\t<meta property=\"og:image:height\" content=\"675\" \/>\n\t<meta property=\"og:image:type\" content=\"image\/png\" \/>\n<meta name=\"twitter:card\" content=\"summary_large_image\" \/>\n<script type=\"application\/ld+json\" class=\"yoast-schema-graph\">{\"@context\":\"https:\/\/schema.org\",\"@graph\":[{\"@type\":\"WebPage\",\"@id\":\"https:\/\/www.gksweb.com\/es\/tienda\/\",\"url\":\"https:\/\/www.gksweb.com\/es\/tienda\/\",\"name\":\"Productos - Gato hidr\u00e1ulico de u\u00f1a, plataforma rodante y m\u00e1s | GKS\",\"isPartOf\":{\"@id\":\"https:\/\/www.gksweb.com\/es\/#website\"},\"datePublished\":\"2020-10-19T23:38:48+00:00\",\"dateModified\":\"2023-07-07T13:36:43+00:00\",\"description\":\"Vea los productos GKS, desde plataformas rodantes hasta gatos hidr\u00e1ulicos de u\u00f1a y m\u00e1s, obtenga m\u00e1s informaci\u00f3n sobre nuestra calidad y garant\u00eda. GKS Perfekt Lifting & Moving Solutions ofrece soluciones de elevaci\u00f3n y transporte de cargas desde 1967.\",\"breadcrumb\":{\"@id\":\"https:\/\/www.gksweb.com\/es\/tienda\/#breadcrumb\"},\"inLanguage\":\"es\",\"potentialAction\":[{\"@type\":\"ReadAction\",\"target\":[\"https:\/\/www.gksweb.com\/es\/tienda\/\"]}]},{\"@type\":\"BreadcrumbList\",\"@id\":\"https:\/\/www.gksweb.com\/es\/tienda\/#breadcrumb\",\"itemListElement\":[{\"@type\":\"ListItem\",\"position\":1,\"name\":\"Home\",\"item\":\"https:\/\/www.gksweb.com\/es\/\"},{\"@type\":\"ListItem\",\"position\":2,\"name\":\"Productos\"}]},{\"@type\":\"WebSite\",\"@id\":\"https:\/\/www.gksweb.com\/es\/#website\",\"url\":\"https:\/\/www.gksweb.com\/es\/\",\"name\":\"GKS Lifting and Moving Solutions\",\"description\":\"\",\"potentialAction\":[{\"@type\":\"SearchAction\",\"target\":{\"@type\":\"EntryPoint\",\"urlTemplate\":\"https:\/\/www.gksweb.com\/es\/?s={search_term_string}\"},\"query-input\":{\"@type\":\"PropertyValueSpecification\",\"valueRequired\":true,\"valueName\":\"search_term_string\"}}],\"inLanguage\":\"es\"}]}<\/script>\n<!-- \/ Yoast SEO plugin. -->","yoast_head_json":{"title":"Productos - Gato hidr\u00e1ulico de u\u00f1a, plataforma rodante y m\u00e1s | GKS","description":"Vea los productos GKS, desde plataformas rodantes hasta gatos hidr\u00e1ulicos de u\u00f1a y m\u00e1s, obtenga m\u00e1s informaci\u00f3n sobre nuestra calidad y garant\u00eda. GKS Perfekt Lifting & Moving Solutions ofrece soluciones de elevaci\u00f3n y transporte de cargas desde 1967.","robots":{"index":"index","follow":"follow","max-snippet":"max-snippet:-1","max-image-preview":"max-image-preview:large","max-video-preview":"max-video-preview:-1"},"canonical":"https:\/\/www.gksweb.com\/es\/tienda\/","og_locale":"es_ES","og_type":"article","og_title":"Productos - Gato hidr\u00e1ulico de u\u00f1a, plataforma rodante y m\u00e1s | GKS","og_description":"Vea los productos GKS, desde plataformas rodantes hasta gatos hidr\u00e1ulicos de u\u00f1a y m\u00e1s, obtenga m\u00e1s informaci\u00f3n sobre nuestra calidad y garant\u00eda. GKS Perfekt Lifting & Moving Solutions ofrece soluciones de elevaci\u00f3n y transporte de cargas desde 1967.","og_url":"https:\/\/www.gksweb.com\/es\/tienda\/","og_site_name":"GKS Lifting and Moving Solutions","article_modified_time":"2023-07-07T13:36:43+00:00","og_image":[{"width":1200,"height":675,"url":"https:\/\/www.gksweb.com\/wp-content\/uploads\/2024\/04\/GKS-24-PaidSocial-1.91x1-2-v2.png","type":"image\/png"}],"twitter_card":"summary_large_image","schema":{"@context":"https:\/\/schema.org","@graph":[{"@type":"WebPage","@id":"https:\/\/www.gksweb.com\/es\/tienda\/","url":"https:\/\/www.gksweb.com\/es\/tienda\/","name":"Productos - Gato hidr\u00e1ulico de u\u00f1a, plataforma rodante y m\u00e1s | GKS","isPartOf":{"@id":"https:\/\/www.gksweb.com\/es\/#website"},"datePublished":"2020-10-19T23:38:48+00:00","dateModified":"2023-07-07T13:36:43+00:00","description":"Vea los productos GKS, desde plataformas rodantes hasta gatos hidr\u00e1ulicos de u\u00f1a y m\u00e1s, obtenga m\u00e1s informaci\u00f3n sobre nuestra calidad y garant\u00eda. GKS Perfekt Lifting & Moving Solutions ofrece soluciones de elevaci\u00f3n y transporte de cargas desde 1967.","breadcrumb":{"@id":"https:\/\/www.gksweb.com\/es\/tienda\/#breadcrumb"},"inLanguage":"es","potentialAction":[{"@type":"ReadAction","target":["https:\/\/www.gksweb.com\/es\/tienda\/"]}]},{"@type":"BreadcrumbList","@id":"https:\/\/www.gksweb.com\/es\/tienda\/#breadcrumb","itemListElement":[{"@type":"ListItem","position":1,"name":"Home","item":"https:\/\/www.gksweb.com\/es\/"},{"@type":"ListItem","position":2,"name":"Productos"}]},{"@type":"WebSite","@id":"https:\/\/www.gksweb.com\/es\/#website","url":"https:\/\/www.gksweb.com\/es\/","name":"GKS Lifting and Moving Solutions","description":"","potentialAction":[{"@type":"SearchAction","target":{"@type":"EntryPoint","urlTemplate":"https:\/\/www.gksweb.com\/es\/?s={search_term_string}"},"query-input":{"@type":"PropertyValueSpecification","valueRequired":true,"valueName":"search_term_string"}}],"inLanguage":"es"}]}},"_links":{"self":[{"href":"https:\/\/www.gksweb.com\/es\/wp-json\/wp\/v2\/pages\/9266","targetHints":{"allow":["GET"]}}],"collection":[{"href":"https:\/\/www.gksweb.com\/es\/wp-json\/wp\/v2\/pages"}],"about":[{"href":"https:\/\/www.gksweb.com\/es\/wp-json\/wp\/v2\/types\/page"}],"author":[{"embeddable":true,"href":"https:\/\/www.gksweb.com\/es\/wp-json\/wp\/v2\/users\/6"}],"replies":[{"embeddable":true,"href":"https:\/\/www.gksweb.com\/es\/wp-json\/wp\/v2\/comments?post=9266"}],"version-history":[{"count":0,"href":"https:\/\/www.gksweb.com\/es\/wp-json\/wp\/v2\/pages\/9266\/revisions"}],"wp:attachment":[{"href":"https:\/\/www.gksweb.com\/es\/wp-json\/wp\/v2\/media?parent=9266"}],"curies":[{"name":"wp","href":"https:\/\/api.w.org\/{rel}","templated":true}]}}