{"id":10212,"date":"2022-11-04T09:45:01","date_gmt":"2022-11-04T13:45:01","guid":{"rendered":"https:\/\/www.gksweb.com\/catalogo-de-productos\/"},"modified":"2023-09-07T14:58:37","modified_gmt":"2023-09-07T18:58:37","slug":"catalogo-de-productos","status":"publish","type":"page","link":"https:\/\/www.gksweb.com\/es\/catalogo-de-productos\/","title":{"rendered":"Cat\u00e1logo"},"content":{"rendered":"<div class=\"_df_book df-lite\" id=\"df_8638\"  _slug=\"8638\" data-title=\"gks-2022-catalog\" wpoptions=\"true\" thumb=\"https:\/\/www.gksweb.com\/wp-content\/uploads\/2022\/11\/GKS-2022-Catalog-R4-PROOF-pdf-1.jpeg\" thumbtype=\"\" ><\/div><script class=\"df-shortcode-script\" nowprocket type=\"application\/javascript\">window.option_df_8638 = {\"outline\":[],\"height\":\"800\",\"autoEnableOutline\":\"false\",\"autoEnableThumbnail\":\"false\",\"overwritePDFOutline\":\"false\",\"direction\":\"1\",\"pageSize\":\"0\",\"soundEnable\":\"false\",\"source\":\"https:\\\/\\\/www.gksweb.com\\\/wp-content\\\/uploads\\\/2022\\\/11\\\/GKS-2022-Catalog-R4-PROOF.pdf\",\"wpOptions\":\"true\"}; if(window.DFLIP && window.DFLIP.parseBooks){window.DFLIP.parseBooks();}<\/script>\n","protected":false},"excerpt":{"rendered":"","protected":false},"author":6,"featured_media":0,"parent":0,"menu_order":0,"comment_status":"closed","ping_status":"closed","template":"","meta":{"_acf_changed":false,"_et_pb_use_builder":"","_et_pb_old_content":"","_et_gb_content_width":"","footnotes":""},"class_list":["post-10212","page","type-page","status-publish","hentry"],"acf":[],"yoast_head":"<!-- This site is optimized with the Yoast SEO plugin v25.4 - https:\/\/yoast.com\/wordpress\/plugins\/seo\/ -->\n<title>Cat\u00e1logo - GKS Lifting and Moving Solutions<\/title>\n<meta name=\"description\" content=\"GKS ofrece soluciones de elevaci\u00f3n y transporte para uso industrial y comercial. Explore nuestro extenso cat\u00e1logo de productos para obtener una amplia gama de ofertas de alta calidad.\" \/>\n<meta name=\"robots\" content=\"index, follow, max-snippet:-1, max-image-preview:large, max-video-preview:-1\" \/>\n<link rel=\"canonical\" href=\"https:\/\/www.gksweb.com\/es\/catalogo-de-productos\/\" \/>\n<meta property=\"og:locale\" content=\"es_ES\" \/>\n<meta property=\"og:type\" content=\"article\" \/>\n<meta property=\"og:title\" content=\"Cat\u00e1logo - GKS Lifting and Moving Solutions\" \/>\n<meta property=\"og:description\" content=\"GKS ofrece soluciones de elevaci\u00f3n y transporte para uso industrial y comercial. Explore nuestro extenso cat\u00e1logo de productos para obtener una amplia gama de ofertas de alta calidad.\" \/>\n<meta property=\"og:url\" content=\"https:\/\/www.gksweb.com\/es\/catalogo-de-productos\/\" \/>\n<meta property=\"og:site_name\" content=\"GKS Lifting and Moving Solutions\" \/>\n<meta property=\"article:modified_time\" content=\"2023-09-07T18:58:37+00:00\" \/>\n<meta property=\"og:image\" content=\"https:\/\/www.gksweb.com\/wp-content\/uploads\/2024\/04\/GKS-24-PaidSocial-1.91x1-2-v2.png\" \/>\n\t<meta property=\"og:image:width\" content=\"1200\" \/>\n\t<meta property=\"og:image:height\" content=\"675\" \/>\n\t<meta property=\"og:image:type\" content=\"image\/png\" \/>\n<meta name=\"twitter:card\" content=\"summary_large_image\" \/>\n<meta name=\"twitter:label1\" content=\"Tiempo de lectura\" \/>\n\t<meta name=\"twitter:data1\" content=\"1 minuto\" \/>\n<script type=\"application\/ld+json\" class=\"yoast-schema-graph\">{\"@context\":\"https:\/\/schema.org\",\"@graph\":[{\"@type\":\"WebPage\",\"@id\":\"https:\/\/www.gksweb.com\/es\/catalogo-de-productos\/\",\"url\":\"https:\/\/www.gksweb.com\/es\/catalogo-de-productos\/\",\"name\":\"Cat\u00e1logo - GKS Lifting and Moving Solutions\",\"isPartOf\":{\"@id\":\"https:\/\/www.gksweb.com\/es\/#website\"},\"datePublished\":\"2022-11-04T13:45:01+00:00\",\"dateModified\":\"2023-09-07T18:58:37+00:00\",\"description\":\"GKS ofrece soluciones de elevaci\u00f3n y transporte para uso industrial y comercial. Explore nuestro extenso cat\u00e1logo de productos para obtener una amplia gama de ofertas de alta calidad.\",\"breadcrumb\":{\"@id\":\"https:\/\/www.gksweb.com\/es\/catalogo-de-productos\/#breadcrumb\"},\"inLanguage\":\"es\",\"potentialAction\":[{\"@type\":\"ReadAction\",\"target\":[\"https:\/\/www.gksweb.com\/es\/catalogo-de-productos\/\"]}]},{\"@type\":\"BreadcrumbList\",\"@id\":\"https:\/\/www.gksweb.com\/es\/catalogo-de-productos\/#breadcrumb\",\"itemListElement\":[{\"@type\":\"ListItem\",\"position\":1,\"name\":\"Home\",\"item\":\"https:\/\/www.gksweb.com\/es\/\"},{\"@type\":\"ListItem\",\"position\":2,\"name\":\"Cat\u00e1logo\"}]},{\"@type\":\"WebSite\",\"@id\":\"https:\/\/www.gksweb.com\/es\/#website\",\"url\":\"https:\/\/www.gksweb.com\/es\/\",\"name\":\"GKS Lifting and Moving Solutions\",\"description\":\"\",\"potentialAction\":[{\"@type\":\"SearchAction\",\"target\":{\"@type\":\"EntryPoint\",\"urlTemplate\":\"https:\/\/www.gksweb.com\/es\/?s={search_term_string}\"},\"query-input\":{\"@type\":\"PropertyValueSpecification\",\"valueRequired\":true,\"valueName\":\"search_term_string\"}}],\"inLanguage\":\"es\"}]}<\/script>\n<!-- \/ Yoast SEO plugin. -->","yoast_head_json":{"title":"Cat\u00e1logo - GKS Lifting and Moving Solutions","description":"GKS ofrece soluciones de elevaci\u00f3n y transporte para uso industrial y comercial. Explore nuestro extenso cat\u00e1logo de productos para obtener una amplia gama de ofertas de alta calidad.","robots":{"index":"index","follow":"follow","max-snippet":"max-snippet:-1","max-image-preview":"max-image-preview:large","max-video-preview":"max-video-preview:-1"},"canonical":"https:\/\/www.gksweb.com\/es\/catalogo-de-productos\/","og_locale":"es_ES","og_type":"article","og_title":"Cat\u00e1logo - GKS Lifting and Moving Solutions","og_description":"GKS ofrece soluciones de elevaci\u00f3n y transporte para uso industrial y comercial. Explore nuestro extenso cat\u00e1logo de productos para obtener una amplia gama de ofertas de alta calidad.","og_url":"https:\/\/www.gksweb.com\/es\/catalogo-de-productos\/","og_site_name":"GKS Lifting and Moving Solutions","article_modified_time":"2023-09-07T18:58:37+00:00","og_image":[{"width":1200,"height":675,"url":"https:\/\/www.gksweb.com\/wp-content\/uploads\/2024\/04\/GKS-24-PaidSocial-1.91x1-2-v2.png","type":"image\/png"}],"twitter_card":"summary_large_image","twitter_misc":{"Tiempo de lectura":"1 minuto"},"schema":{"@context":"https:\/\/schema.org","@graph":[{"@type":"WebPage","@id":"https:\/\/www.gksweb.com\/es\/catalogo-de-productos\/","url":"https:\/\/www.gksweb.com\/es\/catalogo-de-productos\/","name":"Cat\u00e1logo - GKS Lifting and Moving Solutions","isPartOf":{"@id":"https:\/\/www.gksweb.com\/es\/#website"},"datePublished":"2022-11-04T13:45:01+00:00","dateModified":"2023-09-07T18:58:37+00:00","description":"GKS ofrece soluciones de elevaci\u00f3n y transporte para uso industrial y comercial. Explore nuestro extenso cat\u00e1logo de productos para obtener una amplia gama de ofertas de alta calidad.","breadcrumb":{"@id":"https:\/\/www.gksweb.com\/es\/catalogo-de-productos\/#breadcrumb"},"inLanguage":"es","potentialAction":[{"@type":"ReadAction","target":["https:\/\/www.gksweb.com\/es\/catalogo-de-productos\/"]}]},{"@type":"BreadcrumbList","@id":"https:\/\/www.gksweb.com\/es\/catalogo-de-productos\/#breadcrumb","itemListElement":[{"@type":"ListItem","position":1,"name":"Home","item":"https:\/\/www.gksweb.com\/es\/"},{"@type":"ListItem","position":2,"name":"Cat\u00e1logo"}]},{"@type":"WebSite","@id":"https:\/\/www.gksweb.com\/es\/#website","url":"https:\/\/www.gksweb.com\/es\/","name":"GKS Lifting and Moving Solutions","description":"","potentialAction":[{"@type":"SearchAction","target":{"@type":"EntryPoint","urlTemplate":"https:\/\/www.gksweb.com\/es\/?s={search_term_string}"},"query-input":{"@type":"PropertyValueSpecification","valueRequired":true,"valueName":"search_term_string"}}],"inLanguage":"es"}]}},"_links":{"self":[{"href":"https:\/\/www.gksweb.com\/es\/wp-json\/wp\/v2\/pages\/10212","targetHints":{"allow":["GET"]}}],"collection":[{"href":"https:\/\/www.gksweb.com\/es\/wp-json\/wp\/v2\/pages"}],"about":[{"href":"https:\/\/www.gksweb.com\/es\/wp-json\/wp\/v2\/types\/page"}],"author":[{"embeddable":true,"href":"https:\/\/www.gksweb.com\/es\/wp-json\/wp\/v2\/users\/6"}],"replies":[{"embeddable":true,"href":"https:\/\/www.gksweb.com\/es\/wp-json\/wp\/v2\/comments?post=10212"}],"version-history":[{"count":0,"href":"https:\/\/www.gksweb.com\/es\/wp-json\/wp\/v2\/pages\/10212\/revisions"}],"wp:attachment":[{"href":"https:\/\/www.gksweb.com\/es\/wp-json\/wp\/v2\/media?parent=10212"}],"curies":[{"name":"wp","href":"https:\/\/api.w.org\/{rel}","templated":true}]}}