{"id":10209,"date":"2021-10-18T10:35:32","date_gmt":"2021-10-18T14:35:32","guid":{"rendered":"https:\/\/www.gksweb.com\/ferias-comerciales\/"},"modified":"2023-09-08T09:28:05","modified_gmt":"2023-09-08T13:28:05","slug":"ferias-comerciales","status":"publish","type":"page","link":"https:\/\/www.gksweb.com\/es\/ferias-comerciales\/","title":{"rendered":"Ferias comerciales"},"content":{"rendered":"<p>[et_pb_section fb_built=\u00bb1&#8243; fullwidth=\u00bbon\u00bb _builder_version=\u00bb4.16&#8243; _module_preset=\u00bbdefault\u00bb hover_enabled=\u00bb0&#8243; global_colors_info=\u00bb{}\u00bb sticky_enabled=\u00bb0&#8243;][et_pb_fullwidth_header title=\u00bbFerias comerciales\u00bb subhead=\u00bb\u00a1Venga a ver a GKS en acci\u00f3n en nuestras pr\u00f3ximas ferias comerciales!\u00bb background_overlay_color=\u00bbrgba(0,0,0,0)\u00bb _builder_version=\u00bb4.16&#8243; _module_preset=\u00bbdefault\u00bb use_background_color_gradient=\u00bbon\u00bb background_color_gradient_direction=\u00bb90deg\u00bb background_color_gradient_stops=\u00bbrgba(16,16,16,0.8) 0%|rgba(16,16,16,0.6) 100%\u00bb background_color_gradient_overlays_image=\u00bbon\u00bb background_color_gradient_start=\u00bbrgba(16,16,16,0.8)\u00bb background_color_gradient_end=\u00bbrgba(16,16,16,0.6)\u00bb background_image=\u00bbhttps:\/\/www.gksweb.com\/wp-content\/uploads\/2020\/12\/about-hero.jpg\u00bb custom_padding=\u00bb6%||6%||true|false\u00bb global_colors_info=\u00bb{}\u00bb][\/et_pb_fullwidth_header][\/et_pb_section][et_pb_section fb_built=\u00bb1&#8243; _builder_version=\u00bb4.16&#8243; _module_preset=\u00bbdefault\u00bb custom_padding=\u00bb30px||||false|false\u00bb global_colors_info=\u00bb{}\u00bb][et_pb_row column_structure=\u00bb1_2,1_2&#8243; make_equal=\u00bbon\u00bb _builder_version=\u00bb4.20.2&#8243; _module_preset=\u00bbdefault\u00bb global_colors_info=\u00bb{}\u00bb][et_pb_column type=\u00bb1_2&#8243; _builder_version=\u00bb4.16&#8243; _module_preset=\u00bbdefault\u00bb background_color=\u00bb#efefef\u00bb custom_padding=\u00bb25px|25px|25px|25px|false|false\u00bb global_colors_info=\u00bb{}\u00bb][et_pb_image src=\u00bbhttps:\/\/www.gksweb.com\/wp-content\/uploads\/2023\/02\/ConExpo-2023-min.png\u00bb title_text=\u00bbConExpo-2023-min\u00bb _builder_version=\u00bb4.20.0&#8243; _module_preset=\u00bbdefault\u00bb width=\u00bb75%\u00bb custom_padding=\u00bb||20px||false|false\u00bb global_colors_info=\u00bb{}\u00bb][\/et_pb_image][et_pb_text _builder_version=\u00bb4.19.5&#8243; _module_preset=\u00bbdefault\u00bb global_colors_info=\u00bb{}\u00bb]<\/p>\n<h3>GKS en ConExpo 2023<\/h3>\n<p><span style=\"font-weight: 400;\">14-18 de marzo | Las Vegas, NV<\/span><\/p>\n<p><span style=\"font-weight: 400;\">\u00a1La colecci\u00f3n m\u00e1s grande del mundo de equipos e ideas para la construcci\u00f3n! <\/span><i><span style=\"font-weight: 400;\">Vis\u00edtenos en el stand W43320<\/span><\/i><\/p>\n<p>[\/et_pb_text][et_pb_button button_url=\u00bbhttps:\/\/www.conexpoconagg.com\/north-americas-largest-construction-trade-show?utm_source=bing&#038;utm_medium=cpc&#038;utm_campaign=search_ceca2023_us_on-year_brand&#038;msclkid=641f3b45fe7f14afed2f588f29b0ca02&#038;utm_source=bing&#038;utm_medium=cpc&#038;utm_campaign=search_ceca2023_us_on-year_brand&#038;utm_term=con%20expo&#038;utm_content=Brand%20(ramp-up)\u00bb url_new_window=\u00bbon\u00bb button_text=\u00bbObtenga m\u00e1s informaci\u00f3n\u00bb button_alignment=\u00bbleft\u00bb _builder_version=\u00bb4.19.5&#8243; _module_preset=\u00bbdefault\u00bb custom_margin=\u00bb44px||||false|false\u00bb custom_margin_tablet=\u00bb45px||||false|false\u00bb custom_margin_phone=\u00bb0px||||false|false\u00bb custom_margin_last_edited=\u00bbon|desktop\u00bb global_colors_info=\u00bb{}\u00bb][\/et_pb_button][\/et_pb_column][et_pb_column type=\u00bb1_2&#8243; _builder_version=\u00bb4.16&#8243; _module_preset=\u00bbdefault\u00bb background_color=\u00bb#efefef\u00bb custom_padding=\u00bb25px|25px|25px|25px|false|false\u00bb border_color_left=\u00bb#101010&#8243; global_colors_info=\u00bb{}\u00bb][et_pb_image src=\u00bbhttps:\/\/www.gksweb.com\/wp-content\/uploads\/2023\/03\/Eastec-2023-1.png\u00bb title_text=\u00bbEastec 2023-1&#8243; _builder_version=\u00bb4.20.0&#8243; _module_preset=\u00bbdefault\u00bb width=\u00bb60%\u00bb module_alignment=\u00bbleft\u00bb global_colors_info=\u00bb{}\u00bb][\/et_pb_image][et_pb_text _builder_version=\u00bb4.20.2&#8243; _module_preset=\u00bbdefault\u00bb global_colors_info=\u00bb{}\u00bb]<\/p>\n<h3>GKS en Eastec 2023<\/h3>\n<p><span style=\"font-weight: 400;\">\u00a1Vis\u00edtenos en el stand 324! | 16-18 de mayo | West Springfield, MA<\/span><\/p>\n<p><span style=\"font-weight: 400;\">Este evento re\u00fane a los principales responsables de la toma de decisiones, los principales proveedores de herramientas y tecnolog\u00eda y los l\u00edderes de opini\u00f3n de muchas disciplinas de fabricaci\u00f3n de la regi\u00f3n este de los EE.\u00a0UU.<\/span><\/p>\n<p>[\/et_pb_text][et_pb_button button_url=\u00bbhttps:\/\/www.easteconline.com\/\u00bb url_new_window=\u00bbon\u00bb button_text=\u00bbObtenga m\u00e1s informaci\u00f3n\u00bb button_alignment=\u00bbleft\u00bb _builder_version=\u00bb4.19.4&#8243; _module_preset=\u00bbdefault\u00bb global_colors_info=\u00bb{}\u00bb][\/et_pb_button][\/et_pb_column][\/et_pb_row][et_pb_row column_structure=\u00bb1_2,1_2&#8243; make_equal=\u00bbon\u00bb _builder_version=\u00bb4.19.5&#8243; _module_preset=\u00bbdefault\u00bb global_colors_info=\u00bb{}\u00bb][et_pb_column type=\u00bb1_2&#8243; _builder_version=\u00bb4.16&#8243; _module_preset=\u00bbdefault\u00bb background_color=\u00bb#efefef\u00bb custom_padding=\u00bb25px|25px|25px|25px|false|false\u00bb global_colors_info=\u00bb{}\u00bb][et_pb_image src=\u00bbhttps:\/\/www.gksweb.com\/wp-content\/uploads\/2023\/03\/Southec-1.png\u00bb title_text=\u00bbSouthec-1&#8243; _builder_version=\u00bb4.20.0&#8243; _module_preset=\u00bbdefault\u00bb width=\u00bb60%\u00bb module_alignment=\u00bbleft\u00bb custom_padding=\u00bb35px||30px||false|false\u00bb custom_padding_tablet=\u00bb15px||30px||false|false\u00bb custom_padding_phone=\u00bb10px||10px||false|false\u00bb custom_padding_last_edited=\u00bbon|desktop\u00bb global_colors_info=\u00bb{}\u00bb][\/et_pb_image][et_pb_text _builder_version=\u00bb4.19.4&#8243; _module_preset=\u00bbdefault\u00bb global_colors_info=\u00bb{}\u00bb]<\/p>\n<h3>GKS en Southtec 2023<\/h3>\n<p><span style=\"font-weight: 400;\">24-26 de octubre | Greenville, Carolina del Sur<\/span><\/p>\n<p><span style=\"font-weight: 400;\">Fabricantes y usuarios, pensadores y hacedores, vendedores y compradores: todos se re\u00fanen aqu\u00ed para conectarse y avanzar en el progreso de la fabricaci\u00f3n en este evento del sur de los EE.\u00a0UU.<\/span><\/p>\n<p>[\/et_pb_text][et_pb_button button_url=\u00bbhttps:\/\/www.southteconline.com\/\u00bb url_new_window=\u00bbon\u00bb button_text=\u00bbObtenga m\u00e1s informaci\u00f3n\u00bb button_alignment=\u00bbleft\u00bb _builder_version=\u00bb4.19.4&#8243; _module_preset=\u00bbdefault\u00bb global_colors_info=\u00bb{}\u00bb][\/et_pb_button][\/et_pb_column][et_pb_column type=\u00bb1_2&#8243; _builder_version=\u00bb4.16&#8243; _module_preset=\u00bbdefault\u00bb background_color=\u00bb#efefef\u00bb custom_padding=\u00bb25px|25px|25px|25px|false|false\u00bb border_color_left=\u00bb#101010&#8243; global_colors_info=\u00bb{}\u00bb][et_pb_image src=\u00bbhttps:\/\/www.gksweb.com\/wp-content\/uploads\/2023\/03\/Modex-2024.png\u00bb title_text=\u00bbModex 2024&#8243; _builder_version=\u00bb4.20.0&#8243; _module_preset=\u00bbdefault\u00bb width=\u00bb60%\u00bb module_alignment=\u00bbleft\u00bb global_colors_info=\u00bb{}\u00bb][\/et_pb_image][et_pb_text content_tablet=\u00bb<\/p>\n<h3>GKS en Modex 2024<\/h3>\n<p><span style=%22font-weight: 400;%22>11-14 de marzo | Atlanta, Georgia<\/span><\/p>\n<p><span style=%22font-weight: 400;%22>Este importante evento de fabricaci\u00f3n y cadena de suministro une a compradores calificados para interactuar 1:1 con proveedores de soluciones y expertos en cadena de<br \/>suministro.<\/span><\/p>\n<p>\u00bb content_phone=\u00bb<\/p>\n<h3>GKS en Modex 2024<\/h3>\n<p><span style=%22font-weight: 400;%22>11-14 de marzo | Atlanta, Georgia<\/span><\/p>\n<p><span style=%22font-weight: 400;%22>Este importante evento de fabricaci\u00f3n y cadena de suministro une a compradores calificados para interactuar 1:1 con proveedores de soluciones y expertos en cadena de suministro.<\/span><\/p>\n<p>\u00bb content_last_edited=\u00bbon|desktop\u00bb _builder_version=\u00bb4.19.5&#8243; _module_preset=\u00bbdefault\u00bb global_colors_info=\u00bb{}\u00bb]<\/p>\n<h3>GKS en Modex 2024<\/h3>\n<p><span style=\"font-weight: 400;\">11-14 de marzo | Atlanta, Georgia<\/span><\/p>\n<p><span style=\"font-weight: 400;\">Este importante evento de fabricaci\u00f3n y cadena de suministro une a compradores calificados para interactuar 1:1 con proveedores de soluciones y expertos en cadena de<br \/>suministro.<\/span><\/p>\n<p>[\/et_pb_text][et_pb_button button_url=\u00bbhttps:\/\/www.modexshow.com\/\u00bb url_new_window=\u00bbon\u00bb button_text=\u00bbObtenga m\u00e1s informaci\u00f3n\u00bb button_alignment=\u00bbleft\u00bb _builder_version=\u00bb4.19.5&#8243; _module_preset=\u00bbdefault\u00bb custom_margin=\u00bb||||false|false\u00bb custom_margin_tablet=\u00bb25px||||false|false\u00bb custom_margin_phone=\u00bb||||false|false\u00bb custom_margin_last_edited=\u00bbon|desktop\u00bb global_colors_info=\u00bb{}\u00bb][\/et_pb_button][\/et_pb_column][\/et_pb_row][et_pb_row column_structure=\u00bb1_2,1_2&#8243; make_equal=\u00bbon\u00bb _builder_version=\u00bb4.19.5&#8243; _module_preset=\u00bbdefault\u00bb global_colors_info=\u00bb{}\u00bb][et_pb_column type=\u00bb1_2&#8243; _builder_version=\u00bb4.16&#8243; _module_preset=\u00bbdefault\u00bb background_color=\u00bb#efefef\u00bb custom_padding=\u00bb25px|25px|25px|25px|false|false\u00bb global_colors_info=\u00bb{}\u00bb][et_pb_image src=\u00bbhttps:\/\/www.gksweb.com\/wp-content\/uploads\/2023\/03\/Fabtech-Canada-1.png\u00bb title_text=\u00bbFabtech Canad\u00e1-1&#8243; _builder_version=\u00bb4.20.0&#8243; _module_preset=\u00bbdefault\u00bb width=\u00bb90%\u00bb custom_padding=\u00bb||2px||false|false\u00bb global_colors_info=\u00bb{}\u00bb][\/et_pb_image][et_pb_text _builder_version=\u00bb4.19.4&#8243; _module_preset=\u00bbdefault\u00bb global_colors_info=\u00bb{}\u00bb]<\/p>\n<h3>GKS en Fabtech Canad\u00e1 2024<\/h3>\n<p><span style=\"font-weight: 400;\">11-13 de junio | Toronto<\/span><\/p>\n<p>MODEX 2022: la principal feria comercial de experiencia en la cadena de suministro<\/p>\n<p><span style=\"font-weight: 400;\">El evento de formado, fabricaci\u00f3n, soldadura y acabado de metales m\u00e1s grande de Canad\u00e1. Vea demostraciones, compare productos y con\u00e9ctese con expertos. <\/span><\/p>\n<p>[\/et_pb_text][et_pb_button button_url=\u00bbhttps:\/\/canada.fabtechexpo.com\/\u00bb url_new_window=\u00bbon\u00bb button_text=\u00bbObtenga m\u00e1s informaci\u00f3n\u00bb button_alignment=\u00bbleft\u00bb _builder_version=\u00bb4.19.4&#8243; _module_preset=\u00bbdefault\u00bb global_colors_info=\u00bb{}\u00bb][\/et_pb_button][\/et_pb_column][et_pb_column type=\u00bb1_2&#8243; _builder_version=\u00bb4.16&#8243; _module_preset=\u00bbdefault\u00bb background_color=\u00bb#efefef\u00bb custom_padding=\u00bb25px|25px|25px|25px|false|false\u00bb border_color_left=\u00bb#101010&#8243; global_colors_info=\u00bb{}\u00bb][et_pb_image src=\u00bbhttps:\/\/www.gksweb.com\/wp-content\/uploads\/2023\/03\/IMTS-2024-1.png\u00bb title_text=\u00bbIMTS 2024-1&#8243; _builder_version=\u00bb4.20.0&#8243; _module_preset=\u00bbdefault\u00bb width=\u00bb70%\u00bb module_alignment=\u00bbleft\u00bb global_colors_info=\u00bb{}\u00bb][\/et_pb_image][et_pb_text _builder_version=\u00bb4.19.4&#8243; _module_preset=\u00bbdefault\u00bb global_colors_info=\u00bb{}\u00bb]<\/p>\n<h3>GKS en IMTS 2024<\/h3>\n<p><span style=\"font-weight: 400;\">9-14 de septiembre | Chicago, IL<\/span><\/p>\n<p><span style=\"font-weight: 400;\">La feria comercial de la industria m\u00e1s grande y de mayor duraci\u00f3n en el hemisferio occidental se lleva a cabo cada dos a\u00f1os en McCormick Place en Chicago, Illinois.<\/span><\/p>\n<p>[\/et_pb_text][et_pb_button button_url=\u00bbhttps:\/\/www.imts.com\/\u00bb url_new_window=\u00bbon\u00bb button_text=\u00bbObtenga m\u00e1s informaci\u00f3n\u00bb button_alignment=\u00bbleft\u00bb _builder_version=\u00bb4.19.5&#8243; _module_preset=\u00bbdefault\u00bb custom_margin=\u00bb58px||||false|false\u00bb custom_margin_tablet=\u00bb45px||||false|false\u00bb custom_margin_phone=\u00bb0px||||false|false\u00bb custom_margin_last_edited=\u00bbon|desktop\u00bb global_colors_info=\u00bb{}\u00bb][\/et_pb_button][\/et_pb_column][\/et_pb_row][\/et_pb_section]<\/p>\n","protected":false},"excerpt":{"rendered":"<p>GKS en ConExpo 2023 14-18 de marzo | Las Vegas, NV \u00a1La colecci\u00f3n m\u00e1s grande del mundo de equipos e ideas para la construcci\u00f3n! Vis\u00edtenos en el stand W43320GKS en Eastec 2023 \u00a1Vis\u00edtenos en el stand 324! | 16-18 de mayo | West Springfield, MA Este evento re\u00fane a los principales responsables de la toma [&hellip;]<\/p>\n","protected":false},"author":6,"featured_media":0,"parent":0,"menu_order":0,"comment_status":"closed","ping_status":"closed","template":"","meta":{"_acf_changed":false,"_et_pb_use_builder":"on","_et_pb_old_content":"","_et_gb_content_width":"","footnotes":""},"class_list":["post-10209","page","type-page","status-publish","hentry"],"acf":[],"yoast_head":"<!-- This site is optimized with the Yoast SEO plugin v25.4 - https:\/\/yoast.com\/wordpress\/plugins\/seo\/ -->\n<title>Ferias comerciales - GKS Lifting and Moving Solutions<\/title>\n<meta name=\"description\" content=\"\u00a1Venga a ver GKS Perfekt en acci\u00f3n en un evento o feria comercial! \u00a1Visite el l\u00edder de la industria en equipos de elevaci\u00f3n e instalaci\u00f3n industriales para obtener m\u00e1s informaci\u00f3n!\" \/>\n<meta name=\"robots\" content=\"index, follow, max-snippet:-1, max-image-preview:large, max-video-preview:-1\" \/>\n<link rel=\"canonical\" href=\"https:\/\/www.gksweb.com\/es\/ferias-comerciales\/\" \/>\n<meta property=\"og:locale\" content=\"es_ES\" \/>\n<meta property=\"og:type\" content=\"article\" \/>\n<meta property=\"og:title\" content=\"Ferias comerciales - GKS Lifting and Moving Solutions\" \/>\n<meta property=\"og:description\" content=\"\u00a1Venga a ver GKS Perfekt en acci\u00f3n en un evento o feria comercial! \u00a1Visite el l\u00edder de la industria en equipos de elevaci\u00f3n e instalaci\u00f3n industriales para obtener m\u00e1s informaci\u00f3n!\" \/>\n<meta property=\"og:url\" content=\"https:\/\/www.gksweb.com\/es\/ferias-comerciales\/\" \/>\n<meta property=\"og:site_name\" content=\"GKS Lifting and Moving Solutions\" \/>\n<meta property=\"article:modified_time\" content=\"2023-09-08T13:28:05+00:00\" \/>\n<meta property=\"og:image\" content=\"https:\/\/www.gksweb.com\/wp-content\/uploads\/2024\/04\/GKS-24-PaidSocial-1.91x1-2-v2.png\" \/>\n\t<meta property=\"og:image:width\" content=\"1200\" \/>\n\t<meta property=\"og:image:height\" content=\"675\" \/>\n\t<meta property=\"og:image:type\" content=\"image\/png\" \/>\n<meta name=\"twitter:card\" content=\"summary_large_image\" \/>\n<meta name=\"twitter:label1\" content=\"Tiempo de lectura\" \/>\n\t<meta name=\"twitter:data1\" content=\"3 minutos\" \/>\n<script type=\"application\/ld+json\" class=\"yoast-schema-graph\">{\"@context\":\"https:\/\/schema.org\",\"@graph\":[{\"@type\":\"WebPage\",\"@id\":\"https:\/\/www.gksweb.com\/es\/ferias-comerciales\/\",\"url\":\"https:\/\/www.gksweb.com\/es\/ferias-comerciales\/\",\"name\":\"Ferias comerciales - GKS Lifting and Moving Solutions\",\"isPartOf\":{\"@id\":\"https:\/\/www.gksweb.com\/es\/#website\"},\"datePublished\":\"2021-10-18T14:35:32+00:00\",\"dateModified\":\"2023-09-08T13:28:05+00:00\",\"description\":\"\u00a1Venga a ver GKS Perfekt en acci\u00f3n en un evento o feria comercial! \u00a1Visite el l\u00edder de la industria en equipos de elevaci\u00f3n e instalaci\u00f3n industriales para obtener m\u00e1s informaci\u00f3n!\",\"breadcrumb\":{\"@id\":\"https:\/\/www.gksweb.com\/es\/ferias-comerciales\/#breadcrumb\"},\"inLanguage\":\"es\",\"potentialAction\":[{\"@type\":\"ReadAction\",\"target\":[\"https:\/\/www.gksweb.com\/es\/ferias-comerciales\/\"]}]},{\"@type\":\"BreadcrumbList\",\"@id\":\"https:\/\/www.gksweb.com\/es\/ferias-comerciales\/#breadcrumb\",\"itemListElement\":[{\"@type\":\"ListItem\",\"position\":1,\"name\":\"Home\",\"item\":\"https:\/\/www.gksweb.com\/es\/\"},{\"@type\":\"ListItem\",\"position\":2,\"name\":\"Ferias comerciales\"}]},{\"@type\":\"WebSite\",\"@id\":\"https:\/\/www.gksweb.com\/es\/#website\",\"url\":\"https:\/\/www.gksweb.com\/es\/\",\"name\":\"GKS Lifting and Moving Solutions\",\"description\":\"\",\"potentialAction\":[{\"@type\":\"SearchAction\",\"target\":{\"@type\":\"EntryPoint\",\"urlTemplate\":\"https:\/\/www.gksweb.com\/es\/?s={search_term_string}\"},\"query-input\":{\"@type\":\"PropertyValueSpecification\",\"valueRequired\":true,\"valueName\":\"search_term_string\"}}],\"inLanguage\":\"es\"}]}<\/script>\n<!-- \/ Yoast SEO plugin. -->","yoast_head_json":{"title":"Ferias comerciales - GKS Lifting and Moving Solutions","description":"\u00a1Venga a ver GKS Perfekt en acci\u00f3n en un evento o feria comercial! \u00a1Visite el l\u00edder de la industria en equipos de elevaci\u00f3n e instalaci\u00f3n industriales para obtener m\u00e1s informaci\u00f3n!","robots":{"index":"index","follow":"follow","max-snippet":"max-snippet:-1","max-image-preview":"max-image-preview:large","max-video-preview":"max-video-preview:-1"},"canonical":"https:\/\/www.gksweb.com\/es\/ferias-comerciales\/","og_locale":"es_ES","og_type":"article","og_title":"Ferias comerciales - GKS Lifting and Moving Solutions","og_description":"\u00a1Venga a ver GKS Perfekt en acci\u00f3n en un evento o feria comercial! \u00a1Visite el l\u00edder de la industria en equipos de elevaci\u00f3n e instalaci\u00f3n industriales para obtener m\u00e1s informaci\u00f3n!","og_url":"https:\/\/www.gksweb.com\/es\/ferias-comerciales\/","og_site_name":"GKS Lifting and Moving Solutions","article_modified_time":"2023-09-08T13:28:05+00:00","og_image":[{"width":1200,"height":675,"url":"https:\/\/www.gksweb.com\/wp-content\/uploads\/2024\/04\/GKS-24-PaidSocial-1.91x1-2-v2.png","type":"image\/png"}],"twitter_card":"summary_large_image","twitter_misc":{"Tiempo de lectura":"3 minutos"},"schema":{"@context":"https:\/\/schema.org","@graph":[{"@type":"WebPage","@id":"https:\/\/www.gksweb.com\/es\/ferias-comerciales\/","url":"https:\/\/www.gksweb.com\/es\/ferias-comerciales\/","name":"Ferias comerciales - GKS Lifting and Moving Solutions","isPartOf":{"@id":"https:\/\/www.gksweb.com\/es\/#website"},"datePublished":"2021-10-18T14:35:32+00:00","dateModified":"2023-09-08T13:28:05+00:00","description":"\u00a1Venga a ver GKS Perfekt en acci\u00f3n en un evento o feria comercial! \u00a1Visite el l\u00edder de la industria en equipos de elevaci\u00f3n e instalaci\u00f3n industriales para obtener m\u00e1s informaci\u00f3n!","breadcrumb":{"@id":"https:\/\/www.gksweb.com\/es\/ferias-comerciales\/#breadcrumb"},"inLanguage":"es","potentialAction":[{"@type":"ReadAction","target":["https:\/\/www.gksweb.com\/es\/ferias-comerciales\/"]}]},{"@type":"BreadcrumbList","@id":"https:\/\/www.gksweb.com\/es\/ferias-comerciales\/#breadcrumb","itemListElement":[{"@type":"ListItem","position":1,"name":"Home","item":"https:\/\/www.gksweb.com\/es\/"},{"@type":"ListItem","position":2,"name":"Ferias comerciales"}]},{"@type":"WebSite","@id":"https:\/\/www.gksweb.com\/es\/#website","url":"https:\/\/www.gksweb.com\/es\/","name":"GKS Lifting and Moving Solutions","description":"","potentialAction":[{"@type":"SearchAction","target":{"@type":"EntryPoint","urlTemplate":"https:\/\/www.gksweb.com\/es\/?s={search_term_string}"},"query-input":{"@type":"PropertyValueSpecification","valueRequired":true,"valueName":"search_term_string"}}],"inLanguage":"es"}]}},"_links":{"self":[{"href":"https:\/\/www.gksweb.com\/es\/wp-json\/wp\/v2\/pages\/10209","targetHints":{"allow":["GET"]}}],"collection":[{"href":"https:\/\/www.gksweb.com\/es\/wp-json\/wp\/v2\/pages"}],"about":[{"href":"https:\/\/www.gksweb.com\/es\/wp-json\/wp\/v2\/types\/page"}],"author":[{"embeddable":true,"href":"https:\/\/www.gksweb.com\/es\/wp-json\/wp\/v2\/users\/6"}],"replies":[{"embeddable":true,"href":"https:\/\/www.gksweb.com\/es\/wp-json\/wp\/v2\/comments?post=10209"}],"version-history":[{"count":0,"href":"https:\/\/www.gksweb.com\/es\/wp-json\/wp\/v2\/pages\/10209\/revisions"}],"wp:attachment":[{"href":"https:\/\/www.gksweb.com\/es\/wp-json\/wp\/v2\/media?parent=10209"}],"curies":[{"name":"wp","href":"https:\/\/api.w.org\/{rel}","templated":true}]}}