{"id":10206,"date":"2021-01-12T16:21:50","date_gmt":"2021-01-12T21:21:50","guid":{"rendered":"https:\/\/www.gksweb.com\/noticias-y-eventos\/"},"modified":"2024-01-26T11:20:58","modified_gmt":"2024-01-26T16:20:58","slug":"noticias-y-eventos","status":"publish","type":"page","link":"https:\/\/www.gksweb.com\/es\/noticias-y-eventos\/","title":{"rendered":"Noticias y Eventos"},"content":{"rendered":"<p>[et_pb_section fb_built=\u00bb1&#8243; fullwidth=\u00bbon\u00bb _builder_version=\u00bb4.16&#8243; _module_preset=\u00bbdefault\u00bb global_colors_info=\u00bb{}\u00bb][et_pb_fullwidth_header title=\u00bbNoticias y Eventos\u00bb background_overlay_color=\u00bbrgba(0,0,0,0)\u00bb _builder_version=\u00bb4.16&#8243; _module_preset=\u00bbdefault\u00bb use_background_color_gradient=\u00bbon\u00bb background_color_gradient_direction=\u00bb90deg\u00bb background_color_gradient_stops=\u00bbrgba(16,16,16,0.8) 0%|rgba(16,16,16,0.6) 100%\u00bb background_color_gradient_overlays_image=\u00bbon\u00bb background_color_gradient_start=\u00bbrgba(16,16,16,0.8)\u00bb background_color_gradient_end=\u00bbrgba(16,16,16,0.6)\u00bb background_image=\u00bbhttps:\/\/www.gksweb.com\/wp-content\/uploads\/2020\/12\/about-hero.jpg\u00bb custom_padding=\u00bb6%||6%||true|false\u00bb global_colors_info=\u00bb{}\u00bb][\/et_pb_fullwidth_header][\/et_pb_section][et_pb_section fb_built=\u00bb1&#8243; _builder_version=\u00bb4.16&#8243; _module_preset=\u00bbdefault\u00bb global_colors_info=\u00bb{}\u00bb][et_pb_row _builder_version=\u00bb4.16&#8243; _module_preset=\u00bbdefault\u00bb global_colors_info=\u00bb{}\u00bb][et_pb_column type=\u00bb4_4&#8243; _builder_version=\u00bb4.16&#8243; _module_preset=\u00bbdefault\u00bb global_colors_info=\u00bb{}\u00bb][et_pb_blog fullwidth=\u00bboff\u00bb show_more=\u00bbon\u00bb show_author=\u00bboff\u00bb show_date=\u00bboff\u00bb show_categories=\u00bboff\u00bb _builder_version=\u00bb4.16&#8243; _module_preset=\u00bbdefault\u00bb header_level=\u00bbh3&#8243; header_font_size=\u00bb18px\u00bb text_orientation=\u00bbleft\u00bb global_colors_info=\u00bb{}\u00bb][\/et_pb_blog][\/et_pb_column][\/et_pb_row][\/et_pb_section]<\/p>\n","protected":false},"excerpt":{"rendered":"","protected":false},"author":6,"featured_media":0,"parent":0,"menu_order":0,"comment_status":"closed","ping_status":"closed","template":"","meta":{"_acf_changed":false,"_et_pb_use_builder":"on","_et_pb_old_content":"","_et_gb_content_width":"","footnotes":""},"class_list":["post-10206","page","type-page","status-publish","hentry"],"acf":[],"yoast_head":"<!-- This site is optimized with the Yoast SEO plugin v25.4 - https:\/\/yoast.com\/wordpress\/plugins\/seo\/ -->\n<title>Maquinaria de instalaci\u00f3n, Plataforma rodante de transporte<\/title>\n<meta name=\"description\" content=\"Lea sobre nuestras Noticias y eventos de GKS. Mant\u00e9ngase actualizado y obtenga m\u00e1s informaci\u00f3n sobre nuestras soluciones de elevaci\u00f3n y transporte. Moviendo cargas pesadas en espacios reducidos desde 1967.\" \/>\n<meta name=\"robots\" content=\"index, follow, max-snippet:-1, max-image-preview:large, max-video-preview:-1\" \/>\n<link rel=\"canonical\" href=\"https:\/\/www.gksweb.com\/es\/noticias-y-eventos\/\" \/>\n<meta property=\"og:locale\" content=\"es_ES\" \/>\n<meta property=\"og:type\" content=\"article\" \/>\n<meta property=\"og:title\" content=\"Maquinaria de instalaci\u00f3n, Plataforma rodante de transporte\" \/>\n<meta property=\"og:description\" content=\"Lea sobre nuestras Noticias y eventos de GKS. Mant\u00e9ngase actualizado y obtenga m\u00e1s informaci\u00f3n sobre nuestras soluciones de elevaci\u00f3n y transporte. Moviendo cargas pesadas en espacios reducidos desde 1967.\" \/>\n<meta property=\"og:url\" content=\"https:\/\/www.gksweb.com\/es\/noticias-y-eventos\/\" \/>\n<meta property=\"og:site_name\" content=\"GKS Lifting and Moving Solutions\" \/>\n<meta property=\"article:modified_time\" content=\"2024-01-26T16:20:58+00:00\" \/>\n<meta property=\"og:image\" content=\"https:\/\/www.gksweb.com\/wp-content\/uploads\/2024\/04\/GKS-24-PaidSocial-1.91x1-2-v2.png\" \/>\n\t<meta property=\"og:image:width\" content=\"1200\" \/>\n\t<meta property=\"og:image:height\" content=\"675\" \/>\n\t<meta property=\"og:image:type\" content=\"image\/png\" \/>\n<meta name=\"twitter:card\" content=\"summary_large_image\" \/>\n<meta name=\"twitter:label1\" content=\"Tiempo de lectura\" \/>\n\t<meta name=\"twitter:data1\" content=\"1 minuto\" \/>\n<script type=\"application\/ld+json\" class=\"yoast-schema-graph\">{\"@context\":\"https:\/\/schema.org\",\"@graph\":[{\"@type\":\"WebPage\",\"@id\":\"https:\/\/www.gksweb.com\/es\/noticias-y-eventos\/\",\"url\":\"https:\/\/www.gksweb.com\/es\/noticias-y-eventos\/\",\"name\":\"Maquinaria de instalaci\u00f3n, Plataforma rodante de transporte\",\"isPartOf\":{\"@id\":\"https:\/\/www.gksweb.com\/es\/#website\"},\"datePublished\":\"2021-01-12T21:21:50+00:00\",\"dateModified\":\"2024-01-26T16:20:58+00:00\",\"description\":\"Lea sobre nuestras Noticias y eventos de GKS. Mant\u00e9ngase actualizado y obtenga m\u00e1s informaci\u00f3n sobre nuestras soluciones de elevaci\u00f3n y transporte. Moviendo cargas pesadas en espacios reducidos desde 1967.\",\"breadcrumb\":{\"@id\":\"https:\/\/www.gksweb.com\/es\/noticias-y-eventos\/#breadcrumb\"},\"inLanguage\":\"es\",\"potentialAction\":[{\"@type\":\"ReadAction\",\"target\":[\"https:\/\/www.gksweb.com\/es\/noticias-y-eventos\/\"]}]},{\"@type\":\"BreadcrumbList\",\"@id\":\"https:\/\/www.gksweb.com\/es\/noticias-y-eventos\/#breadcrumb\",\"itemListElement\":[{\"@type\":\"ListItem\",\"position\":1,\"name\":\"Home\",\"item\":\"https:\/\/www.gksweb.com\/es\/\"},{\"@type\":\"ListItem\",\"position\":2,\"name\":\"Noticias y Eventos\"}]},{\"@type\":\"WebSite\",\"@id\":\"https:\/\/www.gksweb.com\/es\/#website\",\"url\":\"https:\/\/www.gksweb.com\/es\/\",\"name\":\"GKS Lifting and Moving Solutions\",\"description\":\"\",\"potentialAction\":[{\"@type\":\"SearchAction\",\"target\":{\"@type\":\"EntryPoint\",\"urlTemplate\":\"https:\/\/www.gksweb.com\/es\/?s={search_term_string}\"},\"query-input\":{\"@type\":\"PropertyValueSpecification\",\"valueRequired\":true,\"valueName\":\"search_term_string\"}}],\"inLanguage\":\"es\"}]}<\/script>\n<!-- \/ Yoast SEO plugin. -->","yoast_head_json":{"title":"Maquinaria de instalaci\u00f3n, Plataforma rodante de transporte","description":"Lea sobre nuestras Noticias y eventos de GKS. Mant\u00e9ngase actualizado y obtenga m\u00e1s informaci\u00f3n sobre nuestras soluciones de elevaci\u00f3n y transporte. Moviendo cargas pesadas en espacios reducidos desde 1967.","robots":{"index":"index","follow":"follow","max-snippet":"max-snippet:-1","max-image-preview":"max-image-preview:large","max-video-preview":"max-video-preview:-1"},"canonical":"https:\/\/www.gksweb.com\/es\/noticias-y-eventos\/","og_locale":"es_ES","og_type":"article","og_title":"Maquinaria de instalaci\u00f3n, Plataforma rodante de transporte","og_description":"Lea sobre nuestras Noticias y eventos de GKS. Mant\u00e9ngase actualizado y obtenga m\u00e1s informaci\u00f3n sobre nuestras soluciones de elevaci\u00f3n y transporte. Moviendo cargas pesadas en espacios reducidos desde 1967.","og_url":"https:\/\/www.gksweb.com\/es\/noticias-y-eventos\/","og_site_name":"GKS Lifting and Moving Solutions","article_modified_time":"2024-01-26T16:20:58+00:00","og_image":[{"width":1200,"height":675,"url":"https:\/\/www.gksweb.com\/wp-content\/uploads\/2024\/04\/GKS-24-PaidSocial-1.91x1-2-v2.png","type":"image\/png"}],"twitter_card":"summary_large_image","twitter_misc":{"Tiempo de lectura":"1 minuto"},"schema":{"@context":"https:\/\/schema.org","@graph":[{"@type":"WebPage","@id":"https:\/\/www.gksweb.com\/es\/noticias-y-eventos\/","url":"https:\/\/www.gksweb.com\/es\/noticias-y-eventos\/","name":"Maquinaria de instalaci\u00f3n, Plataforma rodante de transporte","isPartOf":{"@id":"https:\/\/www.gksweb.com\/es\/#website"},"datePublished":"2021-01-12T21:21:50+00:00","dateModified":"2024-01-26T16:20:58+00:00","description":"Lea sobre nuestras Noticias y eventos de GKS. Mant\u00e9ngase actualizado y obtenga m\u00e1s informaci\u00f3n sobre nuestras soluciones de elevaci\u00f3n y transporte. Moviendo cargas pesadas en espacios reducidos desde 1967.","breadcrumb":{"@id":"https:\/\/www.gksweb.com\/es\/noticias-y-eventos\/#breadcrumb"},"inLanguage":"es","potentialAction":[{"@type":"ReadAction","target":["https:\/\/www.gksweb.com\/es\/noticias-y-eventos\/"]}]},{"@type":"BreadcrumbList","@id":"https:\/\/www.gksweb.com\/es\/noticias-y-eventos\/#breadcrumb","itemListElement":[{"@type":"ListItem","position":1,"name":"Home","item":"https:\/\/www.gksweb.com\/es\/"},{"@type":"ListItem","position":2,"name":"Noticias y Eventos"}]},{"@type":"WebSite","@id":"https:\/\/www.gksweb.com\/es\/#website","url":"https:\/\/www.gksweb.com\/es\/","name":"GKS Lifting and Moving Solutions","description":"","potentialAction":[{"@type":"SearchAction","target":{"@type":"EntryPoint","urlTemplate":"https:\/\/www.gksweb.com\/es\/?s={search_term_string}"},"query-input":{"@type":"PropertyValueSpecification","valueRequired":true,"valueName":"search_term_string"}}],"inLanguage":"es"}]}},"_links":{"self":[{"href":"https:\/\/www.gksweb.com\/es\/wp-json\/wp\/v2\/pages\/10206","targetHints":{"allow":["GET"]}}],"collection":[{"href":"https:\/\/www.gksweb.com\/es\/wp-json\/wp\/v2\/pages"}],"about":[{"href":"https:\/\/www.gksweb.com\/es\/wp-json\/wp\/v2\/types\/page"}],"author":[{"embeddable":true,"href":"https:\/\/www.gksweb.com\/es\/wp-json\/wp\/v2\/users\/6"}],"replies":[{"embeddable":true,"href":"https:\/\/www.gksweb.com\/es\/wp-json\/wp\/v2\/comments?post=10206"}],"version-history":[{"count":0,"href":"https:\/\/www.gksweb.com\/es\/wp-json\/wp\/v2\/pages\/10206\/revisions"}],"wp:attachment":[{"href":"https:\/\/www.gksweb.com\/es\/wp-json\/wp\/v2\/media?parent=10206"}],"curies":[{"name":"wp","href":"https:\/\/api.w.org\/{rel}","templated":true}]}}