{"id":10152,"date":"2020-11-19T18:43:31","date_gmt":"2020-11-19T23:43:31","guid":{"rendered":"https:\/\/www.gksweb.com\/apoyo\/manuales-de-equipos\/"},"modified":"2023-07-07T09:48:15","modified_gmt":"2023-07-07T13:48:15","slug":"manuales-de-equipos","status":"publish","type":"page","link":"https:\/\/www.gksweb.com\/es\/apoyo\/manuales-de-equipos\/","title":{"rendered":"Manuales de equipos"},"content":{"rendered":"<p>[et_pb_section fb_built=\u00bb1&#8243; fullwidth=\u00bbon\u00bb _builder_version=\u00bb4.7.5&#8243; _module_preset=\u00bbdefault\u00bb][et_pb_fullwidth_header title=\u00bbManuales de equipos y gu\u00edas de productos\u00bb background_overlay_color=\u00bbrgba(0,0,0,0)\u00bb _builder_version=\u00bb4.7.5&#8243; _module_preset=\u00bbdefault\u00bb use_background_color_gradient=\u00bbon\u00bb background_color_gradient_start=\u00bbrgba(16,16,16,0.8)\u00bb background_color_gradient_end=\u00bbrgba(16,16,16,0.6)\u00bb background_color_gradient_direction=\u00bb90deg\u00bb background_color_gradient_overlays_image=\u00bbon\u00bb background_image=\u00bbhttps:\/\/www.gksweb.com\/wp-content\/uploads\/2020\/12\/about-hero.jpg\u00bb custom_padding=\u00bb6%||6%||true|false\u00bb hover_enabled=\u00bb0&#8243; sticky_enabled=\u00bb0&#8243;][\/et_pb_fullwidth_header][\/et_pb_section][et_pb_section fb_built=\u00bb1&#8243; _builder_version=\u00bb4.7.5&#8243; _module_preset=\u00bbdefault\u00bb][et_pb_row _builder_version=\u00bb4.7.5&#8243; _module_preset=\u00bbdefault\u00bb][et_pb_column type=\u00bb4_4&#8243; _builder_version=\u00bb4.7.5&#8243; _module_preset=\u00bbdefault\u00bb][et_pb_text _builder_version=\u00bb4.7.5&#8243; _module_preset=\u00bbdefault\u00bb hover_enabled=\u00bb0&#8243; sticky_enabled=\u00bb0&#8243;]<\/p>\n<h2>Recursos t\u00e9cnicos para sacar el m\u00e1ximo partido a sus soluciones de transporte<\/h2>\n<p>GKS Perfekt se compromete a construir equipos profesionales de elevaci\u00f3n y transporte que brinden soluciones para los desaf\u00edos de transporte de nuestros clientes. Los manuales de nuestros equipos y gu\u00edas de productos est\u00e1n dise\u00f1ados para ayudarlo a aprovechar al m\u00e1ximo su equipo al explicar las instrucciones de uso, los procedimientos de mantenimiento y las opciones de combinaci\u00f3n para lograr las m\u00e1ximas capacidades.<\/p>\n<h4>INSTRUCCIONES DE FUNCIONAMIENTO Y MANTENIMIENTO<\/h4>\n<p>Mientras que las plataformas rodantes y aparatos elevadores GKS-Perfekt est\u00e1n dise\u00f1ados para requerir poco mantenimiento, los procedimientos de montaje, uso y seguridad adecuados extender\u00e1n la vida \u00fatil del equipo y lo mantendr\u00e1n funcionando con la m\u00e1xima eficiencia.<\/p>\n<p>A continuaci\u00f3n, se encuentran los manuales de funcionamiento y mantenimiento que detallan los consejos de seguridad, las especificaciones del modelo, pasos de trabajo, los procesos de reemplazo y las instrucciones especiales de servicio e inspecci\u00f3n para las plataformas rodantes tipo F, L, RL y TL y el aparato elevador modelo V.<\/p>\n<p><a href=\"https:\/\/www.gksweb.com\/wp-content\/uploads\/2020\/12\/GKS.Dolly_.Operating.Manual-2.pdf\" target=\"_blank\" rel=\"noopener noreferrer\">Instrucciones de funcionamiento y mantenimiento de las plataformas rodantes F, L, RL y TL<\/a><br \/><a href=\"https:\/\/www.gksweb.com\/wp-content\/uploads\/2020\/12\/GKS.V-Series.Jack_.Operating.Manual-1-5.pdf\" target=\"_blank\" rel=\"noopener noreferrer\">Instrucciones de funcionamiento y mantenimiento del aparato elevador modelo V<\/a><\/p>\n<h4>REPUESTOS Y AGREGADOS PARA EQUIPOS<\/h4>\n<p>Las plataformas rodantes de transporte de GKS Perfekt ofrecen un giro de hasta 360\u00a0grados para capacidades de carga que var\u00edan de 1 a 6 toneladas m\u00e9tricas, los complementos y las piezas de repuesto pueden personalizar su equipo y adaptarlo a sus necesidades cambiantes. Los accesorios, como las barras de conexi\u00f3n y los reemplazos ocasionales de almohadillas de goma, ayudar\u00e1n a que sus plataformas rodantes de transporte y aparatos elevadores sigan funcionando sin esfuerzo con el correr de los a\u00f1os.<\/p>\n<p>Durante m\u00e1s de 50 a\u00f1os hemos sido sin\u00f3nimo de calidad y eficiencia. Si tiene alguna pregunta o inquietud acerca de sus productos, <a href=\"https:\/\/www.gksweb.com\/es\/contactenos\/\">comun\u00edquese con nosotros<\/a> en l\u00ednea o llame al 937-324-8867. Los miembros de nuestro equipo de expertos pueden ayudarlo a que su equipo funcione con un rendimiento \u00f3ptimo para levantar y transportar de manera fluida y efectiva.<\/p>\n<p>[\/et_pb_text][\/et_pb_column][\/et_pb_row][\/et_pb_section]<\/p>\n","protected":false},"excerpt":{"rendered":"<p>Recursos t\u00e9cnicos para sacar el m\u00e1ximo partido a sus soluciones de transporte GKS Perfekt se compromete a construir equipos profesionales de elevaci\u00f3n y transporte que brinden soluciones para los desaf\u00edos de transporte de nuestros clientes. Los manuales de nuestros equipos y gu\u00edas de productos est\u00e1n dise\u00f1ados para ayudarlo a aprovechar al m\u00e1ximo su equipo al [&hellip;]<\/p>\n","protected":false},"author":6,"featured_media":0,"parent":10129,"menu_order":0,"comment_status":"closed","ping_status":"closed","template":"","meta":{"_acf_changed":false,"_et_pb_use_builder":"on","_et_pb_old_content":"","_et_gb_content_width":"","footnotes":""},"class_list":["post-10152","page","type-page","status-publish","hentry"],"acf":[],"yoast_head":"<!-- This site is optimized with the Yoast SEO plugin v25.4 - https:\/\/yoast.com\/wordpress\/plugins\/seo\/ -->\n<title>Manuales de equipos - Soluciones de Elevaci\u00f3n y Transporte GKS Perfekt<\/title>\n<meta name=\"description\" content=\"Lea los manuales de nuestros equipos y obtenga m\u00e1s informaci\u00f3n sobre las soluciones de elevaci\u00f3n y transporte de carga pesada de GKS. Desde gatos hidr\u00e1ulicos de u\u00f1a hasta bombas el\u00e9ctricas, plataformas rodantes y m\u00e1s.\" \/>\n<meta name=\"robots\" content=\"index, follow, max-snippet:-1, max-image-preview:large, max-video-preview:-1\" \/>\n<link rel=\"canonical\" href=\"https:\/\/www.gksweb.com\/es\/apoyo\/manuales-de-equipos\/\" \/>\n<meta property=\"og:locale\" content=\"es_ES\" \/>\n<meta property=\"og:type\" content=\"article\" \/>\n<meta property=\"og:title\" content=\"Manuales de equipos - Soluciones de Elevaci\u00f3n y Transporte GKS Perfekt\" \/>\n<meta property=\"og:description\" content=\"Lea los manuales de nuestros equipos y obtenga m\u00e1s informaci\u00f3n sobre las soluciones de elevaci\u00f3n y transporte de carga pesada de GKS. Desde gatos hidr\u00e1ulicos de u\u00f1a hasta bombas el\u00e9ctricas, plataformas rodantes y m\u00e1s.\" \/>\n<meta property=\"og:url\" content=\"https:\/\/www.gksweb.com\/es\/apoyo\/manuales-de-equipos\/\" \/>\n<meta property=\"og:site_name\" content=\"GKS Lifting and Moving Solutions\" \/>\n<meta property=\"article:modified_time\" content=\"2023-07-07T13:48:15+00:00\" \/>\n<meta property=\"og:image\" content=\"https:\/\/www.gksweb.com\/wp-content\/uploads\/2024\/04\/GKS-24-PaidSocial-1.91x1-2-v2.png\" \/>\n\t<meta property=\"og:image:width\" content=\"1200\" \/>\n\t<meta property=\"og:image:height\" content=\"675\" \/>\n\t<meta property=\"og:image:type\" content=\"image\/png\" \/>\n<meta name=\"twitter:card\" content=\"summary_large_image\" \/>\n<meta name=\"twitter:label1\" content=\"Tiempo de lectura\" \/>\n\t<meta name=\"twitter:data1\" content=\"2 minutos\" \/>\n<script type=\"application\/ld+json\" class=\"yoast-schema-graph\">{\"@context\":\"https:\/\/schema.org\",\"@graph\":[{\"@type\":\"WebPage\",\"@id\":\"https:\/\/www.gksweb.com\/es\/apoyo\/manuales-de-equipos\/\",\"url\":\"https:\/\/www.gksweb.com\/es\/apoyo\/manuales-de-equipos\/\",\"name\":\"Manuales de equipos - Soluciones de Elevaci\u00f3n y Transporte GKS Perfekt\",\"isPartOf\":{\"@id\":\"https:\/\/www.gksweb.com\/es\/#website\"},\"datePublished\":\"2020-11-19T23:43:31+00:00\",\"dateModified\":\"2023-07-07T13:48:15+00:00\",\"description\":\"Lea los manuales de nuestros equipos y obtenga m\u00e1s informaci\u00f3n sobre las soluciones de elevaci\u00f3n y transporte de carga pesada de GKS. Desde gatos hidr\u00e1ulicos de u\u00f1a hasta bombas el\u00e9ctricas, plataformas rodantes y m\u00e1s.\",\"breadcrumb\":{\"@id\":\"https:\/\/www.gksweb.com\/es\/apoyo\/manuales-de-equipos\/#breadcrumb\"},\"inLanguage\":\"es\",\"potentialAction\":[{\"@type\":\"ReadAction\",\"target\":[\"https:\/\/www.gksweb.com\/es\/apoyo\/manuales-de-equipos\/\"]}]},{\"@type\":\"BreadcrumbList\",\"@id\":\"https:\/\/www.gksweb.com\/es\/apoyo\/manuales-de-equipos\/#breadcrumb\",\"itemListElement\":[{\"@type\":\"ListItem\",\"position\":1,\"name\":\"Home\",\"item\":\"https:\/\/www.gksweb.com\/es\/\"},{\"@type\":\"ListItem\",\"position\":2,\"name\":\"Apoyo\",\"item\":\"https:\/\/www.gksweb.com\/es\/apoyo\/\"},{\"@type\":\"ListItem\",\"position\":3,\"name\":\"Manuales de equipos\"}]},{\"@type\":\"WebSite\",\"@id\":\"https:\/\/www.gksweb.com\/es\/#website\",\"url\":\"https:\/\/www.gksweb.com\/es\/\",\"name\":\"GKS Lifting and Moving Solutions\",\"description\":\"\",\"potentialAction\":[{\"@type\":\"SearchAction\",\"target\":{\"@type\":\"EntryPoint\",\"urlTemplate\":\"https:\/\/www.gksweb.com\/es\/?s={search_term_string}\"},\"query-input\":{\"@type\":\"PropertyValueSpecification\",\"valueRequired\":true,\"valueName\":\"search_term_string\"}}],\"inLanguage\":\"es\"}]}<\/script>\n<!-- \/ Yoast SEO plugin. -->","yoast_head_json":{"title":"Manuales de equipos - Soluciones de Elevaci\u00f3n y Transporte GKS Perfekt","description":"Lea los manuales de nuestros equipos y obtenga m\u00e1s informaci\u00f3n sobre las soluciones de elevaci\u00f3n y transporte de carga pesada de GKS. Desde gatos hidr\u00e1ulicos de u\u00f1a hasta bombas el\u00e9ctricas, plataformas rodantes y m\u00e1s.","robots":{"index":"index","follow":"follow","max-snippet":"max-snippet:-1","max-image-preview":"max-image-preview:large","max-video-preview":"max-video-preview:-1"},"canonical":"https:\/\/www.gksweb.com\/es\/apoyo\/manuales-de-equipos\/","og_locale":"es_ES","og_type":"article","og_title":"Manuales de equipos - Soluciones de Elevaci\u00f3n y Transporte GKS Perfekt","og_description":"Lea los manuales de nuestros equipos y obtenga m\u00e1s informaci\u00f3n sobre las soluciones de elevaci\u00f3n y transporte de carga pesada de GKS. Desde gatos hidr\u00e1ulicos de u\u00f1a hasta bombas el\u00e9ctricas, plataformas rodantes y m\u00e1s.","og_url":"https:\/\/www.gksweb.com\/es\/apoyo\/manuales-de-equipos\/","og_site_name":"GKS Lifting and Moving Solutions","article_modified_time":"2023-07-07T13:48:15+00:00","og_image":[{"width":1200,"height":675,"url":"https:\/\/www.gksweb.com\/wp-content\/uploads\/2024\/04\/GKS-24-PaidSocial-1.91x1-2-v2.png","type":"image\/png"}],"twitter_card":"summary_large_image","twitter_misc":{"Tiempo de lectura":"2 minutos"},"schema":{"@context":"https:\/\/schema.org","@graph":[{"@type":"WebPage","@id":"https:\/\/www.gksweb.com\/es\/apoyo\/manuales-de-equipos\/","url":"https:\/\/www.gksweb.com\/es\/apoyo\/manuales-de-equipos\/","name":"Manuales de equipos - Soluciones de Elevaci\u00f3n y Transporte GKS Perfekt","isPartOf":{"@id":"https:\/\/www.gksweb.com\/es\/#website"},"datePublished":"2020-11-19T23:43:31+00:00","dateModified":"2023-07-07T13:48:15+00:00","description":"Lea los manuales de nuestros equipos y obtenga m\u00e1s informaci\u00f3n sobre las soluciones de elevaci\u00f3n y transporte de carga pesada de GKS. Desde gatos hidr\u00e1ulicos de u\u00f1a hasta bombas el\u00e9ctricas, plataformas rodantes y m\u00e1s.","breadcrumb":{"@id":"https:\/\/www.gksweb.com\/es\/apoyo\/manuales-de-equipos\/#breadcrumb"},"inLanguage":"es","potentialAction":[{"@type":"ReadAction","target":["https:\/\/www.gksweb.com\/es\/apoyo\/manuales-de-equipos\/"]}]},{"@type":"BreadcrumbList","@id":"https:\/\/www.gksweb.com\/es\/apoyo\/manuales-de-equipos\/#breadcrumb","itemListElement":[{"@type":"ListItem","position":1,"name":"Home","item":"https:\/\/www.gksweb.com\/es\/"},{"@type":"ListItem","position":2,"name":"Apoyo","item":"https:\/\/www.gksweb.com\/es\/apoyo\/"},{"@type":"ListItem","position":3,"name":"Manuales de equipos"}]},{"@type":"WebSite","@id":"https:\/\/www.gksweb.com\/es\/#website","url":"https:\/\/www.gksweb.com\/es\/","name":"GKS Lifting and Moving Solutions","description":"","potentialAction":[{"@type":"SearchAction","target":{"@type":"EntryPoint","urlTemplate":"https:\/\/www.gksweb.com\/es\/?s={search_term_string}"},"query-input":{"@type":"PropertyValueSpecification","valueRequired":true,"valueName":"search_term_string"}}],"inLanguage":"es"}]}},"_links":{"self":[{"href":"https:\/\/www.gksweb.com\/es\/wp-json\/wp\/v2\/pages\/10152","targetHints":{"allow":["GET"]}}],"collection":[{"href":"https:\/\/www.gksweb.com\/es\/wp-json\/wp\/v2\/pages"}],"about":[{"href":"https:\/\/www.gksweb.com\/es\/wp-json\/wp\/v2\/types\/page"}],"author":[{"embeddable":true,"href":"https:\/\/www.gksweb.com\/es\/wp-json\/wp\/v2\/users\/6"}],"replies":[{"embeddable":true,"href":"https:\/\/www.gksweb.com\/es\/wp-json\/wp\/v2\/comments?post=10152"}],"version-history":[{"count":0,"href":"https:\/\/www.gksweb.com\/es\/wp-json\/wp\/v2\/pages\/10152\/revisions"}],"up":[{"embeddable":true,"href":"https:\/\/www.gksweb.com\/es\/wp-json\/wp\/v2\/pages\/10129"}],"wp:attachment":[{"href":"https:\/\/www.gksweb.com\/es\/wp-json\/wp\/v2\/media?parent=10152"}],"curies":[{"name":"wp","href":"https:\/\/api.w.org\/{rel}","templated":true}]}}